{"id":5724,"date":"2016-02-26T13:42:41","date_gmt":"2021-09-03T07:18:23","guid":{"rendered":"https:\/\/nature4me.eu\/?post_type=product&#038;p=5724"},"modified":"2022-03-10T10:21:12","modified_gmt":"2022-03-10T08:21:12","slug":"presteps-daily","status":"publish","type":"product","link":"https:\/\/nature4me.eu\/de\/produkt\/presteps-daily\/","title":{"rendered":"PreSteps Daily (60 ml)"},"content":{"rendered":"<div id=\"product-long-decs\">\n<p>PreSteps Daily ist f\u00fcr S\u00e4uglinge und Kleinkinder entwickelter Multivitaminkomplex, mit leichter Dosierung, einem guten Geschmack, in einer f\u00fcr den Organismus verwertbarer Form von Fl\u00fcssigkeit.<\/p>\n<h4>Wem und wozu empfehlen wir es:<\/h4>\n<ul>\n<li>F\u00fcr S\u00e4uglinge und Kleinkinder f\u00fcr t\u00e4glichen Konsum zum gesunden Wachstum, zur gesunden geistigen und k\u00f6rperlichen Entwicklung, zur Sicherung der notwendigen Vitamine.<\/li>\n<\/ul>\n<\/div>\n<p>KoagKag approval number: 4340-0119-0368<br \/>\n<!-- Product Specification --><\/p>\n<div id=\"wmark\">\n<div class=\"wmark-bckg\">nature4me.eu<\/div>\n<\/div>\n<table class=\"product_details_body\" border=\"0\" width=\"500\" cellspacing=\"0\" align=\"center\" bgcolor=\"#7CDB8B\">\n<tbody>\n<tr bgcolor=>\n<td height=\"20\"><u>Wirkstoffe\/1 ml:<\/u><\/td>\n<td width=\"100\"><span class=\"pvdecla\">(View Declaration)<\/span><\/td>\n<td width=\"70\"><span class=\"pd-rda\">*RDA:<\/span><\/td>\n<\/tr>\n<tr>\n<td>Vitamin C<\/td>\n<td>35 mg<\/td>\n<td>58%<\/td>\n<\/tr>\n<tr>\n<td>Niacin<\/td>\n<td>8 mg<\/td>\n<td>40%<\/td>\n<\/tr>\n<tr>\n<td>Vitamin E<\/td>\n<td>4 I.U.<\/td>\n<td>13%<\/td>\n<\/tr>\n<tr>\n<td>Pantothens\u00e4ure<\/td>\n<td>3 mg<\/td>\n<td>30%<\/td>\n<\/tr>\n<tr>\n<td>Vitamin B2<\/td>\n<td>0.6 mg<\/td>\n<td>35%<\/td>\n<\/tr>\n<tr>\n<td>Vitamin B1<\/td>\n<td>0.5 mg<\/td>\n<td>33%<\/td>\n<\/tr>\n<tr>\n<td>Vitamin A<\/td>\n<td>1332I.U.<\/td>\n<td>27%<\/td>\n<\/tr>\n<tr>\n<td>Vitamin B6<\/td>\n<td>0.4 mg<\/td>\n<td>20%<\/td>\n<\/tr>\n<tr>\n<td>Vitamin B12<\/td>\n<td>0.5 mcg<\/td>\n<td>8%<\/td>\n<\/tr>\n<tr>\n<td colspan=\"3\" height=\"10\"><\/td>\n<\/tr>\n<tr bgcolor=>\n<td colspan=\"3\" height=\"20\"><u>Dosierung *RDA:<\/u><\/td>\n<\/tr>\n<tr>\n<td colspan=\"3\" align=\"center\" height=\"15\">1 ml t\u00e4glich w\u00e4hrend Mahlzeit.<\/td>\n<\/tr>\n<tr bgcolor=>\n<td colspan=\"3\" height=\"20\"><u>Inaktive Inhaltsstoffe, Warnungen und Produktdeklarationen:<\/u><\/td>\n<\/tr>\n<tr>\n<td colspan=\"3\" height=\"10\">Andere Zutaten:<\/td>\n<\/tr>\n<tr>\n<td colspan=\"3\" height=\"10\"><\/td>\n<\/tr>\n<\/tbody>\n<\/table>\n<p><!-- End Product Specification --><\/p>\n<p><!-- Product Declaration --><\/p>\n<div id=\"product-declaration-title\">Nahrungserg\u00e4nzungsmittel<\/div>\n<div class=\"prod-declaration\">\n<div class=\"declar-txt\">\n<p>(* RDA = Tageswert) Die empfohlenen Tagesmengen sollten nicht \u00fcberschritten werden. Das Nahrungserg\u00e4nzungsmittel ist kein Ersatz f\u00fcr eine ausgewogene und abwechslungsreiche Ern\u00e4hrung. Au\u00dferhalb der Reichweite von Kindern aufbewahren.<\/p>\n<\/div>\n<div class=\"declar-img\"><a href=\"https:\/\/nature4me.eu\/wp-content\/themes\/n4mtheme\/images\/declaration\/FL0087_InfantFormula_EN.pdf\" target=\"_blank\" rel=\"noopener\">View Declaration ENG<\/a><\/div>\n<\/div>\n<p><!-- End Product Declaration --><\/p>\n","protected":false},"excerpt":{"rendered":"<p><!-- Short Details --><\/p>\n<div class=\"short-product-desc\">\n<h4 class=\"short-product-desc\">Fl\u00fcssige Vitamine f\u00fcr Kleinkinder<\/h4>\n<\/div>\n","protected":false},"featured_media":7314,"comment_status":"closed","ping_status":"closed","template":"","meta":{"inline_featured_image":false,"_monsterinsights_skip_tracking":false,"_monsterinsights_sitenote_active":false,"_monsterinsights_sitenote_note":"","_monsterinsights_sitenote_category":0},"product_brand":[],"product_cat":[164,160],"product_tag":[],"class_list":{"0":"post-5724","1":"product","2":"type-product","3":"status-publish","4":"has-post-thumbnail","6":"product_cat-immunsystem-staerken-de","7":"product_cat-multivitamine-de","9":"first","10":"outofstock","11":"taxable","12":"shipping-taxable","13":"purchasable","14":"product-type-simple"},"yoast_head":"<!-- This site is optimized with the Yoast SEO Premium plugin v21.9 (Yoast SEO v26.6) - https:\/\/yoast.com\/wordpress\/plugins\/seo\/ -->\n<title>Fl\u00fcssige Vitamine f\u00fcr Kleinkinder Pre Steps Daily<\/title>\n<meta name=\"description\" content=\"Fl\u00fcssige Vitamine f\u00fcr Kleinkinder Pre Steps Daily CaliVita mit leichter Dosierung, einem guten Geschmack in Online Shop kaufen.\" \/>\n<meta name=\"robots\" content=\"index, follow, max-snippet:-1, max-image-preview:large, max-video-preview:-1\" \/>\n<link rel=\"canonical\" href=\"https:\/\/nature4me.eu\/de\/produkt\/presteps-daily\/\" \/>\n<meta property=\"og:locale\" content=\"de_DE\" \/>\n<meta property=\"og:type\" content=\"article\" \/>\n<meta property=\"og:title\" content=\"PreSteps Daily (60 ml)\" \/>\n<meta property=\"og:description\" content=\"Fl\u00fcssige Vitamine f\u00fcr Kleinkinder Pre Steps Daily CaliVita mit leichter Dosierung, einem guten Geschmack in Online Shop kaufen.\" \/>\n<meta property=\"og:url\" content=\"https:\/\/nature4me.eu\/de\/produkt\/presteps-daily\/\" \/>\n<meta property=\"og:site_name\" content=\"CaliVita Nature4me\" \/>\n<meta property=\"article:publisher\" content=\"https:\/\/www.facebook.com\/zdravjeiznarave.eu\" \/>\n<meta property=\"article:modified_time\" content=\"2022-03-10T08:21:12+00:00\" \/>\n<meta property=\"og:image\" content=\"https:\/\/nature4me.eu\/wp-content\/uploads\/2016\/02\/PreSteps-Daily-1.jpg\" \/>\n\t<meta property=\"og:image:width\" content=\"200\" \/>\n\t<meta property=\"og:image:height\" content=\"640\" \/>\n\t<meta property=\"og:image:type\" content=\"image\/jpeg\" \/>\n<meta name=\"twitter:card\" content=\"summary_large_image\" \/>\n<meta name=\"twitter:label1\" content=\"Gesch\u00e4tzte Lesezeit\" \/>\n\t<meta name=\"twitter:data1\" content=\"1\u00a0Minute\" \/>\n<script type=\"application\/ld+json\" class=\"yoast-schema-graph\">{\"@context\":\"https:\/\/schema.org\",\"@graph\":[{\"@type\":\"WebPage\",\"@id\":\"https:\/\/nature4me.eu\/de\/produkt\/presteps-daily\/\",\"url\":\"https:\/\/nature4me.eu\/de\/produkt\/presteps-daily\/\",\"name\":\"Fl\u00fcssige Vitamine f\u00fcr Kleinkinder Pre Steps Daily\",\"isPartOf\":{\"@id\":\"https:\/\/nature4me.eu\/de\/#website\"},\"primaryImageOfPage\":{\"@id\":\"https:\/\/nature4me.eu\/de\/produkt\/presteps-daily\/#primaryimage\"},\"image\":{\"@id\":\"https:\/\/nature4me.eu\/de\/produkt\/presteps-daily\/#primaryimage\"},\"thumbnailUrl\":\"https:\/\/nature4me.eu\/wp-content\/uploads\/2016\/02\/PreSteps-Daily-1.png\",\"datePublished\":\"2021-09-03T07:18:23+00:00\",\"dateModified\":\"2022-03-10T08:21:12+00:00\",\"description\":\"Fl\u00fcssige Vitamine f\u00fcr Kleinkinder Pre Steps Daily CaliVita mit leichter Dosierung, einem guten Geschmack in Online Shop kaufen.\",\"breadcrumb\":{\"@id\":\"https:\/\/nature4me.eu\/de\/produkt\/presteps-daily\/#breadcrumb\"},\"inLanguage\":\"de\",\"potentialAction\":[{\"@type\":\"ReadAction\",\"target\":[\"https:\/\/nature4me.eu\/de\/produkt\/presteps-daily\/\"]}]},{\"@type\":\"ImageObject\",\"inLanguage\":\"de\",\"@id\":\"https:\/\/nature4me.eu\/de\/produkt\/presteps-daily\/#primaryimage\",\"url\":\"https:\/\/nature4me.eu\/wp-content\/uploads\/2016\/02\/PreSteps-Daily-1.png\",\"contentUrl\":\"https:\/\/nature4me.eu\/wp-content\/uploads\/2016\/02\/PreSteps-Daily-1.png\",\"width\":200,\"height\":588,\"caption\":\"Vitamini za dojen\u010dke\"},{\"@type\":\"BreadcrumbList\",\"@id\":\"https:\/\/nature4me.eu\/de\/produkt\/presteps-daily\/#breadcrumb\",\"itemListElement\":[{\"@type\":\"ListItem\",\"position\":1,\"name\":\"Po\u010detna stranica\",\"item\":\"https:\/\/nature4me.eu\/de\/\"},{\"@type\":\"ListItem\",\"position\":2,\"name\":\"Webshop\",\"item\":\"https:\/\/nature4me.eu\/de\/shop\/\"},{\"@type\":\"ListItem\",\"position\":3,\"name\":\"PreSteps Daily (60 ml)\"}]},{\"@type\":\"WebSite\",\"@id\":\"https:\/\/nature4me.eu\/de\/#website\",\"url\":\"https:\/\/nature4me.eu\/de\/\",\"name\":\"CaliVita Nature4me\",\"description\":\"CaliVita Nature4me\",\"potentialAction\":[{\"@type\":\"SearchAction\",\"target\":{\"@type\":\"EntryPoint\",\"urlTemplate\":\"https:\/\/nature4me.eu\/de\/?s={search_term_string}\"},\"query-input\":{\"@type\":\"PropertyValueSpecification\",\"valueRequired\":true,\"valueName\":\"search_term_string\"}}],\"inLanguage\":\"de\"}]}<\/script>\n<!-- \/ Yoast SEO Premium plugin. -->","yoast_head_json":{"title":"Fl\u00fcssige Vitamine f\u00fcr Kleinkinder Pre Steps Daily","description":"Fl\u00fcssige Vitamine f\u00fcr Kleinkinder Pre Steps Daily CaliVita mit leichter Dosierung, einem guten Geschmack in Online Shop kaufen.","robots":{"index":"index","follow":"follow","max-snippet":"max-snippet:-1","max-image-preview":"max-image-preview:large","max-video-preview":"max-video-preview:-1"},"canonical":"https:\/\/nature4me.eu\/de\/produkt\/presteps-daily\/","og_locale":"de_DE","og_type":"article","og_title":"PreSteps Daily (60 ml)","og_description":"Fl\u00fcssige Vitamine f\u00fcr Kleinkinder Pre Steps Daily CaliVita mit leichter Dosierung, einem guten Geschmack in Online Shop kaufen.","og_url":"https:\/\/nature4me.eu\/de\/produkt\/presteps-daily\/","og_site_name":"CaliVita Nature4me","article_publisher":"https:\/\/www.facebook.com\/zdravjeiznarave.eu","article_modified_time":"2022-03-10T08:21:12+00:00","og_image":[{"width":200,"height":640,"url":"https:\/\/nature4me.eu\/wp-content\/uploads\/2016\/02\/PreSteps-Daily-1.jpg","type":"image\/jpeg"}],"twitter_card":"summary_large_image","twitter_misc":{"Gesch\u00e4tzte Lesezeit":"1\u00a0Minute"},"schema":{"@context":"https:\/\/schema.org","@graph":[{"@type":"WebPage","@id":"https:\/\/nature4me.eu\/de\/produkt\/presteps-daily\/","url":"https:\/\/nature4me.eu\/de\/produkt\/presteps-daily\/","name":"Fl\u00fcssige Vitamine f\u00fcr Kleinkinder Pre Steps Daily","isPartOf":{"@id":"https:\/\/nature4me.eu\/de\/#website"},"primaryImageOfPage":{"@id":"https:\/\/nature4me.eu\/de\/produkt\/presteps-daily\/#primaryimage"},"image":{"@id":"https:\/\/nature4me.eu\/de\/produkt\/presteps-daily\/#primaryimage"},"thumbnailUrl":"https:\/\/nature4me.eu\/wp-content\/uploads\/2016\/02\/PreSteps-Daily-1.png","datePublished":"2021-09-03T07:18:23+00:00","dateModified":"2022-03-10T08:21:12+00:00","description":"Fl\u00fcssige Vitamine f\u00fcr Kleinkinder Pre Steps Daily CaliVita mit leichter Dosierung, einem guten Geschmack in Online Shop kaufen.","breadcrumb":{"@id":"https:\/\/nature4me.eu\/de\/produkt\/presteps-daily\/#breadcrumb"},"inLanguage":"de","potentialAction":[{"@type":"ReadAction","target":["https:\/\/nature4me.eu\/de\/produkt\/presteps-daily\/"]}]},{"@type":"ImageObject","inLanguage":"de","@id":"https:\/\/nature4me.eu\/de\/produkt\/presteps-daily\/#primaryimage","url":"https:\/\/nature4me.eu\/wp-content\/uploads\/2016\/02\/PreSteps-Daily-1.png","contentUrl":"https:\/\/nature4me.eu\/wp-content\/uploads\/2016\/02\/PreSteps-Daily-1.png","width":200,"height":588,"caption":"Vitamini za dojen\u010dke"},{"@type":"BreadcrumbList","@id":"https:\/\/nature4me.eu\/de\/produkt\/presteps-daily\/#breadcrumb","itemListElement":[{"@type":"ListItem","position":1,"name":"Po\u010detna stranica","item":"https:\/\/nature4me.eu\/de\/"},{"@type":"ListItem","position":2,"name":"Webshop","item":"https:\/\/nature4me.eu\/de\/shop\/"},{"@type":"ListItem","position":3,"name":"PreSteps Daily (60 ml)"}]},{"@type":"WebSite","@id":"https:\/\/nature4me.eu\/de\/#website","url":"https:\/\/nature4me.eu\/de\/","name":"CaliVita Nature4me","description":"CaliVita Nature4me","potentialAction":[{"@type":"SearchAction","target":{"@type":"EntryPoint","urlTemplate":"https:\/\/nature4me.eu\/de\/?s={search_term_string}"},"query-input":{"@type":"PropertyValueSpecification","valueRequired":true,"valueName":"search_term_string"}}],"inLanguage":"de"}]}},"_links":{"self":[{"href":"https:\/\/nature4me.eu\/de\/wp-json\/wp\/v2\/product\/5724","targetHints":{"allow":["GET"]}}],"collection":[{"href":"https:\/\/nature4me.eu\/de\/wp-json\/wp\/v2\/product"}],"about":[{"href":"https:\/\/nature4me.eu\/de\/wp-json\/wp\/v2\/types\/product"}],"replies":[{"embeddable":true,"href":"https:\/\/nature4me.eu\/de\/wp-json\/wp\/v2\/comments?post=5724"}],"wp:featuredmedia":[{"embeddable":true,"href":"https:\/\/nature4me.eu\/de\/wp-json\/wp\/v2\/media\/7314"}],"wp:attachment":[{"href":"https:\/\/nature4me.eu\/de\/wp-json\/wp\/v2\/media?parent=5724"}],"wp:term":[{"taxonomy":"product_brand","embeddable":true,"href":"https:\/\/nature4me.eu\/de\/wp-json\/wp\/v2\/product_brand?post=5724"},{"taxonomy":"product_cat","embeddable":true,"href":"https:\/\/nature4me.eu\/de\/wp-json\/wp\/v2\/product_cat?post=5724"},{"taxonomy":"product_tag","embeddable":true,"href":"https:\/\/nature4me.eu\/de\/wp-json\/wp\/v2\/product_tag?post=5724"}],"curies":[{"name":"wp","href":"https:\/\/api.w.org\/{rel}","templated":true}]}}