{"id":5725,"date":"2016-02-26T13:29:31","date_gmt":"2021-09-03T07:26:44","guid":{"rendered":"https:\/\/nature4me.eu\/?post_type=product&#038;p=5725"},"modified":"2022-03-09T09:55:55","modified_gmt":"2022-03-09T07:55:55","slug":"green-care","status":"publish","type":"product","link":"https:\/\/nature4me.eu\/de\/produkt\/green-care\/","title":{"rendered":"Green Care (240 Tabletten)"},"content":{"rendered":"<div id=\"product-long-decs\">\n<p>Die Luzerne, der Grundstoff von Green Care hat wegen ihres hohen <strong>Chlorophyllgehaltes<\/strong> eine ausgezeichnete Entgiftungswirkung und eine basische Wirkung. Sie ist eine echte N\u00e4hrstoffbombe: sie enth\u00e4lt verschiedene Vitamine (C, D, E, K, B), Beta-Carotin, Mineralstoffe (Kalzium, Eisen, Kalium, Phosphor), sowie essentielle Aminos\u00e4uren, die die gesunde Funktion unseres Organismus unterst\u00fctzen.<\/p>\n<h4>Wem und wozu empfehlen wir es:<\/h4>\n<ul>\n<li>beim hohen Cholesterinspiegel,<\/li>\n<li>zur Verst\u00e4rkung des Immunsystems,<\/li>\n<li>zur Entgiftung, zum basischen Prozess,<\/li>\n<li>zur Erg\u00e4nzung bei Therapie von Gelenk- und Rheumaschmerzen,<\/li>\n<li>f\u00fcr \u00e4ltere Leute zur Steigerung der physikalischen Leistung der Lebenskr\u00e4fte, zur F\u00f6rderung des besseren Schlafens,<\/li>\n<li>bei regelm\u00e4\u00dfiger Verstopfung.<\/li>\n<\/ul>\n<\/div>\n<p>KoagKag approval number: 4340-0919-3817<br \/>\n<!-- Product Specification --><\/p>\n<table class=\"product_details_body\" border=\"0\" width=\"500\" cellspacing=\"0\" align=\"center\" bgcolor=\"#7CDB8B\">\n<tbody>\n<tr bgcolor=>\n<td height=\"20\"><u>Wirkstoffe Tablette\/Kapsel:<\/u><\/td>\n<td width=\"100\"><span class=\"pvdecla\">(View Declaration)<\/span><\/td>\n<td width=\"70\"><span class=\"pd-rda\">*RDA:<\/span><\/td>\n<\/tr>\n<tr>\n<td>Luzerne Blatt<\/td>\n<td>500 mg<\/td>\n<td><\/td>\n<\/tr>\n<tr>\n<td>Magnesium<\/td>\n<td>250 mg<\/td>\n<td>6%<\/td>\n<\/tr>\n<tr>\n<td colspan=\"3\" height=\"10\"><\/td>\n<\/tr>\n<tr bgcolor=>\n<td colspan=\"3\" height=\"20\"><u>Dosierung *RDA:<\/u><\/td>\n<\/tr>\n<tr>\n<td colspan=\"3\" align=\"center\" height=\"15\">4-8 Tabletten t\u00e4glich<\/td>\n<\/tr>\n<tr bgcolor=>\n<td colspan=\"3\" height=\"20\"><u>Inaktive Inhaltsstoffe, Warnungen und Produktdeklarationen:<\/u><\/td>\n<\/tr>\n<tr>\n<td colspan=\"3\" height=\"10\">Andere Zutaten:<\/td>\n<\/tr>\n<tr>\n<td colspan=\"3\" height=\"10\"><\/td>\n<\/tr>\n<\/tbody>\n<\/table>\n<p><!-- End Product Specification --><\/p>\n<p><!-- Product Declaration --><\/p>\n<div id=\"product-declaration-title\">Nahrungserg\u00e4nzungsmittel<\/div>\n<div class=\"prod-declaration\">\n<div class=\"declar-txt\">\n<p>(* RDA = Tageswert) Die empfohlenen Tagesmengen sollten nicht \u00fcberschritten werden. Das Nahrungserg\u00e4nzungsmittel ist kein Ersatz f\u00fcr eine ausgewogene und abwechslungsreiche Ern\u00e4hrung. Au\u00dferhalb der Reichweite von Kindern aufbewahren.<\/p>\n<\/div>\n<div class=\"declar-img\"><a href=\"https:\/\/nature4me.eu\/wp-content\/themes\/n4mtheme\/images\/declaration\/FL0068_GreenCare_EN.pdf\" target=\"_blank\" rel=\"noopener\">View Declaration ENG<\/a><\/div>\n<\/div>\n<p><!-- End Product Declaration --><\/p>\n","protected":false},"excerpt":{"rendered":"<p><!-- Short Details --><\/p>\n<div class=\"short-product-desc\">\n<h4>Alfalfa<\/h4>\n<\/div>\n","protected":false},"featured_media":7647,"comment_status":"closed","ping_status":"closed","template":"","meta":{"inline_featured_image":false,"_monsterinsights_skip_tracking":false,"_monsterinsights_sitenote_active":false,"_monsterinsights_sitenote_note":"","_monsterinsights_sitenote_category":0},"product_brand":[],"product_cat":[165,163],"product_tag":[],"class_list":{"0":"post-5725","1":"product","2":"type-product","3":"status-publish","4":"has-post-thumbnail","6":"product_cat-fuer-bessere-verdauung-de","7":"product_cat-vegetarier-veganer-de","9":"first","10":"instock","11":"taxable","12":"shipping-taxable","13":"purchasable","14":"product-type-simple"},"yoast_head":"<!-- This site is optimized with the Yoast SEO Premium plugin v21.9 (Yoast SEO v26.6) - https:\/\/yoast.com\/wordpress\/plugins\/seo\/ -->\n<title>Alfalfa Tabletten mit Magnesium Green Care<\/title>\n<meta name=\"description\" content=\"Alfalfa Tabletten mit Magnesium Green Care 500 mg Calivita in Online Shop Nature4Me kaufen. Es f\u00fcr regelm\u00e4\u00dfiger Verstopfung.\" \/>\n<meta name=\"robots\" content=\"index, follow, max-snippet:-1, max-image-preview:large, max-video-preview:-1\" \/>\n<link rel=\"canonical\" href=\"https:\/\/nature4me.eu\/de\/produkt\/green-care\/\" \/>\n<meta property=\"og:locale\" content=\"de_DE\" \/>\n<meta property=\"og:type\" content=\"article\" \/>\n<meta property=\"og:title\" content=\"Green Care (240 Tabletten)\" \/>\n<meta property=\"og:description\" content=\"Alfalfa Tabletten mit Magnesium Green Care 500 mg Calivita in Online Shop Nature4Me kaufen. Es f\u00fcr regelm\u00e4\u00dfiger Verstopfung.\" \/>\n<meta property=\"og:url\" content=\"https:\/\/nature4me.eu\/de\/produkt\/green-care\/\" \/>\n<meta property=\"og:site_name\" content=\"CaliVita Nature4me\" \/>\n<meta property=\"article:publisher\" content=\"https:\/\/www.facebook.com\/zdravjeiznarave.eu\" \/>\n<meta property=\"article:modified_time\" content=\"2022-03-09T07:55:55+00:00\" \/>\n<meta property=\"og:image\" content=\"https:\/\/nature4me.eu\/wp-content\/uploads\/2016\/02\/Green-Care-1.png\" \/>\n\t<meta property=\"og:image:width\" content=\"154\" \/>\n\t<meta property=\"og:image:height\" content=\"300\" \/>\n\t<meta property=\"og:image:type\" content=\"image\/png\" \/>\n<meta name=\"twitter:card\" content=\"summary_large_image\" \/>\n<meta name=\"twitter:label1\" content=\"Gesch\u00e4tzte Lesezeit\" \/>\n\t<meta name=\"twitter:data1\" content=\"1\u00a0Minute\" \/>\n<script type=\"application\/ld+json\" class=\"yoast-schema-graph\">{\"@context\":\"https:\/\/schema.org\",\"@graph\":[{\"@type\":\"WebPage\",\"@id\":\"https:\/\/nature4me.eu\/de\/produkt\/green-care\/\",\"url\":\"https:\/\/nature4me.eu\/de\/produkt\/green-care\/\",\"name\":\"Alfalfa Tabletten mit Magnesium Green Care\",\"isPartOf\":{\"@id\":\"https:\/\/nature4me.eu\/de\/#website\"},\"primaryImageOfPage\":{\"@id\":\"https:\/\/nature4me.eu\/de\/produkt\/green-care\/#primaryimage\"},\"image\":{\"@id\":\"https:\/\/nature4me.eu\/de\/produkt\/green-care\/#primaryimage\"},\"thumbnailUrl\":\"https:\/\/nature4me.eu\/wp-content\/uploads\/2016\/02\/Green-Care-1.png\",\"datePublished\":\"2021-09-03T07:26:44+00:00\",\"dateModified\":\"2022-03-09T07:55:55+00:00\",\"description\":\"Alfalfa Tabletten mit Magnesium Green Care 500 mg Calivita in Online Shop Nature4Me kaufen. Es f\u00fcr regelm\u00e4\u00dfiger Verstopfung.\",\"breadcrumb\":{\"@id\":\"https:\/\/nature4me.eu\/de\/produkt\/green-care\/#breadcrumb\"},\"inLanguage\":\"de\",\"potentialAction\":[{\"@type\":\"ReadAction\",\"target\":[\"https:\/\/nature4me.eu\/de\/produkt\/green-care\/\"]}]},{\"@type\":\"ImageObject\",\"inLanguage\":\"de\",\"@id\":\"https:\/\/nature4me.eu\/de\/produkt\/green-care\/#primaryimage\",\"url\":\"https:\/\/nature4me.eu\/wp-content\/uploads\/2016\/02\/Green-Care-1.png\",\"contentUrl\":\"https:\/\/nature4me.eu\/wp-content\/uploads\/2016\/02\/Green-Care-1.png\",\"width\":154,\"height\":300,\"caption\":\"lucerna tablete\"},{\"@type\":\"BreadcrumbList\",\"@id\":\"https:\/\/nature4me.eu\/de\/produkt\/green-care\/#breadcrumb\",\"itemListElement\":[{\"@type\":\"ListItem\",\"position\":1,\"name\":\"Po\u010detna stranica\",\"item\":\"https:\/\/nature4me.eu\/de\/\"},{\"@type\":\"ListItem\",\"position\":2,\"name\":\"Webshop\",\"item\":\"https:\/\/nature4me.eu\/de\/shop\/\"},{\"@type\":\"ListItem\",\"position\":3,\"name\":\"Green Care (240 Tabletten)\"}]},{\"@type\":\"WebSite\",\"@id\":\"https:\/\/nature4me.eu\/de\/#website\",\"url\":\"https:\/\/nature4me.eu\/de\/\",\"name\":\"CaliVita Nature4me\",\"description\":\"CaliVita Nature4me\",\"potentialAction\":[{\"@type\":\"SearchAction\",\"target\":{\"@type\":\"EntryPoint\",\"urlTemplate\":\"https:\/\/nature4me.eu\/de\/?s={search_term_string}\"},\"query-input\":{\"@type\":\"PropertyValueSpecification\",\"valueRequired\":true,\"valueName\":\"search_term_string\"}}],\"inLanguage\":\"de\"}]}<\/script>\n<!-- \/ Yoast SEO Premium plugin. -->","yoast_head_json":{"title":"Alfalfa Tabletten mit Magnesium Green Care","description":"Alfalfa Tabletten mit Magnesium Green Care 500 mg Calivita in Online Shop Nature4Me kaufen. Es f\u00fcr regelm\u00e4\u00dfiger Verstopfung.","robots":{"index":"index","follow":"follow","max-snippet":"max-snippet:-1","max-image-preview":"max-image-preview:large","max-video-preview":"max-video-preview:-1"},"canonical":"https:\/\/nature4me.eu\/de\/produkt\/green-care\/","og_locale":"de_DE","og_type":"article","og_title":"Green Care (240 Tabletten)","og_description":"Alfalfa Tabletten mit Magnesium Green Care 500 mg Calivita in Online Shop Nature4Me kaufen. Es f\u00fcr regelm\u00e4\u00dfiger Verstopfung.","og_url":"https:\/\/nature4me.eu\/de\/produkt\/green-care\/","og_site_name":"CaliVita Nature4me","article_publisher":"https:\/\/www.facebook.com\/zdravjeiznarave.eu","article_modified_time":"2022-03-09T07:55:55+00:00","og_image":[{"width":154,"height":300,"url":"https:\/\/nature4me.eu\/wp-content\/uploads\/2016\/02\/Green-Care-1.png","type":"image\/png"}],"twitter_card":"summary_large_image","twitter_misc":{"Gesch\u00e4tzte Lesezeit":"1\u00a0Minute"},"schema":{"@context":"https:\/\/schema.org","@graph":[{"@type":"WebPage","@id":"https:\/\/nature4me.eu\/de\/produkt\/green-care\/","url":"https:\/\/nature4me.eu\/de\/produkt\/green-care\/","name":"Alfalfa Tabletten mit Magnesium Green Care","isPartOf":{"@id":"https:\/\/nature4me.eu\/de\/#website"},"primaryImageOfPage":{"@id":"https:\/\/nature4me.eu\/de\/produkt\/green-care\/#primaryimage"},"image":{"@id":"https:\/\/nature4me.eu\/de\/produkt\/green-care\/#primaryimage"},"thumbnailUrl":"https:\/\/nature4me.eu\/wp-content\/uploads\/2016\/02\/Green-Care-1.png","datePublished":"2021-09-03T07:26:44+00:00","dateModified":"2022-03-09T07:55:55+00:00","description":"Alfalfa Tabletten mit Magnesium Green Care 500 mg Calivita in Online Shop Nature4Me kaufen. Es f\u00fcr regelm\u00e4\u00dfiger Verstopfung.","breadcrumb":{"@id":"https:\/\/nature4me.eu\/de\/produkt\/green-care\/#breadcrumb"},"inLanguage":"de","potentialAction":[{"@type":"ReadAction","target":["https:\/\/nature4me.eu\/de\/produkt\/green-care\/"]}]},{"@type":"ImageObject","inLanguage":"de","@id":"https:\/\/nature4me.eu\/de\/produkt\/green-care\/#primaryimage","url":"https:\/\/nature4me.eu\/wp-content\/uploads\/2016\/02\/Green-Care-1.png","contentUrl":"https:\/\/nature4me.eu\/wp-content\/uploads\/2016\/02\/Green-Care-1.png","width":154,"height":300,"caption":"lucerna tablete"},{"@type":"BreadcrumbList","@id":"https:\/\/nature4me.eu\/de\/produkt\/green-care\/#breadcrumb","itemListElement":[{"@type":"ListItem","position":1,"name":"Po\u010detna stranica","item":"https:\/\/nature4me.eu\/de\/"},{"@type":"ListItem","position":2,"name":"Webshop","item":"https:\/\/nature4me.eu\/de\/shop\/"},{"@type":"ListItem","position":3,"name":"Green Care (240 Tabletten)"}]},{"@type":"WebSite","@id":"https:\/\/nature4me.eu\/de\/#website","url":"https:\/\/nature4me.eu\/de\/","name":"CaliVita Nature4me","description":"CaliVita Nature4me","potentialAction":[{"@type":"SearchAction","target":{"@type":"EntryPoint","urlTemplate":"https:\/\/nature4me.eu\/de\/?s={search_term_string}"},"query-input":{"@type":"PropertyValueSpecification","valueRequired":true,"valueName":"search_term_string"}}],"inLanguage":"de"}]}},"_links":{"self":[{"href":"https:\/\/nature4me.eu\/de\/wp-json\/wp\/v2\/product\/5725","targetHints":{"allow":["GET"]}}],"collection":[{"href":"https:\/\/nature4me.eu\/de\/wp-json\/wp\/v2\/product"}],"about":[{"href":"https:\/\/nature4me.eu\/de\/wp-json\/wp\/v2\/types\/product"}],"replies":[{"embeddable":true,"href":"https:\/\/nature4me.eu\/de\/wp-json\/wp\/v2\/comments?post=5725"}],"wp:featuredmedia":[{"embeddable":true,"href":"https:\/\/nature4me.eu\/de\/wp-json\/wp\/v2\/media\/7647"}],"wp:attachment":[{"href":"https:\/\/nature4me.eu\/de\/wp-json\/wp\/v2\/media?parent=5725"}],"wp:term":[{"taxonomy":"product_brand","embeddable":true,"href":"https:\/\/nature4me.eu\/de\/wp-json\/wp\/v2\/product_brand?post=5725"},{"taxonomy":"product_cat","embeddable":true,"href":"https:\/\/nature4me.eu\/de\/wp-json\/wp\/v2\/product_cat?post=5725"},{"taxonomy":"product_tag","embeddable":true,"href":"https:\/\/nature4me.eu\/de\/wp-json\/wp\/v2\/product_tag?post=5725"}],"curies":[{"name":"wp","href":"https:\/\/api.w.org\/{rel}","templated":true}]}}