{"id":5733,"date":"2016-02-26T12:38:48","date_gmt":"2021-09-03T07:44:03","guid":{"rendered":"https:\/\/nature4me.eu\/?post_type=product&#038;p=5733"},"modified":"2021-12-20T11:10:31","modified_gmt":"2021-12-20T09:10:31","slug":"garlic","status":"publish","type":"product","link":"https:\/\/nature4me.eu\/de\/produkt\/garlic\/","title":{"rendered":"Garlic (100 Weichgelkapseln)"},"content":{"rendered":"<div id=\"product-long-decs\">\n<p>Der Knoblauch kann seine Antibakterien- und Antipilz-Wirkung sowie seine Schutzfunktion beim Herz- und Gef\u00e4\u00dfsystem dem Schwefelgehalt danken, der ihm einen charakteristischen Geruch verleiht. Diese Pflanze enth\u00e4lt mehr als 200 biologisch aktive Stoffe \u2013 Vitamin, Mineralstoff, Aminos\u00e4ure und Enzyme. Garlic Max ist ein Nahrungserg\u00e4nzungsmittel mit <strong>geruchlosem Knoblauch\u00f6l<\/strong>.<\/p>\n<h4>Wem und wozu empfehlen wir es:<\/h4>\n<ul>\n<li>Zur Risikosenkung der Entwicklung von Gef\u00e4\u00dfverkalkung und zur F\u00f6rderung der Normalisierung des Blutdrucks,<\/li>\n<li>zur F\u00f6rderung der Cholesterin senkenden Therapie,<\/li>\n<li>denjenigen, die ihren Blutfettspiegel auf nat\u00fcrliche Weise regeln m\u00f6chten,<\/li>\n<li>wegen seiner antibiotischen Wirkung bei Grippen, beim Husten.<\/li>\n<\/ul>\n<\/div>\n<p>KoagKag approval number: 4340-0919-3995<br \/><!-- Product Specification --><\/p>\n<table class=\"product_details_body mce-item-table\" width=\"500\" cellspacing=\"0\" border=\"0\" bgcolor=\"#7CDB8B\" align=\"center\">\n<tbody>\n<tr bgcolor=\"\">\n<td height=\"20\"><u>Wirkstoffe Tablette\/Kapsel:<\/u><\/td>\n<td width=\"100\"><span class=\"pvdecla\">(View Declaration)<\/span><\/td>\n<td width=\"70\"><span class=\"pd-rda\">*RDA:<\/span><\/td>\n<\/tr>\n<tr>\n<td>Knoblauch (500:1)<\/td>\n<td>1000 mg<\/td>\n<td><\/td>\n<\/tr>\n<tr>\n<td>Petersilienblatt<\/td>\n<td>175 mg<\/td>\n<td><\/td>\n<\/tr>\n<tr>\n<td colspan=\"3\" height=\"10\"><\/td>\n<\/tr>\n<tr bgcolor=\"\">\n<td colspan=\"3\" height=\"20\"><u>Dosierung *RDA:<\/u><\/td>\n<\/tr>\n<tr>\n<td colspan=\"3\" height=\"15\" align=\"center\">2 Weichgelkapseln t\u00e4glich<\/td>\n<\/tr>\n<tr bgcolor=\"\">\n<td colspan=\"3\" height=\"20\"><u>Inaktive Inhaltsstoffe, Warnungen und Produktdeklarationen:<\/u><\/td>\n<\/tr>\n<tr>\n<td colspan=\"3\" height=\"10\">Andere Zutaten:<\/td>\n<\/tr>\n<tr>\n<td colspan=\"3\" height=\"10\"><\/td>\n<\/tr>\n<\/tbody>\n<\/table>\n<p><!-- End Product Specification --><\/p>\n<p><!-- Product Declaration --><\/p>\n<div id=\"product-declaration-title\">Nahrungserg\u00e4nzungsmittel<\/div>\n<div class=\"prod-declaration\">\n<div class=\"declar-txt\">\n<p>(* RDA = Tageswert) Die empfohlenen Tagesmengen sollten nicht \u00fcberschritten werden. Das Nahrungserg\u00e4nzungsmittel ist kein Ersatz f\u00fcr eine ausgewogene und abwechslungsreiche Ern\u00e4hrung. Au\u00dferhalb der Reichweite von Kindern aufbewahren.<\/p>\n<\/div>\n<div class=\"declar-img\"><a href=\"https:\/\/nature4me.eu\/wp-content\/themes\/n4mtheme\/images\/declaration\/PN0112_Garlic_Caps_EN.pdf\" target=\"_blank\" rel=\"noopener\" data-mce-href=\"https:\/\/nature4me.eu\/wp-content\/themes\/n4mtheme\/images\/declaration\/PN0112_Garlic_Caps_EN.pdf\">View Declaration ENG<\/a><br data-mce-bogus=\"1\"><\/div>\n<\/div>\n<p><!-- End Product Declaration --><\/p>\n","protected":false},"excerpt":{"rendered":"<p><!-- Short Details --><\/p>\n<div class=\"short-product-desc\">\n<h4 class=\"details_name\">Knoblauchpr\u00e4parat<\/h4>\n<\/div>\n","protected":false},"featured_media":7286,"comment_status":"closed","ping_status":"closed","template":"","meta":{"inline_featured_image":false,"_monsterinsights_skip_tracking":false,"_monsterinsights_sitenote_active":false,"_monsterinsights_sitenote_note":"","_monsterinsights_sitenote_category":0},"product_brand":[],"product_cat":[157],"product_tag":[],"class_list":{"0":"post-5733","1":"product","2":"type-product","3":"status-publish","4":"has-post-thumbnail","6":"product_cat-pflanzenextrakte-de","8":"first","9":"instock","10":"taxable","11":"shipping-taxable","12":"purchasable","13":"product-type-simple"},"yoast_head":"<!-- This site is optimized with the Yoast SEO Premium plugin v21.9 (Yoast SEO v26.6) - https:\/\/yoast.com\/wordpress\/plugins\/seo\/ -->\n<title>Knoblauchpr\u00e4parat Garlic Max CaliVita - Nature4Me<\/title>\n<meta name=\"description\" content=\"Knoblauchpr\u00e4parat Garlic Max CaliVita Geruchlos. Diese Pflanzeenth\u00e4lt mehr als 200 biologisch aktive Stoffe \u2013 Vitamine, Mineralstoffe, Aminos\u00e4ure und Enzyme.\" \/>\n<meta name=\"robots\" content=\"index, follow, max-snippet:-1, max-image-preview:large, max-video-preview:-1\" \/>\n<link rel=\"canonical\" href=\"https:\/\/nature4me.eu\/de\/produkt\/garlic\/\" \/>\n<meta property=\"og:locale\" content=\"de_DE\" \/>\n<meta property=\"og:type\" content=\"article\" \/>\n<meta property=\"og:title\" content=\"Garlic (100 Weichgelkapseln)\" \/>\n<meta property=\"og:description\" content=\"Knoblauchpr\u00e4parat Garlic Max CaliVita Geruchlos. Diese Pflanzeenth\u00e4lt mehr als 200 biologisch aktive Stoffe \u2013 Vitamine, Mineralstoffe, Aminos\u00e4ure und Enzyme.\" \/>\n<meta property=\"og:url\" content=\"https:\/\/nature4me.eu\/de\/produkt\/garlic\/\" \/>\n<meta property=\"og:site_name\" content=\"CaliVita Nature4me\" \/>\n<meta property=\"article:publisher\" content=\"https:\/\/www.facebook.com\/zdravjeiznarave.eu\" \/>\n<meta property=\"article:modified_time\" content=\"2021-12-20T09:10:31+00:00\" \/>\n<meta property=\"og:image\" content=\"https:\/\/nature4me.eu\/wp-content\/uploads\/2016\/02\/garlic-max-2.png\" \/>\n\t<meta property=\"og:image:width\" content=\"200\" \/>\n\t<meta property=\"og:image:height\" content=\"368\" \/>\n\t<meta property=\"og:image:type\" content=\"image\/png\" \/>\n<meta name=\"twitter:card\" content=\"summary_large_image\" \/>\n<meta name=\"twitter:label1\" content=\"Gesch\u00e4tzte Lesezeit\" \/>\n\t<meta name=\"twitter:data1\" content=\"1\u00a0Minute\" \/>\n<script type=\"application\/ld+json\" class=\"yoast-schema-graph\">{\"@context\":\"https:\/\/schema.org\",\"@graph\":[{\"@type\":\"WebPage\",\"@id\":\"https:\/\/nature4me.eu\/de\/produkt\/garlic\/\",\"url\":\"https:\/\/nature4me.eu\/de\/produkt\/garlic\/\",\"name\":\"Knoblauchpr\u00e4parat Garlic Max CaliVita - Nature4Me\",\"isPartOf\":{\"@id\":\"https:\/\/nature4me.eu\/de\/#website\"},\"primaryImageOfPage\":{\"@id\":\"https:\/\/nature4me.eu\/de\/produkt\/garlic\/#primaryimage\"},\"image\":{\"@id\":\"https:\/\/nature4me.eu\/de\/produkt\/garlic\/#primaryimage\"},\"thumbnailUrl\":\"https:\/\/nature4me.eu\/wp-content\/uploads\/2016\/02\/garlic-max-2.png\",\"datePublished\":\"2021-09-03T07:44:03+00:00\",\"dateModified\":\"2021-12-20T09:10:31+00:00\",\"description\":\"Knoblauchpr\u00e4parat Garlic Max CaliVita Geruchlos. Diese Pflanzeenth\u00e4lt mehr als 200 biologisch aktive Stoffe \u2013 Vitamine, Mineralstoffe, Aminos\u00e4ure und Enzyme.\",\"breadcrumb\":{\"@id\":\"https:\/\/nature4me.eu\/de\/produkt\/garlic\/#breadcrumb\"},\"inLanguage\":\"de\",\"potentialAction\":[{\"@type\":\"ReadAction\",\"target\":[\"https:\/\/nature4me.eu\/de\/produkt\/garlic\/\"]}]},{\"@type\":\"ImageObject\",\"inLanguage\":\"de\",\"@id\":\"https:\/\/nature4me.eu\/de\/produkt\/garlic\/#primaryimage\",\"url\":\"https:\/\/nature4me.eu\/wp-content\/uploads\/2016\/02\/garlic-max-2.png\",\"contentUrl\":\"https:\/\/nature4me.eu\/wp-content\/uploads\/2016\/02\/garlic-max-2.png\",\"width\":200,\"height\":368,\"caption\":\"\u010desnove kapsule\"},{\"@type\":\"BreadcrumbList\",\"@id\":\"https:\/\/nature4me.eu\/de\/produkt\/garlic\/#breadcrumb\",\"itemListElement\":[{\"@type\":\"ListItem\",\"position\":1,\"name\":\"Po\u010detna stranica\",\"item\":\"https:\/\/nature4me.eu\/de\/\"},{\"@type\":\"ListItem\",\"position\":2,\"name\":\"Webshop\",\"item\":\"https:\/\/nature4me.eu\/de\/shop\/\"},{\"@type\":\"ListItem\",\"position\":3,\"name\":\"Garlic (100 Weichgelkapseln)\"}]},{\"@type\":\"WebSite\",\"@id\":\"https:\/\/nature4me.eu\/de\/#website\",\"url\":\"https:\/\/nature4me.eu\/de\/\",\"name\":\"CaliVita Nature4me\",\"description\":\"CaliVita Nature4me\",\"potentialAction\":[{\"@type\":\"SearchAction\",\"target\":{\"@type\":\"EntryPoint\",\"urlTemplate\":\"https:\/\/nature4me.eu\/de\/?s={search_term_string}\"},\"query-input\":{\"@type\":\"PropertyValueSpecification\",\"valueRequired\":true,\"valueName\":\"search_term_string\"}}],\"inLanguage\":\"de\"}]}<\/script>\n<!-- \/ Yoast SEO Premium plugin. -->","yoast_head_json":{"title":"Knoblauchpr\u00e4parat Garlic Max CaliVita - Nature4Me","description":"Knoblauchpr\u00e4parat Garlic Max CaliVita Geruchlos. Diese Pflanzeenth\u00e4lt mehr als 200 biologisch aktive Stoffe \u2013 Vitamine, Mineralstoffe, Aminos\u00e4ure und Enzyme.","robots":{"index":"index","follow":"follow","max-snippet":"max-snippet:-1","max-image-preview":"max-image-preview:large","max-video-preview":"max-video-preview:-1"},"canonical":"https:\/\/nature4me.eu\/de\/produkt\/garlic\/","og_locale":"de_DE","og_type":"article","og_title":"Garlic (100 Weichgelkapseln)","og_description":"Knoblauchpr\u00e4parat Garlic Max CaliVita Geruchlos. Diese Pflanzeenth\u00e4lt mehr als 200 biologisch aktive Stoffe \u2013 Vitamine, Mineralstoffe, Aminos\u00e4ure und Enzyme.","og_url":"https:\/\/nature4me.eu\/de\/produkt\/garlic\/","og_site_name":"CaliVita Nature4me","article_publisher":"https:\/\/www.facebook.com\/zdravjeiznarave.eu","article_modified_time":"2021-12-20T09:10:31+00:00","og_image":[{"width":200,"height":368,"url":"https:\/\/nature4me.eu\/wp-content\/uploads\/2016\/02\/garlic-max-2.png","type":"image\/png"}],"twitter_card":"summary_large_image","twitter_misc":{"Gesch\u00e4tzte Lesezeit":"1\u00a0Minute"},"schema":{"@context":"https:\/\/schema.org","@graph":[{"@type":"WebPage","@id":"https:\/\/nature4me.eu\/de\/produkt\/garlic\/","url":"https:\/\/nature4me.eu\/de\/produkt\/garlic\/","name":"Knoblauchpr\u00e4parat Garlic Max CaliVita - Nature4Me","isPartOf":{"@id":"https:\/\/nature4me.eu\/de\/#website"},"primaryImageOfPage":{"@id":"https:\/\/nature4me.eu\/de\/produkt\/garlic\/#primaryimage"},"image":{"@id":"https:\/\/nature4me.eu\/de\/produkt\/garlic\/#primaryimage"},"thumbnailUrl":"https:\/\/nature4me.eu\/wp-content\/uploads\/2016\/02\/garlic-max-2.png","datePublished":"2021-09-03T07:44:03+00:00","dateModified":"2021-12-20T09:10:31+00:00","description":"Knoblauchpr\u00e4parat Garlic Max CaliVita Geruchlos. Diese Pflanzeenth\u00e4lt mehr als 200 biologisch aktive Stoffe \u2013 Vitamine, Mineralstoffe, Aminos\u00e4ure und Enzyme.","breadcrumb":{"@id":"https:\/\/nature4me.eu\/de\/produkt\/garlic\/#breadcrumb"},"inLanguage":"de","potentialAction":[{"@type":"ReadAction","target":["https:\/\/nature4me.eu\/de\/produkt\/garlic\/"]}]},{"@type":"ImageObject","inLanguage":"de","@id":"https:\/\/nature4me.eu\/de\/produkt\/garlic\/#primaryimage","url":"https:\/\/nature4me.eu\/wp-content\/uploads\/2016\/02\/garlic-max-2.png","contentUrl":"https:\/\/nature4me.eu\/wp-content\/uploads\/2016\/02\/garlic-max-2.png","width":200,"height":368,"caption":"\u010desnove kapsule"},{"@type":"BreadcrumbList","@id":"https:\/\/nature4me.eu\/de\/produkt\/garlic\/#breadcrumb","itemListElement":[{"@type":"ListItem","position":1,"name":"Po\u010detna stranica","item":"https:\/\/nature4me.eu\/de\/"},{"@type":"ListItem","position":2,"name":"Webshop","item":"https:\/\/nature4me.eu\/de\/shop\/"},{"@type":"ListItem","position":3,"name":"Garlic (100 Weichgelkapseln)"}]},{"@type":"WebSite","@id":"https:\/\/nature4me.eu\/de\/#website","url":"https:\/\/nature4me.eu\/de\/","name":"CaliVita Nature4me","description":"CaliVita Nature4me","potentialAction":[{"@type":"SearchAction","target":{"@type":"EntryPoint","urlTemplate":"https:\/\/nature4me.eu\/de\/?s={search_term_string}"},"query-input":{"@type":"PropertyValueSpecification","valueRequired":true,"valueName":"search_term_string"}}],"inLanguage":"de"}]}},"_links":{"self":[{"href":"https:\/\/nature4me.eu\/de\/wp-json\/wp\/v2\/product\/5733","targetHints":{"allow":["GET"]}}],"collection":[{"href":"https:\/\/nature4me.eu\/de\/wp-json\/wp\/v2\/product"}],"about":[{"href":"https:\/\/nature4me.eu\/de\/wp-json\/wp\/v2\/types\/product"}],"replies":[{"embeddable":true,"href":"https:\/\/nature4me.eu\/de\/wp-json\/wp\/v2\/comments?post=5733"}],"wp:featuredmedia":[{"embeddable":true,"href":"https:\/\/nature4me.eu\/de\/wp-json\/wp\/v2\/media\/7286"}],"wp:attachment":[{"href":"https:\/\/nature4me.eu\/de\/wp-json\/wp\/v2\/media?parent=5733"}],"wp:term":[{"taxonomy":"product_brand","embeddable":true,"href":"https:\/\/nature4me.eu\/de\/wp-json\/wp\/v2\/product_brand?post=5733"},{"taxonomy":"product_cat","embeddable":true,"href":"https:\/\/nature4me.eu\/de\/wp-json\/wp\/v2\/product_cat?post=5733"},{"taxonomy":"product_tag","embeddable":true,"href":"https:\/\/nature4me.eu\/de\/wp-json\/wp\/v2\/product_tag?post=5733"}],"curies":[{"name":"wp","href":"https:\/\/api.w.org\/{rel}","templated":true}]}}