{"id":5736,"date":"2016-02-25T11:25:20","date_gmt":"2021-09-03T07:51:10","guid":{"rendered":"https:\/\/nature4me.eu\/?post_type=product&#038;p=5736"},"modified":"2021-12-20T11:12:48","modified_gmt":"2021-12-20T09:12:48","slug":"full-spectrum","status":"publish","type":"product","link":"https:\/\/nature4me.eu\/de\/produkt\/full-spectrum\/","title":{"rendered":"Full Spectrum (90 Tabletten)"},"content":{"rendered":"<div id=\"product-long-decs\">\n<p>Das Full Spectrum enth\u00e4lt in einer einzigen Tablette fast 30 verschiedene f\u00fcr den Organismus unentbehrliche <strong>Vitamine, Antioxidantien und Mineralstoffe mit Bioflavonoiden<\/strong>. Seine ausgezeichnete Wirkung wird durch die Quantit\u00e4t der organischen Wirkstoffe sowie die kontinuierliche Absorption (Technologie von delayed release) gesichert.<\/p>\n<h5>Wem und wozu empfehlen wir es:<\/h5>\n<ul>\n<li>Zum t\u00e4glichen Bewahren der gesunden Lebensprozesse und der Vitalit\u00e4t,<\/li>\n<li>zur F\u00f6rderung des Immunsystems,<\/li>\n<li>bei Grippe, Schnupfen zur Verst\u00e4rkung der Widerstandsf\u00e4higkeit,<\/li>\n<li>bei nicht ausgeglichener Ern\u00e4hrung (Konsumieren von wenig Gem\u00fcse, Fr\u00fcchten, Di\u00e4t, Vegetarismus) zur Erg\u00e4nzung des Vitamin- und Mineralstoffbedarfs des Organismus,<\/li>\n<li>zur F\u00f6rderung der Genesung nach einer Krankheit.<\/li>\n<\/ul>\n<\/div>\n<p>KoagKag approval number: 4340-1219-5226<br \/>\n<!-- Product Specification --><\/p>\n<table class=\"product_details_body\" border=\"0\" width=\"500\" cellspacing=\"0\" align=\"center\" bgcolor=\"#7CDB8B\">\n<tbody>\n<tr bgcolor=>\n<td height=\"20\"><u>Wirkstoffe Tablette\/Kapsel:<\/u><\/td>\n<td width=\"100\"><span class=\"pvdecla\">(View Declaration)<\/span><\/td>\n<td width=\"70\"><span class=\"pd-rda\">*RDA:<\/span><\/td>\n<\/tr>\n<tr>\n<td>Kalzium<\/td>\n<td>187 mg<\/td>\n<td>19%<\/td>\n<\/tr>\n<tr>\n<td>Vitamin C<\/td>\n<td>60 mg<\/td>\n<td>100%<\/td>\n<\/tr>\n<tr>\n<td>Magnesium<\/td>\n<td>57 mg<\/td>\n<td>15,3%<\/td>\n<\/tr>\n<tr>\n<td>Inositol<\/td>\n<td>20 mg<\/td>\n<td><\/td>\n<\/tr>\n<tr>\n<td>Cholin<\/td>\n<td>20 mg<\/td>\n<td><\/td>\n<\/tr>\n<tr>\n<td>Zink<\/td>\n<td>10 mg<\/td>\n<td>67%<\/td>\n<\/tr>\n<tr>\n<td>Niacin<\/td>\n<td>10 mg<\/td>\n<td>50%<\/td>\n<\/tr>\n<tr>\n<td>Para-Amino-Benzoes\u00e4ure<\/td>\n<td>5 mg<\/td>\n<td><\/td>\n<\/tr>\n<tr>\n<td>Pantothens\u00e4ure<\/td>\n<td>5 mg<\/td>\n<td><\/td>\n<\/tr>\n<tr>\n<td>Vitamin B1<\/td>\n<td>1 mg<\/td>\n<td>67%<\/td>\n<\/tr>\n<tr>\n<td>Beta Karotin<\/td>\n<td>1500 I.U.<\/td>\n<td>10%<\/td>\n<\/tr>\n<tr>\n<td>Fols\u00e4ure<\/td>\n<td>200 mcg<\/td>\n<td>50%<\/td>\n<\/tr>\n<tr>\n<td>Jod<\/td>\n<td>80 mcg<\/td>\n<td>53%<\/td>\n<\/tr>\n<tr>\n<td>Biotin<\/td>\n<td>40 mcg<\/td>\n<td>13%<\/td>\n<\/tr>\n<tr>\n<td>Chrom<\/td>\n<td>25 mcg<\/td>\n<td>21%<\/td>\n<\/tr>\n<tr>\n<td>Selen<\/td>\n<td>20 mcg<\/td>\n<td>29%<\/td>\n<\/tr>\n<tr>\n<td>Molybd\u00e4n<\/td>\n<td>10 mcg<\/td>\n<td>13%<\/td>\n<\/tr>\n<tr>\n<td>Vitamin B12<\/td>\n<td>1 mcg<\/td>\n<td>17%<\/td>\n<\/tr>\n<tr>\n<td>Vitamin E<\/td>\n<td>7 I.U.<\/td>\n<td>23%<\/td>\n<\/tr>\n<tr>\n<td>Zitrus Bioflavonoid Komplex<\/td>\n<td>4 mg<\/td>\n<td><\/td>\n<\/tr>\n<tr>\n<td>Rutin<\/td>\n<td>4 mg<\/td>\n<td><\/td>\n<\/tr>\n<tr>\n<td>Eisen<\/td>\n<td>4 mg<\/td>\n<td>22%<\/td>\n<\/tr>\n<tr>\n<td>Mangan<\/td>\n<td>3 mg<\/td>\n<td>6%<\/td>\n<\/tr>\n<tr>\n<td>Hesperidin Komplex<\/td>\n<td>2 mg<\/td>\n<td><\/td>\n<\/tr>\n<tr>\n<td>Kupfer<\/td>\n<td>1.5 mg<\/td>\n<td>75%<\/td>\n<\/tr>\n<tr>\n<td>Vitamin B6<\/td>\n<td>1.2 mg<\/td>\n<td>60%<\/td>\n<\/tr>\n<tr>\n<td>Vitamin B2<\/td>\n<td>1.1 mg<\/td>\n<td>65%<\/td>\n<\/tr>\n<tr>\n<td colspan=\"3\" height=\"10\"><\/td>\n<\/tr>\n<tr bgcolor=>\n<td colspan=\"3\" height=\"20\"><u>Dosierung *RDA:<\/u><\/td>\n<\/tr>\n<tr>\n<td colspan=\"3\" align=\"center\" height=\"15\">3&#215;1 Tablette t\u00e4glich<\/td>\n<\/tr>\n<tr bgcolor=>\n<td colspan=\"3\" height=\"20\"><u>Inaktive Inhaltsstoffe, Warnungen und Produktdeklarationen:<\/u><\/td>\n<\/tr>\n<tr>\n<td colspan=\"3\" height=\"10\">Andere Zutaten:<\/td>\n<\/tr>\n<tr>\n<td colspan=\"3\" height=\"10\"><\/td>\n<\/tr>\n<\/tbody>\n<\/table>\n<p><!-- End Product Specification --><\/p>\n<p><!-- Product Declaration --><\/p>\n<div id=\"product-declaration-title\">Nahrungserg\u00e4nzungsmittel<\/div>\n<div class=\"prod-declaration\">\n<div class=\"declar-txt\">\n<p>(* RDA = Tageswert) Die empfohlenen Tagesmengen sollten nicht \u00fcberschritten werden. Das Nahrungserg\u00e4nzungsmittel ist kein Ersatz f\u00fcr eine ausgewogene und abwechslungsreiche Ern\u00e4hrung. Au\u00dferhalb der Reichweite von Kindern aufbewahren.<\/p>\n<\/div>\n<div class=\"declar-img\"><a href=\"https:\/\/nature4me.eu\/wp-content\/themes\/n4mtheme\/images\/declaration\/PN0112_Full_Spectrum_EN.pdf\" target=\"_blank\" rel=\"noopener\">View Declaration ENG<\/a><\/div>\n<\/div>\n<p><!-- End Product Declaration --><\/p>\n","protected":false},"excerpt":{"rendered":"<p><!-- Short Details --><\/p>\n<div class=\"short-product-desc\">\n<h4 class=\"details_name\">Vitamine und Mineralstoffkomplex<\/h4>\n<\/div>\n","protected":false},"featured_media":7330,"comment_status":"closed","ping_status":"closed","template":"","meta":{"inline_featured_image":false,"_monsterinsights_skip_tracking":false,"_monsterinsights_sitenote_active":false,"_monsterinsights_sitenote_note":"","_monsterinsights_sitenote_category":0},"product_brand":[],"product_cat":[160],"product_tag":[],"class_list":{"0":"post-5736","1":"product","2":"type-product","3":"status-publish","4":"has-post-thumbnail","6":"product_cat-multivitamine-de","8":"first","9":"instock","10":"taxable","11":"shipping-taxable","12":"purchasable","13":"product-type-simple"},"yoast_head":"<!-- This site is optimized with the Yoast SEO Premium plugin v21.9 (Yoast SEO v26.6) - https:\/\/yoast.com\/wordpress\/plugins\/seo\/ -->\n<title>Vitamine und Mineralstoffkomplex Full Spectrum<\/title>\n<meta name=\"description\" content=\"Full Spectrum enth\u00e4lt in einer einzigen Tablette fast 30 verschiedene f\u00fcr den Organismus unentbehrliche Vitamine, Antioxidantien und Mineralstoffe mit Bioflavonoiden.\" \/>\n<meta name=\"robots\" content=\"index, follow, max-snippet:-1, max-image-preview:large, max-video-preview:-1\" \/>\n<link rel=\"canonical\" href=\"https:\/\/nature4me.eu\/de\/produkt\/full-spectrum\/\" \/>\n<meta property=\"og:locale\" content=\"de_DE\" \/>\n<meta property=\"og:type\" content=\"article\" \/>\n<meta property=\"og:title\" content=\"Full Spectrum (90 Tabletten)\" \/>\n<meta property=\"og:description\" content=\"Full Spectrum enth\u00e4lt in einer einzigen Tablette fast 30 verschiedene f\u00fcr den Organismus unentbehrliche Vitamine, Antioxidantien und Mineralstoffe mit Bioflavonoiden.\" \/>\n<meta property=\"og:url\" content=\"https:\/\/nature4me.eu\/de\/produkt\/full-spectrum\/\" \/>\n<meta property=\"og:site_name\" content=\"CaliVita Nature4me\" \/>\n<meta property=\"article:publisher\" content=\"https:\/\/www.facebook.com\/zdravjeiznarave.eu\" \/>\n<meta property=\"article:modified_time\" content=\"2021-12-20T09:12:48+00:00\" \/>\n<meta property=\"og:image\" content=\"https:\/\/nature4me.eu\/wp-content\/uploads\/2016\/02\/Full-Spectrum-1.png\" \/>\n\t<meta property=\"og:image:width\" content=\"200\" \/>\n\t<meta property=\"og:image:height\" content=\"361\" \/>\n\t<meta property=\"og:image:type\" content=\"image\/png\" \/>\n<meta name=\"twitter:card\" content=\"summary_large_image\" \/>\n<meta name=\"twitter:label1\" content=\"Gesch\u00e4tzte Lesezeit\" \/>\n\t<meta name=\"twitter:data1\" content=\"1\u00a0Minute\" \/>\n<script type=\"application\/ld+json\" class=\"yoast-schema-graph\">{\"@context\":\"https:\/\/schema.org\",\"@graph\":[{\"@type\":\"WebPage\",\"@id\":\"https:\/\/nature4me.eu\/de\/produkt\/full-spectrum\/\",\"url\":\"https:\/\/nature4me.eu\/de\/produkt\/full-spectrum\/\",\"name\":\"Vitamine und Mineralstoffkomplex Full Spectrum\",\"isPartOf\":{\"@id\":\"https:\/\/nature4me.eu\/de\/#website\"},\"primaryImageOfPage\":{\"@id\":\"https:\/\/nature4me.eu\/de\/produkt\/full-spectrum\/#primaryimage\"},\"image\":{\"@id\":\"https:\/\/nature4me.eu\/de\/produkt\/full-spectrum\/#primaryimage\"},\"thumbnailUrl\":\"https:\/\/nature4me.eu\/wp-content\/uploads\/2016\/02\/Full-Spectrum-1.png\",\"datePublished\":\"2021-09-03T07:51:10+00:00\",\"dateModified\":\"2021-12-20T09:12:48+00:00\",\"description\":\"Full Spectrum enth\u00e4lt in einer einzigen Tablette fast 30 verschiedene f\u00fcr den Organismus unentbehrliche Vitamine, Antioxidantien und Mineralstoffe mit Bioflavonoiden.\",\"breadcrumb\":{\"@id\":\"https:\/\/nature4me.eu\/de\/produkt\/full-spectrum\/#breadcrumb\"},\"inLanguage\":\"de\",\"potentialAction\":[{\"@type\":\"ReadAction\",\"target\":[\"https:\/\/nature4me.eu\/de\/produkt\/full-spectrum\/\"]}]},{\"@type\":\"ImageObject\",\"inLanguage\":\"de\",\"@id\":\"https:\/\/nature4me.eu\/de\/produkt\/full-spectrum\/#primaryimage\",\"url\":\"https:\/\/nature4me.eu\/wp-content\/uploads\/2016\/02\/Full-Spectrum-1.png\",\"contentUrl\":\"https:\/\/nature4me.eu\/wp-content\/uploads\/2016\/02\/Full-Spectrum-1.png\",\"width\":200,\"height\":361,\"caption\":\"VItamini in minerali\"},{\"@type\":\"BreadcrumbList\",\"@id\":\"https:\/\/nature4me.eu\/de\/produkt\/full-spectrum\/#breadcrumb\",\"itemListElement\":[{\"@type\":\"ListItem\",\"position\":1,\"name\":\"Po\u010detna stranica\",\"item\":\"https:\/\/nature4me.eu\/de\/\"},{\"@type\":\"ListItem\",\"position\":2,\"name\":\"Webshop\",\"item\":\"https:\/\/nature4me.eu\/de\/shop\/\"},{\"@type\":\"ListItem\",\"position\":3,\"name\":\"Full Spectrum (90 Tabletten)\"}]},{\"@type\":\"WebSite\",\"@id\":\"https:\/\/nature4me.eu\/de\/#website\",\"url\":\"https:\/\/nature4me.eu\/de\/\",\"name\":\"CaliVita Nature4me\",\"description\":\"CaliVita Nature4me\",\"potentialAction\":[{\"@type\":\"SearchAction\",\"target\":{\"@type\":\"EntryPoint\",\"urlTemplate\":\"https:\/\/nature4me.eu\/de\/?s={search_term_string}\"},\"query-input\":{\"@type\":\"PropertyValueSpecification\",\"valueRequired\":true,\"valueName\":\"search_term_string\"}}],\"inLanguage\":\"de\"}]}<\/script>\n<!-- \/ Yoast SEO Premium plugin. -->","yoast_head_json":{"title":"Vitamine und Mineralstoffkomplex Full Spectrum","description":"Full Spectrum enth\u00e4lt in einer einzigen Tablette fast 30 verschiedene f\u00fcr den Organismus unentbehrliche Vitamine, Antioxidantien und Mineralstoffe mit Bioflavonoiden.","robots":{"index":"index","follow":"follow","max-snippet":"max-snippet:-1","max-image-preview":"max-image-preview:large","max-video-preview":"max-video-preview:-1"},"canonical":"https:\/\/nature4me.eu\/de\/produkt\/full-spectrum\/","og_locale":"de_DE","og_type":"article","og_title":"Full Spectrum (90 Tabletten)","og_description":"Full Spectrum enth\u00e4lt in einer einzigen Tablette fast 30 verschiedene f\u00fcr den Organismus unentbehrliche Vitamine, Antioxidantien und Mineralstoffe mit Bioflavonoiden.","og_url":"https:\/\/nature4me.eu\/de\/produkt\/full-spectrum\/","og_site_name":"CaliVita Nature4me","article_publisher":"https:\/\/www.facebook.com\/zdravjeiznarave.eu","article_modified_time":"2021-12-20T09:12:48+00:00","og_image":[{"width":200,"height":361,"url":"https:\/\/nature4me.eu\/wp-content\/uploads\/2016\/02\/Full-Spectrum-1.png","type":"image\/png"}],"twitter_card":"summary_large_image","twitter_misc":{"Gesch\u00e4tzte Lesezeit":"1\u00a0Minute"},"schema":{"@context":"https:\/\/schema.org","@graph":[{"@type":"WebPage","@id":"https:\/\/nature4me.eu\/de\/produkt\/full-spectrum\/","url":"https:\/\/nature4me.eu\/de\/produkt\/full-spectrum\/","name":"Vitamine und Mineralstoffkomplex Full Spectrum","isPartOf":{"@id":"https:\/\/nature4me.eu\/de\/#website"},"primaryImageOfPage":{"@id":"https:\/\/nature4me.eu\/de\/produkt\/full-spectrum\/#primaryimage"},"image":{"@id":"https:\/\/nature4me.eu\/de\/produkt\/full-spectrum\/#primaryimage"},"thumbnailUrl":"https:\/\/nature4me.eu\/wp-content\/uploads\/2016\/02\/Full-Spectrum-1.png","datePublished":"2021-09-03T07:51:10+00:00","dateModified":"2021-12-20T09:12:48+00:00","description":"Full Spectrum enth\u00e4lt in einer einzigen Tablette fast 30 verschiedene f\u00fcr den Organismus unentbehrliche Vitamine, Antioxidantien und Mineralstoffe mit Bioflavonoiden.","breadcrumb":{"@id":"https:\/\/nature4me.eu\/de\/produkt\/full-spectrum\/#breadcrumb"},"inLanguage":"de","potentialAction":[{"@type":"ReadAction","target":["https:\/\/nature4me.eu\/de\/produkt\/full-spectrum\/"]}]},{"@type":"ImageObject","inLanguage":"de","@id":"https:\/\/nature4me.eu\/de\/produkt\/full-spectrum\/#primaryimage","url":"https:\/\/nature4me.eu\/wp-content\/uploads\/2016\/02\/Full-Spectrum-1.png","contentUrl":"https:\/\/nature4me.eu\/wp-content\/uploads\/2016\/02\/Full-Spectrum-1.png","width":200,"height":361,"caption":"VItamini in minerali"},{"@type":"BreadcrumbList","@id":"https:\/\/nature4me.eu\/de\/produkt\/full-spectrum\/#breadcrumb","itemListElement":[{"@type":"ListItem","position":1,"name":"Po\u010detna stranica","item":"https:\/\/nature4me.eu\/de\/"},{"@type":"ListItem","position":2,"name":"Webshop","item":"https:\/\/nature4me.eu\/de\/shop\/"},{"@type":"ListItem","position":3,"name":"Full Spectrum (90 Tabletten)"}]},{"@type":"WebSite","@id":"https:\/\/nature4me.eu\/de\/#website","url":"https:\/\/nature4me.eu\/de\/","name":"CaliVita Nature4me","description":"CaliVita Nature4me","potentialAction":[{"@type":"SearchAction","target":{"@type":"EntryPoint","urlTemplate":"https:\/\/nature4me.eu\/de\/?s={search_term_string}"},"query-input":{"@type":"PropertyValueSpecification","valueRequired":true,"valueName":"search_term_string"}}],"inLanguage":"de"}]}},"_links":{"self":[{"href":"https:\/\/nature4me.eu\/de\/wp-json\/wp\/v2\/product\/5736","targetHints":{"allow":["GET"]}}],"collection":[{"href":"https:\/\/nature4me.eu\/de\/wp-json\/wp\/v2\/product"}],"about":[{"href":"https:\/\/nature4me.eu\/de\/wp-json\/wp\/v2\/types\/product"}],"replies":[{"embeddable":true,"href":"https:\/\/nature4me.eu\/de\/wp-json\/wp\/v2\/comments?post=5736"}],"wp:featuredmedia":[{"embeddable":true,"href":"https:\/\/nature4me.eu\/de\/wp-json\/wp\/v2\/media\/7330"}],"wp:attachment":[{"href":"https:\/\/nature4me.eu\/de\/wp-json\/wp\/v2\/media?parent=5736"}],"wp:term":[{"taxonomy":"product_brand","embeddable":true,"href":"https:\/\/nature4me.eu\/de\/wp-json\/wp\/v2\/product_brand?post=5736"},{"taxonomy":"product_cat","embeddable":true,"href":"https:\/\/nature4me.eu\/de\/wp-json\/wp\/v2\/product_cat?post=5736"},{"taxonomy":"product_tag","embeddable":true,"href":"https:\/\/nature4me.eu\/de\/wp-json\/wp\/v2\/product_tag?post=5736"}],"curies":[{"name":"wp","href":"https:\/\/api.w.org\/{rel}","templated":true}]}}