{"id":5748,"date":"2016-02-25T08:07:25","date_gmt":"2021-09-06T15:06:47","guid":{"rendered":"https:\/\/nature4me.eu\/?post_type=product&#038;p=5748"},"modified":"2021-12-21T15:54:44","modified_gmt":"2021-12-21T13:54:44","slug":"digestive-enzymes","status":"publish","type":"product","link":"https:\/\/nature4me.eu\/de\/produkt\/digestive-enzymes\/","title":{"rendered":"Digestive Enzymes (100 Tabletten)"},"content":{"rendered":"<div id=\"product-long-decs\">\n<p>Das Digestive Enzymes enth\u00e4lt Verdauungsenzyme und Pflanzenwirkstoffe, die die Verdauungsprozesse unterst\u00fctzen. Wenn Ihre Ern\u00e4hrungsgewohnheiten und Ihre Lebensweise nicht angemessen sind, kann das Gleichgewicht Ihres Verdauungssystems einfach kippen. Der Abbau der Nahrungen mit Hilfe von Enzymen ist der erste Schritt <strong>zur guten Absorption, Verwertung<\/strong>. Sie k\u00f6nnen den Abbau von Fett-, Protein- und Kohlenhydrat mit Hilfe von angemessenen Enzymen f\u00f6rdern und so k\u00f6nnen Sie Ihr Verdauungssystem und Ihren Organismus unterst\u00fctzen.<\/p>\n<h5>Wem und wozu empfehlen wir es:<\/h5>\n<ul>\n<li>Denjenigen, die ihr Verdauungssystem angemessen f\u00f6rdern m\u00f6chten,<\/li>\n<li>beim h\u00e4ufigen Konsum von Speisen, die Bl\u00e4hungen verursachen k\u00f6nnen, bei Bl\u00e4hungen,<\/li>\n<li>bei Verdauungsproblemen.<\/li>\n<\/ul>\n<\/div>\n<p><!-- Product Specification --><\/p>\n<table width=\"500\" border=\"0\" align=\"center\" cellspacing=\"0\" bgcolor=\"#7CDB8B\" class=\"product_details_body\">\n<tr bgcolor=>\n<td height=\"20\"><u>Wirkstoffe Tablette\/Kapsel:<\/u><\/td>\n<td width=\"100\"><span class=\"pvdecla\">(View Declaration)<\/span><\/td>\n<td width=\"70\"><span class=\"pd-rda\">*RDA:<\/span><\/td>\n<\/tr>\n<tr>\n<td>Fenchelsamen<\/td>\n<td>75 mg<\/td>\n<td><\/td>\n<\/tr>\n<tr>\n<td>Pancreatin<\/td>\n<td>75 mg<\/td>\n<td><\/td>\n<\/tr>\n<tr>\n<td>Kurkuma<\/td>\n<td>37.5 mg<\/td>\n<td><\/td>\n<\/tr>\n<tr>\n<td>Glutamins\u00e4ure<\/td>\n<td>25 mg<\/td>\n<td><\/td>\n<\/tr>\n<tr>\n<td>Pepsin<\/td>\n<td>17.5 mg<\/td>\n<td><\/td>\n<\/tr>\n<tr>\n<td>Bromelain<\/td>\n<td>12.5 mg<\/td>\n<td><\/td>\n<\/tr>\n<tr>\n<td>Diastase (Gerste)<\/td>\n<td>10 mg<\/td>\n<td><\/td>\n<\/tr>\n<tr>\n<td>Papain<\/td>\n<td>5 mg<\/td>\n<td><\/td>\n<\/tr>\n<tr>\n<td>Protease<\/td>\n<td>7.5 mg<\/td>\n<td><\/td>\n<\/tr>\n<tr>\n<td height=\"10\" colspan=\"3\"><\/td>\n<\/tr>\n<tr bgcolor=>\n<td height=\"20\" colspan=\"3\"><u>Dosierung *RDA:<\/u><\/td>\n<\/tr>\n<tr>\n<td height=\"15\" colspan=\"3\" align=\"center\">2&#215;1 Tablette t\u00e4glich w\u00e4hrend Mahlzeit.<\/td>\n<\/tr>\n<tr bgcolor=>\n<td height=\"20\" colspan=\"3\"><u>Inaktive Inhaltsstoffe, Warnungen und Produktdeklarationen:<\/u><\/td>\n<\/tr>\n<tr>\n<td height=\"10\" colspan=\"3\">Andere Zutaten:<\/td>\n<\/tr>\n<tr>\n<td height=\"10\" colspan=\"3\"><\/td>\n<\/tr>\n<\/table>\n<p><!-- End Product Specification --><\/p>\n<p><!-- Product Declaration --><\/p>\n<div id=\"product-declaration-title\">Nahrungserg\u00e4nzungsmittel<\/div>\n<div class=\"prod-declaration\">\n<div class=\"declar-txt\">\n<p>(* RDA = Tageswert) Die empfohlenen Tagesmengen sollten nicht \u00fcberschritten werden. Das Nahrungserg\u00e4nzungsmittel ist kein Ersatz f\u00fcr eine ausgewogene und abwechslungsreiche Ern\u00e4hrung. Au\u00dferhalb der Reichweite von Kindern aufbewahren.<\/p>\n<\/div>\n<div class=\"declar-img\"><a href=\"https:\/\/nature4me.eu\/wp-content\/themes\/n4mtheme\/images\/declaration\/.pdf\" target=\"_blank\" rel=\"noopener\">View Declaration ENG<\/a><\/div>\n<\/div>\n<p><!-- End Product Declaration --><\/p>\n","protected":false},"excerpt":{"rendered":"<p><!-- Short Details --><\/p>\n<div class=\"short-product-desc\">\n<h4 class=\"details_h3\">F\u00f6rderung des Verdauungssystems<\/h4>\n<\/div>\n","protected":false},"featured_media":7671,"comment_status":"closed","ping_status":"closed","template":"","meta":{"inline_featured_image":false,"_monsterinsights_skip_tracking":false,"_monsterinsights_sitenote_active":false,"_monsterinsights_sitenote_note":"","_monsterinsights_sitenote_category":0},"product_brand":[],"product_cat":[165,175],"product_tag":[],"class_list":{"0":"post-5748","1":"product","2":"type-product","3":"status-publish","4":"has-post-thumbnail","6":"product_cat-fuer-bessere-verdauung-de","7":"product_cat-meistverkaufte-produkte","9":"first","10":"instock","11":"taxable","12":"shipping-taxable","13":"purchasable","14":"product-type-simple"},"yoast_head":"<!-- This site is optimized with the Yoast SEO Premium plugin v21.9 (Yoast SEO v26.6) - https:\/\/yoast.com\/wordpress\/plugins\/seo\/ -->\n<title>Digestive Enzymes CaliVita - Nature4Me<\/title>\n<meta name=\"description\" content=\"Das Digestive Enyzmes enth\u00e4lt Verdauungsenzyme und Pflanzenwirkstoffe, die die Verdauungsprozesse unterst\u00fctzen.\" \/>\n<meta name=\"robots\" content=\"index, follow, max-snippet:-1, max-image-preview:large, max-video-preview:-1\" \/>\n<link rel=\"canonical\" href=\"https:\/\/nature4me.eu\/de\/produkt\/digestive-enzymes\/\" \/>\n<meta property=\"og:locale\" content=\"de_DE\" \/>\n<meta property=\"og:type\" content=\"article\" \/>\n<meta property=\"og:title\" content=\"Digestive Enzymes (100 Tabletten)\" \/>\n<meta property=\"og:description\" content=\"Das Digestive Enyzmes enth\u00e4lt Verdauungsenzyme und Pflanzenwirkstoffe, die die Verdauungsprozesse unterst\u00fctzen.\" \/>\n<meta property=\"og:url\" content=\"https:\/\/nature4me.eu\/de\/produkt\/digestive-enzymes\/\" \/>\n<meta property=\"og:site_name\" content=\"CaliVita Nature4me\" \/>\n<meta property=\"article:publisher\" content=\"https:\/\/www.facebook.com\/zdravjeiznarave.eu\" \/>\n<meta property=\"article:modified_time\" content=\"2021-12-21T13:54:44+00:00\" \/>\n<meta property=\"og:image\" content=\"https:\/\/nature4me.eu\/wp-content\/uploads\/2016\/02\/Digestive-Enzymes-1.png\" \/>\n\t<meta property=\"og:image:width\" content=\"200\" \/>\n\t<meta property=\"og:image:height\" content=\"387\" \/>\n\t<meta property=\"og:image:type\" content=\"image\/png\" \/>\n<meta name=\"twitter:card\" content=\"summary_large_image\" \/>\n<meta name=\"twitter:label1\" content=\"Gesch\u00e4tzte Lesezeit\" \/>\n\t<meta name=\"twitter:data1\" content=\"1\u00a0Minute\" \/>\n<script type=\"application\/ld+json\" class=\"yoast-schema-graph\">{\"@context\":\"https:\/\/schema.org\",\"@graph\":[{\"@type\":\"WebPage\",\"@id\":\"https:\/\/nature4me.eu\/de\/produkt\/digestive-enzymes\/\",\"url\":\"https:\/\/nature4me.eu\/de\/produkt\/digestive-enzymes\/\",\"name\":\"Digestive Enzymes CaliVita - Nature4Me\",\"isPartOf\":{\"@id\":\"https:\/\/nature4me.eu\/de\/#website\"},\"primaryImageOfPage\":{\"@id\":\"https:\/\/nature4me.eu\/de\/produkt\/digestive-enzymes\/#primaryimage\"},\"image\":{\"@id\":\"https:\/\/nature4me.eu\/de\/produkt\/digestive-enzymes\/#primaryimage\"},\"thumbnailUrl\":\"https:\/\/nature4me.eu\/wp-content\/uploads\/2016\/02\/Digestive-Enzymes-1.png\",\"datePublished\":\"2021-09-06T15:06:47+00:00\",\"dateModified\":\"2021-12-21T13:54:44+00:00\",\"description\":\"Das Digestive Enyzmes enth\u00e4lt Verdauungsenzyme und Pflanzenwirkstoffe, die die Verdauungsprozesse unterst\u00fctzen.\",\"breadcrumb\":{\"@id\":\"https:\/\/nature4me.eu\/de\/produkt\/digestive-enzymes\/#breadcrumb\"},\"inLanguage\":\"de\",\"potentialAction\":[{\"@type\":\"ReadAction\",\"target\":[\"https:\/\/nature4me.eu\/de\/produkt\/digestive-enzymes\/\"]}]},{\"@type\":\"ImageObject\",\"inLanguage\":\"de\",\"@id\":\"https:\/\/nature4me.eu\/de\/produkt\/digestive-enzymes\/#primaryimage\",\"url\":\"https:\/\/nature4me.eu\/wp-content\/uploads\/2016\/02\/Digestive-Enzymes-1.png\",\"contentUrl\":\"https:\/\/nature4me.eu\/wp-content\/uploads\/2016\/02\/Digestive-Enzymes-1.png\",\"width\":200,\"height\":387,\"caption\":\"prebavni encimi\"},{\"@type\":\"BreadcrumbList\",\"@id\":\"https:\/\/nature4me.eu\/de\/produkt\/digestive-enzymes\/#breadcrumb\",\"itemListElement\":[{\"@type\":\"ListItem\",\"position\":1,\"name\":\"Po\u010detna stranica\",\"item\":\"https:\/\/nature4me.eu\/de\/\"},{\"@type\":\"ListItem\",\"position\":2,\"name\":\"Webshop\",\"item\":\"https:\/\/nature4me.eu\/de\/shop\/\"},{\"@type\":\"ListItem\",\"position\":3,\"name\":\"Digestive Enzymes (100 Tabletten)\"}]},{\"@type\":\"WebSite\",\"@id\":\"https:\/\/nature4me.eu\/de\/#website\",\"url\":\"https:\/\/nature4me.eu\/de\/\",\"name\":\"CaliVita Nature4me\",\"description\":\"CaliVita Nature4me\",\"potentialAction\":[{\"@type\":\"SearchAction\",\"target\":{\"@type\":\"EntryPoint\",\"urlTemplate\":\"https:\/\/nature4me.eu\/de\/?s={search_term_string}\"},\"query-input\":{\"@type\":\"PropertyValueSpecification\",\"valueRequired\":true,\"valueName\":\"search_term_string\"}}],\"inLanguage\":\"de\"}]}<\/script>\n<!-- \/ Yoast SEO Premium plugin. -->","yoast_head_json":{"title":"Digestive Enzymes CaliVita - Nature4Me","description":"Das Digestive Enyzmes enth\u00e4lt Verdauungsenzyme und Pflanzenwirkstoffe, die die Verdauungsprozesse unterst\u00fctzen.","robots":{"index":"index","follow":"follow","max-snippet":"max-snippet:-1","max-image-preview":"max-image-preview:large","max-video-preview":"max-video-preview:-1"},"canonical":"https:\/\/nature4me.eu\/de\/produkt\/digestive-enzymes\/","og_locale":"de_DE","og_type":"article","og_title":"Digestive Enzymes (100 Tabletten)","og_description":"Das Digestive Enyzmes enth\u00e4lt Verdauungsenzyme und Pflanzenwirkstoffe, die die Verdauungsprozesse unterst\u00fctzen.","og_url":"https:\/\/nature4me.eu\/de\/produkt\/digestive-enzymes\/","og_site_name":"CaliVita Nature4me","article_publisher":"https:\/\/www.facebook.com\/zdravjeiznarave.eu","article_modified_time":"2021-12-21T13:54:44+00:00","og_image":[{"width":200,"height":387,"url":"https:\/\/nature4me.eu\/wp-content\/uploads\/2016\/02\/Digestive-Enzymes-1.png","type":"image\/png"}],"twitter_card":"summary_large_image","twitter_misc":{"Gesch\u00e4tzte Lesezeit":"1\u00a0Minute"},"schema":{"@context":"https:\/\/schema.org","@graph":[{"@type":"WebPage","@id":"https:\/\/nature4me.eu\/de\/produkt\/digestive-enzymes\/","url":"https:\/\/nature4me.eu\/de\/produkt\/digestive-enzymes\/","name":"Digestive Enzymes CaliVita - Nature4Me","isPartOf":{"@id":"https:\/\/nature4me.eu\/de\/#website"},"primaryImageOfPage":{"@id":"https:\/\/nature4me.eu\/de\/produkt\/digestive-enzymes\/#primaryimage"},"image":{"@id":"https:\/\/nature4me.eu\/de\/produkt\/digestive-enzymes\/#primaryimage"},"thumbnailUrl":"https:\/\/nature4me.eu\/wp-content\/uploads\/2016\/02\/Digestive-Enzymes-1.png","datePublished":"2021-09-06T15:06:47+00:00","dateModified":"2021-12-21T13:54:44+00:00","description":"Das Digestive Enyzmes enth\u00e4lt Verdauungsenzyme und Pflanzenwirkstoffe, die die Verdauungsprozesse unterst\u00fctzen.","breadcrumb":{"@id":"https:\/\/nature4me.eu\/de\/produkt\/digestive-enzymes\/#breadcrumb"},"inLanguage":"de","potentialAction":[{"@type":"ReadAction","target":["https:\/\/nature4me.eu\/de\/produkt\/digestive-enzymes\/"]}]},{"@type":"ImageObject","inLanguage":"de","@id":"https:\/\/nature4me.eu\/de\/produkt\/digestive-enzymes\/#primaryimage","url":"https:\/\/nature4me.eu\/wp-content\/uploads\/2016\/02\/Digestive-Enzymes-1.png","contentUrl":"https:\/\/nature4me.eu\/wp-content\/uploads\/2016\/02\/Digestive-Enzymes-1.png","width":200,"height":387,"caption":"prebavni encimi"},{"@type":"BreadcrumbList","@id":"https:\/\/nature4me.eu\/de\/produkt\/digestive-enzymes\/#breadcrumb","itemListElement":[{"@type":"ListItem","position":1,"name":"Po\u010detna stranica","item":"https:\/\/nature4me.eu\/de\/"},{"@type":"ListItem","position":2,"name":"Webshop","item":"https:\/\/nature4me.eu\/de\/shop\/"},{"@type":"ListItem","position":3,"name":"Digestive Enzymes (100 Tabletten)"}]},{"@type":"WebSite","@id":"https:\/\/nature4me.eu\/de\/#website","url":"https:\/\/nature4me.eu\/de\/","name":"CaliVita Nature4me","description":"CaliVita Nature4me","potentialAction":[{"@type":"SearchAction","target":{"@type":"EntryPoint","urlTemplate":"https:\/\/nature4me.eu\/de\/?s={search_term_string}"},"query-input":{"@type":"PropertyValueSpecification","valueRequired":true,"valueName":"search_term_string"}}],"inLanguage":"de"}]}},"_links":{"self":[{"href":"https:\/\/nature4me.eu\/de\/wp-json\/wp\/v2\/product\/5748","targetHints":{"allow":["GET"]}}],"collection":[{"href":"https:\/\/nature4me.eu\/de\/wp-json\/wp\/v2\/product"}],"about":[{"href":"https:\/\/nature4me.eu\/de\/wp-json\/wp\/v2\/types\/product"}],"replies":[{"embeddable":true,"href":"https:\/\/nature4me.eu\/de\/wp-json\/wp\/v2\/comments?post=5748"}],"wp:featuredmedia":[{"embeddable":true,"href":"https:\/\/nature4me.eu\/de\/wp-json\/wp\/v2\/media\/7671"}],"wp:attachment":[{"href":"https:\/\/nature4me.eu\/de\/wp-json\/wp\/v2\/media?parent=5748"}],"wp:term":[{"taxonomy":"product_brand","embeddable":true,"href":"https:\/\/nature4me.eu\/de\/wp-json\/wp\/v2\/product_brand?post=5748"},{"taxonomy":"product_cat","embeddable":true,"href":"https:\/\/nature4me.eu\/de\/wp-json\/wp\/v2\/product_cat?post=5748"},{"taxonomy":"product_tag","embeddable":true,"href":"https:\/\/nature4me.eu\/de\/wp-json\/wp\/v2\/product_tag?post=5748"}],"curies":[{"name":"wp","href":"https:\/\/api.w.org\/{rel}","templated":true}]}}