{"id":5749,"date":"2016-02-24T18:09:38","date_gmt":"2021-09-06T15:15:57","guid":{"rendered":"https:\/\/nature4me.eu\/?post_type=product&#038;p=5749"},"modified":"2023-02-21T19:42:46","modified_gmt":"2023-02-21T17:42:46","slug":"detox-patch","status":"publish","type":"product","link":"https:\/\/nature4me.eu\/de\/produkt\/detox-patch\/","title":{"rendered":"Detox Patch (12 Pflaster)"},"content":{"rendered":"<div id=\"product-long-decs\">\n<p>Unser Organismus ist t\u00e4glich mit zahlreichen Giften konfrontiert: mit Umweltverschmutzung, Chemikalien, Medikamenten und beim Kontakt mit bestimmten Genussmitteln k\u00f6nnen sich Giftstoffe anh\u00e4ufen. Die Detox Patch hilft diese mit ihren sorgf\u00e4ltig ausgew\u00e4hlten Wirkstoffen, mit durch Turmalin verbreiteter infraroter Energie und mit Reflexologie aus Osten beim Entspannen mit nat\u00fcrlichen Methoden entfernen.<\/p>\n<h4>Wem und wozu empfehlen wir es:<\/h4>\n<ul>\n<li><span lang=\"de-DE\">Zur Entfernung von den sich angeh\u00e4uften Giftstoffen,<\/span><\/li>\n<li><span lang=\"de-DE\">denjenigen, f\u00fcr die die kurenm\u00e4\u00dfge, traditionelle Entgiftung belastend w\u00e4re; Detox Patch ist eine Entgiftungsmethode mit schonender Wirkung, <\/span><\/li>\n<li><span lang=\"de-DE\">zur Erg\u00e4nzung von Nahrungserg\u00e4nzungsmitteln bei einer Entgiftungskuren<\/span>.<\/li>\n<\/ul>\n<\/div>\n<p><!-- Product Specification --><\/p>\n<div id=\"wmark\">\n<div class=\"wmark-bckg\">nature4me.eu<\/div>\n<\/div>\n<table width=\"500\" border=\"0\" align=\"center\" cellspacing=\"0\" bgcolor=\"#7CDB8B\" class=\"product_details_body\">\n<tr bgcolor=>\n<td height=\"20\"><u>Wirkstoffe:<\/u><\/td>\n<td width=\"100\"><span class=\"pvdecla\">(View Declaration)<\/span><\/td>\n<td width=\"70\"><span class=\"pd-rda\">*RDA:<\/span><\/td>\n<\/tr>\n<tr>\n<td>Bambusessig<\/td>\n<td><\/td>\n<td><\/td>\n<\/tr>\n<tr>\n<td>Zypressen<\/td>\n<td><\/td>\n<td><\/td>\n<\/tr>\n<tr>\n<td>Tourmaline<\/td>\n<td><\/td>\n<td><\/td>\n<\/tr>\n<tr>\n<td>Agaricus Pilz<\/td>\n<td><\/td>\n<td><\/td>\n<\/tr>\n<tr>\n<td>Achyranthis Wurzel<\/td>\n<td><\/td>\n<td><\/td>\n<\/tr>\n<tr>\n<td>Paeoniae rubrae Wurzel<\/td>\n<td><\/td>\n<td><\/td>\n<\/tr>\n<tr>\n<td>Sibirischer Ginseng<\/td>\n<td><\/td>\n<td><\/td>\n<\/tr>\n<tr>\n<td>Artemisia iwayomogi<\/td>\n<td><\/td>\n<td><\/td>\n<\/tr>\n<tr>\n<td>Caragana sinica<\/td>\n<td><\/td>\n<td><\/td>\n<\/tr>\n<tr>\n<td>Platicodon grandiflorum<\/td>\n<td><\/td>\n<td><\/td>\n<\/tr>\n<tr>\n<td height=\"10\" colspan=\"3\"><\/td>\n<\/tr>\n<tr bgcolor=>\n<td height=\"20\" colspan=\"3\"><u>Dosierung *RDA:<\/u><\/td>\n<\/tr>\n<tr>\n<td height=\"15\" colspan=\"3\" align=\"center\">Kleben Sie die Binde mit Hilfe der Klebefolie auf Ihre Sohle und tragen Sie sie wenigstens acht Stunden lang. Es ist am bequemsten, in der Nacht zu verwenden.<\/td>\n<\/tr>\n<tr bgcolor=>\n<td height=\"20\" colspan=\"3\"><u>Inaktive Inhaltsstoffe, Warnungen und Produktdeklarationen:<\/u><\/td>\n<\/tr>\n<tr>\n<td height=\"10\" colspan=\"3\">Andere Zutaten:<\/td>\n<\/tr>\n<tr>\n<td height=\"10\" colspan=\"3\"><\/td>\n<\/tr>\n<\/table>\n<p><!-- End Product Specification --><\/p>\n<p><!-- Product Declaration --><\/p>\n<div id=\"product-declaration-title\">Nahrungserg\u00e4nzungsmittel<\/div>\n<div class=\"prod-declaration\">\n<div class=\"declar-txt\">\n<p>(* RDA = Tageswert) Die empfohlenen Tagesmengen sollten nicht \u00fcberschritten werden. Das Nahrungserg\u00e4nzungsmittel ist kein Ersatz f\u00fcr eine ausgewogene und abwechslungsreiche Ern\u00e4hrung. Au\u00dferhalb der Reichweite von Kindern aufbewahren.<\/p>\n<\/div>\n<div class=\"declar-img\"><a href=\"https:\/\/nature4me.eu\/wp-content\/themes\/n4mtheme\/images\/declaration\/.pdf\" target=\"_blank\" rel=\"noopener\">View Declaration ENG<\/a><\/div>\n<\/div>\n<p><!-- End Product Declaration --><\/p>\n","protected":false},"excerpt":{"rendered":"<p><!-- Short Details --><\/p>\n<div class=\"short-product-desc\">\n<h4 class=\"details_h3\">Entgiftungspflaster<\/h4>\n<\/div>\n","protected":false},"featured_media":7679,"comment_status":"closed","ping_status":"closed","template":"","meta":{"inline_featured_image":false,"_monsterinsights_skip_tracking":false,"_monsterinsights_sitenote_active":false,"_monsterinsights_sitenote_note":"","_monsterinsights_sitenote_category":0},"product_brand":[],"product_cat":[36],"product_tag":[],"class_list":{"0":"post-5749","1":"product","2":"type-product","3":"status-publish","4":"has-post-thumbnail","6":"product_cat-andere-nahrungsergaenzungsmittel","8":"first","9":"instock","10":"featured","11":"taxable","12":"shipping-taxable","13":"purchasable","14":"product-type-simple"},"yoast_head":"<!-- This site is optimized with the Yoast SEO Premium plugin v21.9 (Yoast SEO v26.6) - https:\/\/yoast.com\/wordpress\/plugins\/seo\/ -->\n<title>Entgiftungspflaster Detox Patch Calivita<\/title>\n<meta name=\"description\" content=\"Entgiftungspflaster Detox Patch Calivita - Kleben Sie die Binde mit Hilfe der Klebefolie auf Ihre Sohle und tragen Sie sie wenigstens acht Stunden lang.\" \/>\n<meta name=\"robots\" content=\"index, follow, max-snippet:-1, max-image-preview:large, max-video-preview:-1\" \/>\n<link rel=\"canonical\" href=\"https:\/\/nature4me.eu\/de\/produkt\/detox-patch\/\" \/>\n<meta property=\"og:locale\" content=\"de_DE\" \/>\n<meta property=\"og:type\" content=\"article\" \/>\n<meta property=\"og:title\" content=\"Detox Patch (12 Pflaster)\" \/>\n<meta property=\"og:description\" content=\"Entgiftungspflaster Detox Patch Calivita - Kleben Sie die Binde mit Hilfe der Klebefolie auf Ihre Sohle und tragen Sie sie wenigstens acht Stunden lang.\" \/>\n<meta property=\"og:url\" content=\"https:\/\/nature4me.eu\/de\/produkt\/detox-patch\/\" \/>\n<meta property=\"og:site_name\" content=\"CaliVita Nature4me\" \/>\n<meta property=\"article:publisher\" content=\"https:\/\/www.facebook.com\/zdravjeiznarave.eu\" \/>\n<meta property=\"article:modified_time\" content=\"2023-02-21T17:42:46+00:00\" \/>\n<meta property=\"og:image\" content=\"https:\/\/nature4me.eu\/wp-content\/uploads\/2016\/02\/Detox-Patch-2.png\" \/>\n\t<meta property=\"og:image:width\" content=\"216\" \/>\n\t<meta property=\"og:image:height\" content=\"200\" \/>\n\t<meta property=\"og:image:type\" content=\"image\/png\" \/>\n<meta name=\"twitter:card\" content=\"summary_large_image\" \/>\n<meta name=\"twitter:label1\" content=\"Gesch\u00e4tzte Lesezeit\" \/>\n\t<meta name=\"twitter:data1\" content=\"1\u00a0Minute\" \/>\n<script type=\"application\/ld+json\" class=\"yoast-schema-graph\">{\"@context\":\"https:\/\/schema.org\",\"@graph\":[{\"@type\":\"WebPage\",\"@id\":\"https:\/\/nature4me.eu\/de\/produkt\/detox-patch\/\",\"url\":\"https:\/\/nature4me.eu\/de\/produkt\/detox-patch\/\",\"name\":\"Entgiftungspflaster Detox Patch Calivita\",\"isPartOf\":{\"@id\":\"https:\/\/nature4me.eu\/de\/#website\"},\"primaryImageOfPage\":{\"@id\":\"https:\/\/nature4me.eu\/de\/produkt\/detox-patch\/#primaryimage\"},\"image\":{\"@id\":\"https:\/\/nature4me.eu\/de\/produkt\/detox-patch\/#primaryimage\"},\"thumbnailUrl\":\"https:\/\/nature4me.eu\/wp-content\/uploads\/2016\/02\/Detox-Patch-2.png\",\"datePublished\":\"2021-09-06T15:15:57+00:00\",\"dateModified\":\"2023-02-21T17:42:46+00:00\",\"description\":\"Entgiftungspflaster Detox Patch Calivita - Kleben Sie die Binde mit Hilfe der Klebefolie auf Ihre Sohle und tragen Sie sie wenigstens acht Stunden lang.\",\"breadcrumb\":{\"@id\":\"https:\/\/nature4me.eu\/de\/produkt\/detox-patch\/#breadcrumb\"},\"inLanguage\":\"de\",\"potentialAction\":[{\"@type\":\"ReadAction\",\"target\":[\"https:\/\/nature4me.eu\/de\/produkt\/detox-patch\/\"]}]},{\"@type\":\"ImageObject\",\"inLanguage\":\"de\",\"@id\":\"https:\/\/nature4me.eu\/de\/produkt\/detox-patch\/#primaryimage\",\"url\":\"https:\/\/nature4me.eu\/wp-content\/uploads\/2016\/02\/Detox-Patch-2.png\",\"contentUrl\":\"https:\/\/nature4me.eu\/wp-content\/uploads\/2016\/02\/Detox-Patch-2.png\",\"width\":216,\"height\":200,\"caption\":\"obli\u017ei za razstrupljanje\"},{\"@type\":\"BreadcrumbList\",\"@id\":\"https:\/\/nature4me.eu\/de\/produkt\/detox-patch\/#breadcrumb\",\"itemListElement\":[{\"@type\":\"ListItem\",\"position\":1,\"name\":\"Po\u010detna stranica\",\"item\":\"https:\/\/nature4me.eu\/de\/\"},{\"@type\":\"ListItem\",\"position\":2,\"name\":\"Webshop\",\"item\":\"https:\/\/nature4me.eu\/de\/shop\/\"},{\"@type\":\"ListItem\",\"position\":3,\"name\":\"Detox Patch (12 Pflaster)\"}]},{\"@type\":\"WebSite\",\"@id\":\"https:\/\/nature4me.eu\/de\/#website\",\"url\":\"https:\/\/nature4me.eu\/de\/\",\"name\":\"CaliVita Nature4me\",\"description\":\"CaliVita Nature4me\",\"potentialAction\":[{\"@type\":\"SearchAction\",\"target\":{\"@type\":\"EntryPoint\",\"urlTemplate\":\"https:\/\/nature4me.eu\/de\/?s={search_term_string}\"},\"query-input\":{\"@type\":\"PropertyValueSpecification\",\"valueRequired\":true,\"valueName\":\"search_term_string\"}}],\"inLanguage\":\"de\"}]}<\/script>\n<!-- \/ Yoast SEO Premium plugin. -->","yoast_head_json":{"title":"Entgiftungspflaster Detox Patch Calivita","description":"Entgiftungspflaster Detox Patch Calivita - Kleben Sie die Binde mit Hilfe der Klebefolie auf Ihre Sohle und tragen Sie sie wenigstens acht Stunden lang.","robots":{"index":"index","follow":"follow","max-snippet":"max-snippet:-1","max-image-preview":"max-image-preview:large","max-video-preview":"max-video-preview:-1"},"canonical":"https:\/\/nature4me.eu\/de\/produkt\/detox-patch\/","og_locale":"de_DE","og_type":"article","og_title":"Detox Patch (12 Pflaster)","og_description":"Entgiftungspflaster Detox Patch Calivita - Kleben Sie die Binde mit Hilfe der Klebefolie auf Ihre Sohle und tragen Sie sie wenigstens acht Stunden lang.","og_url":"https:\/\/nature4me.eu\/de\/produkt\/detox-patch\/","og_site_name":"CaliVita Nature4me","article_publisher":"https:\/\/www.facebook.com\/zdravjeiznarave.eu","article_modified_time":"2023-02-21T17:42:46+00:00","og_image":[{"width":216,"height":200,"url":"https:\/\/nature4me.eu\/wp-content\/uploads\/2016\/02\/Detox-Patch-2.png","type":"image\/png"}],"twitter_card":"summary_large_image","twitter_misc":{"Gesch\u00e4tzte Lesezeit":"1\u00a0Minute"},"schema":{"@context":"https:\/\/schema.org","@graph":[{"@type":"WebPage","@id":"https:\/\/nature4me.eu\/de\/produkt\/detox-patch\/","url":"https:\/\/nature4me.eu\/de\/produkt\/detox-patch\/","name":"Entgiftungspflaster Detox Patch Calivita","isPartOf":{"@id":"https:\/\/nature4me.eu\/de\/#website"},"primaryImageOfPage":{"@id":"https:\/\/nature4me.eu\/de\/produkt\/detox-patch\/#primaryimage"},"image":{"@id":"https:\/\/nature4me.eu\/de\/produkt\/detox-patch\/#primaryimage"},"thumbnailUrl":"https:\/\/nature4me.eu\/wp-content\/uploads\/2016\/02\/Detox-Patch-2.png","datePublished":"2021-09-06T15:15:57+00:00","dateModified":"2023-02-21T17:42:46+00:00","description":"Entgiftungspflaster Detox Patch Calivita - Kleben Sie die Binde mit Hilfe der Klebefolie auf Ihre Sohle und tragen Sie sie wenigstens acht Stunden lang.","breadcrumb":{"@id":"https:\/\/nature4me.eu\/de\/produkt\/detox-patch\/#breadcrumb"},"inLanguage":"de","potentialAction":[{"@type":"ReadAction","target":["https:\/\/nature4me.eu\/de\/produkt\/detox-patch\/"]}]},{"@type":"ImageObject","inLanguage":"de","@id":"https:\/\/nature4me.eu\/de\/produkt\/detox-patch\/#primaryimage","url":"https:\/\/nature4me.eu\/wp-content\/uploads\/2016\/02\/Detox-Patch-2.png","contentUrl":"https:\/\/nature4me.eu\/wp-content\/uploads\/2016\/02\/Detox-Patch-2.png","width":216,"height":200,"caption":"obli\u017ei za razstrupljanje"},{"@type":"BreadcrumbList","@id":"https:\/\/nature4me.eu\/de\/produkt\/detox-patch\/#breadcrumb","itemListElement":[{"@type":"ListItem","position":1,"name":"Po\u010detna stranica","item":"https:\/\/nature4me.eu\/de\/"},{"@type":"ListItem","position":2,"name":"Webshop","item":"https:\/\/nature4me.eu\/de\/shop\/"},{"@type":"ListItem","position":3,"name":"Detox Patch (12 Pflaster)"}]},{"@type":"WebSite","@id":"https:\/\/nature4me.eu\/de\/#website","url":"https:\/\/nature4me.eu\/de\/","name":"CaliVita Nature4me","description":"CaliVita Nature4me","potentialAction":[{"@type":"SearchAction","target":{"@type":"EntryPoint","urlTemplate":"https:\/\/nature4me.eu\/de\/?s={search_term_string}"},"query-input":{"@type":"PropertyValueSpecification","valueRequired":true,"valueName":"search_term_string"}}],"inLanguage":"de"}]}},"_links":{"self":[{"href":"https:\/\/nature4me.eu\/de\/wp-json\/wp\/v2\/product\/5749","targetHints":{"allow":["GET"]}}],"collection":[{"href":"https:\/\/nature4me.eu\/de\/wp-json\/wp\/v2\/product"}],"about":[{"href":"https:\/\/nature4me.eu\/de\/wp-json\/wp\/v2\/types\/product"}],"replies":[{"embeddable":true,"href":"https:\/\/nature4me.eu\/de\/wp-json\/wp\/v2\/comments?post=5749"}],"wp:featuredmedia":[{"embeddable":true,"href":"https:\/\/nature4me.eu\/de\/wp-json\/wp\/v2\/media\/7679"}],"wp:attachment":[{"href":"https:\/\/nature4me.eu\/de\/wp-json\/wp\/v2\/media?parent=5749"}],"wp:term":[{"taxonomy":"product_brand","embeddable":true,"href":"https:\/\/nature4me.eu\/de\/wp-json\/wp\/v2\/product_brand?post=5749"},{"taxonomy":"product_cat","embeddable":true,"href":"https:\/\/nature4me.eu\/de\/wp-json\/wp\/v2\/product_cat?post=5749"},{"taxonomy":"product_tag","embeddable":true,"href":"https:\/\/nature4me.eu\/de\/wp-json\/wp\/v2\/product_tag?post=5749"}],"curies":[{"name":"wp","href":"https:\/\/api.w.org\/{rel}","templated":true}]}}