{"id":5755,"date":"2016-02-24T17:12:19","date_gmt":"2021-09-06T15:23:32","guid":{"rendered":"https:\/\/nature4me.eu\/?post_type=product&#038;p=5755"},"modified":"2023-02-21T19:42:47","modified_gmt":"2023-02-21T17:42:47","slug":"cell-xc","status":"publish","type":"product","link":"https:\/\/nature4me.eu\/de\/produkt\/cell-xc\/","title":{"rendered":"Cell XC (160 Kapseln)"},"content":{"rendered":"<div id=\"product-long-decs\">\n<p>Cell XC ist eine nat\u00fcrliche Mischung von Vitaminen und Aminos\u00e4uren, in der Aminos\u00e4uren, Vitamine und sonstige Zellen aufbauende Stoffe in bedeutender Menge zu finden sind, die eine besondere Rolle beim Regenerieren und bei Verst\u00e4rkung des Organismus im Fall von schweren Krankheiten, bedeutenden Abschw\u00e4chungen, Gewichtsverlust und in einem allgemeinen schlechten Zustand spielen. <strong>Cell Xc &#8211; Culevit kann bei Vorbeugung von anomaler Zellteilung, bei deren Behandlung helfen, es kann den Schutzmechanismus des Organismus f\u00f6rdern.<\/strong><\/p>\n<h5>Wem und wozu empfehlen wir es:<\/h5>\n<ul>\n<li>Zur F\u00f6rderung des Regenerierens des Organismus,<\/li>\n<li>nach Operationen, Verletzungen, schweren Krankheiten, in der Phase des Gesundwerdens,<\/li>\n<li>bei Tumoren \u2013 mit dem Arzt konsultiert \u2013 als Erg\u00e4nzung der Behandlung.<\/li>\n<\/ul>\n<\/div>\n<p><!-- Product Specification --><\/p>\n<table class=\"product_details_body\" border=\"0\" width=\"500\" cellspacing=\"0\" align=\"center\" bgcolor=\"#7CDB8B\">\n<tbody>\n<tr bgcolor=>\n<td height=\"20\"><u>Wirkstoffe\/Tablette:<\/u><\/td>\n<td width=\"100\"><span class=\"pvdecla\">(View Declaration)<\/span><\/td>\n<td width=\"70\"><span class=\"pd-rda\">*RDA:<\/span><\/td>\n<\/tr>\n<tr>\n<td>Arginine<\/td>\n<td>78.39 mg<\/td>\n<td><\/td>\n<\/tr>\n<tr>\n<td>Phenylalanine<\/td>\n<td>33.04 mg<\/td>\n<td><\/td>\n<\/tr>\n<tr>\n<td>Histidine<\/td>\n<td>31.03 mg<\/td>\n<td><\/td>\n<\/tr>\n<tr>\n<td>Vitamin C<\/td>\n<td>30 mg<\/td>\n<td>438%<\/td>\n<\/tr>\n<tr>\n<td>Methionine<\/td>\n<td>29.84 mg<\/td>\n<td><\/td>\n<\/tr>\n<tr>\n<td>\u00c4pfels\u00e4ure<\/td>\n<td>23.47 mg<\/td>\n<td><\/td>\n<\/tr>\n<tr>\n<td>Tryptophane<\/td>\n<td>15.32 mg<\/td>\n<td><\/td>\n<\/tr>\n<tr>\n<td>Adenine<\/td>\n<td>2.26 mg<\/td>\n<td><\/td>\n<\/tr>\n<tr>\n<td>Tyrosine<\/td>\n<td>1.27 mg<\/td>\n<td><\/td>\n<\/tr>\n<tr>\n<td>Vitamin B6<\/td>\n<td>1 mg<\/td>\n<td>871%<\/td>\n<\/tr>\n<tr>\n<td>Vitamin B2<\/td>\n<td>0.8 mg<\/td>\n<td>571%<\/td>\n<\/tr>\n<tr>\n<td>Biotin<\/td>\n<td>0.03 mg<\/td>\n<td>600%<\/td>\n<\/tr>\n<tr>\n<td colspan=\"3\" height=\"10\"><\/td>\n<\/tr>\n<tr bgcolor=>\n<td colspan=\"3\" height=\"20\"><u>Dosierung *RDA:<\/u><\/td>\n<\/tr>\n<tr>\n<td colspan=\"3\" align=\"center\" height=\"15\">3-5&#215;2 Tabletten t\u00e4glich<\/td>\n<\/tr>\n<tr bgcolor=>\n<td colspan=\"3\" height=\"20\"><u>Andere Zutaten:<\/u><\/td>\n<\/tr>\n<tr>\n<td colspan=\"3\" height=\"10\">Andere Zutaten: Mikrokristalline Cellulose, Hydroxypropylmethylcellulose, Reiskonzentrat, Kiesels\u00e4ure<\/td>\n<\/tr>\n<tr>\n<td colspan=\"3\" height=\"10\"><\/td>\n<\/tr>\n<\/tbody>\n<\/table>\n<p><!-- End Product Specification --><\/p>\n<p><!-- Product Declaration --><\/p>\n<div id=\"product-declaration-title\">Nahrungserg\u00e4nzungsmittel<\/div>\n<div class=\"prod-declaration\">\n<div class=\"declar-txt\">\n<p>(* RDA = Tageswert) Die empfohlenen Tagesmengen sollten nicht \u00fcberschritten werden. Das Nahrungserg\u00e4nzungsmittel ist kein Ersatz f\u00fcr eine ausgewogene und abwechslungsreiche Ern\u00e4hrung. Au\u00dferhalb der Reichweite von Kindern aufbewahren.<\/p>\n<\/div>\n<\/div>\n","protected":false},"excerpt":{"rendered":"<p><!-- Short Details --><\/p>\n<div class=\"short-product-desc\"><\/div>\n","protected":false},"featured_media":7691,"comment_status":"closed","ping_status":"closed","template":"","meta":{"inline_featured_image":false,"_monsterinsights_skip_tracking":false,"_monsterinsights_sitenote_active":false,"_monsterinsights_sitenote_note":"","_monsterinsights_sitenote_category":0},"product_brand":[],"product_cat":[36,164,163],"product_tag":[],"class_list":{"0":"post-5755","1":"product","2":"type-product","3":"status-publish","4":"has-post-thumbnail","6":"product_cat-andere-nahrungsergaenzungsmittel","7":"product_cat-immunsystem-staerken-de","8":"product_cat-vegetarier-veganer-de","10":"first","11":"instock","12":"taxable","13":"shipping-taxable","14":"purchasable","15":"product-type-simple"},"yoast_head":"<!-- This site is optimized with the Yoast SEO Premium plugin v21.9 (Yoast SEO v26.6) - https:\/\/yoast.com\/wordpress\/plugins\/seo\/ -->\n<title>Cell XC CaliVita 180 Kapseln - Nature4Me<\/title>\n<meta name=\"description\" content=\"Cell XC Calivita ist eine nat\u00fcrliche Mischung von Vitaminen und Aminos\u00e4uren.\" \/>\n<meta name=\"robots\" content=\"index, follow, max-snippet:-1, max-image-preview:large, max-video-preview:-1\" \/>\n<link rel=\"canonical\" href=\"https:\/\/nature4me.eu\/de\/produkt\/cell-xc\/\" \/>\n<meta property=\"og:locale\" content=\"de_DE\" \/>\n<meta property=\"og:type\" content=\"article\" \/>\n<meta property=\"og:title\" content=\"Cell XC (160 Kapseln)\" \/>\n<meta property=\"og:description\" content=\"Cell XC Calivita ist eine nat\u00fcrliche Mischung von Vitaminen und Aminos\u00e4uren.\" \/>\n<meta property=\"og:url\" content=\"https:\/\/nature4me.eu\/de\/produkt\/cell-xc\/\" \/>\n<meta property=\"og:site_name\" content=\"CaliVita Nature4me\" \/>\n<meta property=\"article:publisher\" content=\"https:\/\/www.facebook.com\/zdravjeiznarave.eu\" \/>\n<meta property=\"article:modified_time\" content=\"2023-02-21T17:42:47+00:00\" \/>\n<meta property=\"og:image\" content=\"https:\/\/nature4me.eu\/wp-content\/uploads\/2016\/02\/Cell-HC-1.png\" \/>\n\t<meta property=\"og:image:width\" content=\"154\" \/>\n\t<meta property=\"og:image:height\" content=\"300\" \/>\n\t<meta property=\"og:image:type\" content=\"image\/png\" \/>\n<meta name=\"twitter:card\" content=\"summary_large_image\" \/>\n<meta name=\"twitter:label1\" content=\"Gesch\u00e4tzte Lesezeit\" \/>\n\t<meta name=\"twitter:data1\" content=\"1\u00a0Minute\" \/>\n<script type=\"application\/ld+json\" class=\"yoast-schema-graph\">{\"@context\":\"https:\/\/schema.org\",\"@graph\":[{\"@type\":\"WebPage\",\"@id\":\"https:\/\/nature4me.eu\/de\/produkt\/cell-xc\/\",\"url\":\"https:\/\/nature4me.eu\/de\/produkt\/cell-xc\/\",\"name\":\"Cell XC CaliVita 180 Kapseln - Nature4Me\",\"isPartOf\":{\"@id\":\"https:\/\/nature4me.eu\/de\/#website\"},\"primaryImageOfPage\":{\"@id\":\"https:\/\/nature4me.eu\/de\/produkt\/cell-xc\/#primaryimage\"},\"image\":{\"@id\":\"https:\/\/nature4me.eu\/de\/produkt\/cell-xc\/#primaryimage\"},\"thumbnailUrl\":\"https:\/\/nature4me.eu\/wp-content\/uploads\/2016\/02\/Cell-HC-1.png\",\"datePublished\":\"2021-09-06T15:23:32+00:00\",\"dateModified\":\"2023-02-21T17:42:47+00:00\",\"description\":\"Cell XC Calivita ist eine nat\u00fcrliche Mischung von Vitaminen und Aminos\u00e4uren.\",\"breadcrumb\":{\"@id\":\"https:\/\/nature4me.eu\/de\/produkt\/cell-xc\/#breadcrumb\"},\"inLanguage\":\"de\",\"potentialAction\":[{\"@type\":\"ReadAction\",\"target\":[\"https:\/\/nature4me.eu\/de\/produkt\/cell-xc\/\"]}]},{\"@type\":\"ImageObject\",\"inLanguage\":\"de\",\"@id\":\"https:\/\/nature4me.eu\/de\/produkt\/cell-xc\/#primaryimage\",\"url\":\"https:\/\/nature4me.eu\/wp-content\/uploads\/2016\/02\/Cell-HC-1.png\",\"contentUrl\":\"https:\/\/nature4me.eu\/wp-content\/uploads\/2016\/02\/Cell-HC-1.png\",\"width\":154,\"height\":300},{\"@type\":\"BreadcrumbList\",\"@id\":\"https:\/\/nature4me.eu\/de\/produkt\/cell-xc\/#breadcrumb\",\"itemListElement\":[{\"@type\":\"ListItem\",\"position\":1,\"name\":\"Po\u010detna stranica\",\"item\":\"https:\/\/nature4me.eu\/de\/\"},{\"@type\":\"ListItem\",\"position\":2,\"name\":\"Webshop\",\"item\":\"https:\/\/nature4me.eu\/de\/shop\/\"},{\"@type\":\"ListItem\",\"position\":3,\"name\":\"Cell XC (160 Kapseln)\"}]},{\"@type\":\"WebSite\",\"@id\":\"https:\/\/nature4me.eu\/de\/#website\",\"url\":\"https:\/\/nature4me.eu\/de\/\",\"name\":\"CaliVita Nature4me\",\"description\":\"CaliVita Nature4me\",\"potentialAction\":[{\"@type\":\"SearchAction\",\"target\":{\"@type\":\"EntryPoint\",\"urlTemplate\":\"https:\/\/nature4me.eu\/de\/?s={search_term_string}\"},\"query-input\":{\"@type\":\"PropertyValueSpecification\",\"valueRequired\":true,\"valueName\":\"search_term_string\"}}],\"inLanguage\":\"de\"}]}<\/script>\n<!-- \/ Yoast SEO Premium plugin. -->","yoast_head_json":{"title":"Cell XC CaliVita 180 Kapseln - Nature4Me","description":"Cell XC Calivita ist eine nat\u00fcrliche Mischung von Vitaminen und Aminos\u00e4uren.","robots":{"index":"index","follow":"follow","max-snippet":"max-snippet:-1","max-image-preview":"max-image-preview:large","max-video-preview":"max-video-preview:-1"},"canonical":"https:\/\/nature4me.eu\/de\/produkt\/cell-xc\/","og_locale":"de_DE","og_type":"article","og_title":"Cell XC (160 Kapseln)","og_description":"Cell XC Calivita ist eine nat\u00fcrliche Mischung von Vitaminen und Aminos\u00e4uren.","og_url":"https:\/\/nature4me.eu\/de\/produkt\/cell-xc\/","og_site_name":"CaliVita Nature4me","article_publisher":"https:\/\/www.facebook.com\/zdravjeiznarave.eu","article_modified_time":"2023-02-21T17:42:47+00:00","og_image":[{"width":154,"height":300,"url":"https:\/\/nature4me.eu\/wp-content\/uploads\/2016\/02\/Cell-HC-1.png","type":"image\/png"}],"twitter_card":"summary_large_image","twitter_misc":{"Gesch\u00e4tzte Lesezeit":"1\u00a0Minute"},"schema":{"@context":"https:\/\/schema.org","@graph":[{"@type":"WebPage","@id":"https:\/\/nature4me.eu\/de\/produkt\/cell-xc\/","url":"https:\/\/nature4me.eu\/de\/produkt\/cell-xc\/","name":"Cell XC CaliVita 180 Kapseln - Nature4Me","isPartOf":{"@id":"https:\/\/nature4me.eu\/de\/#website"},"primaryImageOfPage":{"@id":"https:\/\/nature4me.eu\/de\/produkt\/cell-xc\/#primaryimage"},"image":{"@id":"https:\/\/nature4me.eu\/de\/produkt\/cell-xc\/#primaryimage"},"thumbnailUrl":"https:\/\/nature4me.eu\/wp-content\/uploads\/2016\/02\/Cell-HC-1.png","datePublished":"2021-09-06T15:23:32+00:00","dateModified":"2023-02-21T17:42:47+00:00","description":"Cell XC Calivita ist eine nat\u00fcrliche Mischung von Vitaminen und Aminos\u00e4uren.","breadcrumb":{"@id":"https:\/\/nature4me.eu\/de\/produkt\/cell-xc\/#breadcrumb"},"inLanguage":"de","potentialAction":[{"@type":"ReadAction","target":["https:\/\/nature4me.eu\/de\/produkt\/cell-xc\/"]}]},{"@type":"ImageObject","inLanguage":"de","@id":"https:\/\/nature4me.eu\/de\/produkt\/cell-xc\/#primaryimage","url":"https:\/\/nature4me.eu\/wp-content\/uploads\/2016\/02\/Cell-HC-1.png","contentUrl":"https:\/\/nature4me.eu\/wp-content\/uploads\/2016\/02\/Cell-HC-1.png","width":154,"height":300},{"@type":"BreadcrumbList","@id":"https:\/\/nature4me.eu\/de\/produkt\/cell-xc\/#breadcrumb","itemListElement":[{"@type":"ListItem","position":1,"name":"Po\u010detna stranica","item":"https:\/\/nature4me.eu\/de\/"},{"@type":"ListItem","position":2,"name":"Webshop","item":"https:\/\/nature4me.eu\/de\/shop\/"},{"@type":"ListItem","position":3,"name":"Cell XC (160 Kapseln)"}]},{"@type":"WebSite","@id":"https:\/\/nature4me.eu\/de\/#website","url":"https:\/\/nature4me.eu\/de\/","name":"CaliVita Nature4me","description":"CaliVita Nature4me","potentialAction":[{"@type":"SearchAction","target":{"@type":"EntryPoint","urlTemplate":"https:\/\/nature4me.eu\/de\/?s={search_term_string}"},"query-input":{"@type":"PropertyValueSpecification","valueRequired":true,"valueName":"search_term_string"}}],"inLanguage":"de"}]}},"_links":{"self":[{"href":"https:\/\/nature4me.eu\/de\/wp-json\/wp\/v2\/product\/5755","targetHints":{"allow":["GET"]}}],"collection":[{"href":"https:\/\/nature4me.eu\/de\/wp-json\/wp\/v2\/product"}],"about":[{"href":"https:\/\/nature4me.eu\/de\/wp-json\/wp\/v2\/types\/product"}],"replies":[{"embeddable":true,"href":"https:\/\/nature4me.eu\/de\/wp-json\/wp\/v2\/comments?post=5755"}],"wp:featuredmedia":[{"embeddable":true,"href":"https:\/\/nature4me.eu\/de\/wp-json\/wp\/v2\/media\/7691"}],"wp:attachment":[{"href":"https:\/\/nature4me.eu\/de\/wp-json\/wp\/v2\/media?parent=5755"}],"wp:term":[{"taxonomy":"product_brand","embeddable":true,"href":"https:\/\/nature4me.eu\/de\/wp-json\/wp\/v2\/product_brand?post=5755"},{"taxonomy":"product_cat","embeddable":true,"href":"https:\/\/nature4me.eu\/de\/wp-json\/wp\/v2\/product_cat?post=5755"},{"taxonomy":"product_tag","embeddable":true,"href":"https:\/\/nature4me.eu\/de\/wp-json\/wp\/v2\/product_tag?post=5755"}],"curies":[{"name":"wp","href":"https:\/\/api.w.org\/{rel}","templated":true}]}}