{"id":5759,"date":"2016-02-20T17:05:49","date_gmt":"2021-09-06T15:29:35","guid":{"rendered":"https:\/\/nature4me.eu\/?post_type=product&#038;p=5759"},"modified":"2023-02-21T19:42:47","modified_gmt":"2023-02-21T17:42:47","slug":"chromium-max-500","status":"publish","type":"product","link":"https:\/\/nature4me.eu\/de\/produkt\/chromium-max-500\/","title":{"rendered":"Chromium Max 500 (100 Kapseln)"},"content":{"rendered":"<div id=\"product-long-decs\">\n<p>Chromium ist ein essentielles Mikroelement, das bedeutet, das unser Organismus nicht f\u00e4hig ist, ihn zu bilden, deshalb k\u00f6nnen wir ihn nur aus anderen, \u00e4u\u00dferen Quellen erg\u00e4nzen. Er nimmt an dem <strong>normalen Stoffwechsel von Kohlenhydrat, Protein und Fett teil, er tr\u00e4gt zum Bewahren des normalen Blutzuckers bei<\/strong>. Dadurch kann es die \u201eSehnsucht\u201c nach S\u00fc\u00dfigkeit wegen der pl\u00f6tzlichen Schwankung des Blutzuckers verhindern und so verbessert es die Effektivit\u00e4t der K\u00f6rpergewicht senkenden Nahrung. Nicht alle Formen von Chromium haben eine angemessene Absorption. Die Absorption und die Verwertung von seinen organischen Formen wie z. B. Pikolin Chrom sind ausgezeichnet.<\/p>\n<h5>Wem und wozu empfehlen wir es:<\/h5>\n<ul>\n<li>Denjenigen, bei denen die Senkung des K\u00f6rpergewichts wegen stetigen Hungergef\u00fchls vor allem wegen Kohlenhydrat-Hungers ohne Erfolg ist,<\/li>\n<li>als Erg\u00e4nzung bei Therapie zum Erreichen von einem normalen Blutzucker<strong>.<\/strong><\/li>\n<\/ul>\n<\/div>\n<p><!-- Product Specification --><\/p>\n<table class=\"product_details_body\" border=\"0\" width=\"500\" cellspacing=\"0\" align=\"center\" bgcolor=\"#7CDB8B\">\n<tbody>\n<tr bgcolor=>\n<td height=\"20\"><u>Wirkstoffe Tablette\/Kapsel:<\/u><\/td>\n<td width=\"100\"><span class=\"pvdecla\">(Deklaration anzeigen)<\/span><\/td>\n<td width=\"70\"><span class=\"pd-rda\">*RDA:<\/span><\/td>\n<\/tr>\n<tr>\n<td>Chrom<\/td>\n<td>60 mcg<\/td>\n<td><\/td>\n<\/tr>\n<tr>\n<td colspan=\"3\" height=\"10\"><\/td>\n<\/tr>\n<tr bgcolor=>\n<td colspan=\"3\" height=\"20\"><u>Empfohlene Verwendung\/T\u00e4glich *RDA:<\/u><\/td>\n<\/tr>\n<tr>\n<td colspan=\"3\" align=\"center\" height=\"15\">1 Kapseln t\u00e4glich.<\/td>\n<\/tr>\n<tr bgcolor=>\n<td colspan=\"3\" height=\"20\"><u>Inaktive Inhaltsstoffe, Warnungen und Produktdeklarationen:<\/u><\/td>\n<\/tr>\n<tr>\n<td colspan=\"3\" height=\"10\">Andere Zutaten: mikrokristalline Cellulose, Molke **, Gelatine.<\/td>\n<\/tr>\n<tr>\n<td colspan=\"3\" height=\"10\"><\/td>\n<\/tr>\n<\/tbody>\n<\/table>\n<p><!-- End Product Specification --><\/p>\n<p><!-- Product Declaration --><\/p>\n<div id=\"product-declaration-title\">Nahrungserg\u00e4nzungsmittel<\/div>\n<div class=\"prod-declaration\">\n<div class=\"declar-txt\">\n<p>Achtung! ** Die Zutat kann als Allergen wirken oder Intoleranz verursachen.<\/p>\n<p>(* RDA = Tageswert) Die empfohlenen Tagesmengen sollten nicht \u00fcberschritten werden. Das Nahrungserg\u00e4nzungsmittel ist kein Ersatz f\u00fcr eine ausgewogene und abwechslungsreiche Ern\u00e4hrung. Au\u00dferhalb der Reichweite von Kindern aufbewahren.<\/p>\n<\/div>\n<\/div>\n","protected":false},"excerpt":{"rendered":"<p><!-- Short Details --><\/p>\n<div class=\"short-product-desc\">\n<h3 class=\"details_h3\">Nat\u00fcrliche appetitzuegler<\/h3>\n<\/div>\n","protected":false},"featured_media":7770,"comment_status":"closed","ping_status":"closed","template":"","meta":{"inline_featured_image":false,"_monsterinsights_skip_tracking":false,"_monsterinsights_sitenote_active":false,"_monsterinsights_sitenote_note":"","_monsterinsights_sitenote_category":0},"product_brand":[],"product_cat":[156],"product_tag":[],"class_list":{"0":"post-5759","1":"product","2":"type-product","3":"status-publish","4":"has-post-thumbnail","6":"product_cat-gewichtskontrolle-de","8":"first","9":"instock","10":"taxable","11":"shipping-taxable","12":"purchasable","13":"product-type-simple"},"yoast_head":"<!-- This site is optimized with the Yoast SEO Premium plugin v21.9 (Yoast SEO v26.6) - https:\/\/yoast.com\/wordpress\/plugins\/seo\/ -->\n<title>Chromium Max Appetitregler CaliVita - Nature4Me<\/title>\n<meta name=\"description\" content=\"Chromium Max Calivita ist eines der essentiellen Spurenelemente, das unser K\u00f6rper nicht selbst herstellen kann - Appetitregler.\" \/>\n<meta name=\"robots\" content=\"index, follow, max-snippet:-1, max-image-preview:large, max-video-preview:-1\" \/>\n<link rel=\"canonical\" href=\"https:\/\/nature4me.eu\/de\/produkt\/chromium-max-500\/\" \/>\n<meta property=\"og:locale\" content=\"de_DE\" \/>\n<meta property=\"og:type\" content=\"article\" \/>\n<meta property=\"og:title\" content=\"Chromium Max 500 (100 Kapseln)\" \/>\n<meta property=\"og:description\" content=\"Chromium Max Calivita ist eines der essentiellen Spurenelemente, das unser K\u00f6rper nicht selbst herstellen kann - Appetitregler.\" \/>\n<meta property=\"og:url\" content=\"https:\/\/nature4me.eu\/de\/produkt\/chromium-max-500\/\" \/>\n<meta property=\"og:site_name\" content=\"CaliVita Nature4me\" \/>\n<meta property=\"article:publisher\" content=\"https:\/\/www.facebook.com\/zdravjeiznarave.eu\" \/>\n<meta property=\"article:modified_time\" content=\"2023-02-21T17:42:47+00:00\" \/>\n<meta property=\"og:image\" content=\"https:\/\/nature4me.eu\/wp-content\/uploads\/2016\/02\/Chromium-Max-500-1.png\" \/>\n\t<meta property=\"og:image:width\" content=\"166\" \/>\n\t<meta property=\"og:image:height\" content=\"300\" \/>\n\t<meta property=\"og:image:type\" content=\"image\/png\" \/>\n<meta name=\"twitter:card\" content=\"summary_large_image\" \/>\n<meta name=\"twitter:label1\" content=\"Gesch\u00e4tzte Lesezeit\" \/>\n\t<meta name=\"twitter:data1\" content=\"1\u00a0Minute\" \/>\n<script type=\"application\/ld+json\" class=\"yoast-schema-graph\">{\"@context\":\"https:\/\/schema.org\",\"@graph\":[{\"@type\":\"WebPage\",\"@id\":\"https:\/\/nature4me.eu\/de\/produkt\/chromium-max-500\/\",\"url\":\"https:\/\/nature4me.eu\/de\/produkt\/chromium-max-500\/\",\"name\":\"Chromium Max Appetitregler CaliVita - Nature4Me\",\"isPartOf\":{\"@id\":\"https:\/\/nature4me.eu\/de\/#website\"},\"primaryImageOfPage\":{\"@id\":\"https:\/\/nature4me.eu\/de\/produkt\/chromium-max-500\/#primaryimage\"},\"image\":{\"@id\":\"https:\/\/nature4me.eu\/de\/produkt\/chromium-max-500\/#primaryimage\"},\"thumbnailUrl\":\"https:\/\/nature4me.eu\/wp-content\/uploads\/2016\/02\/Chromium-Max-500-1.png\",\"datePublished\":\"2021-09-06T15:29:35+00:00\",\"dateModified\":\"2023-02-21T17:42:47+00:00\",\"description\":\"Chromium Max Calivita ist eines der essentiellen Spurenelemente, das unser K\u00f6rper nicht selbst herstellen kann - Appetitregler.\",\"breadcrumb\":{\"@id\":\"https:\/\/nature4me.eu\/de\/produkt\/chromium-max-500\/#breadcrumb\"},\"inLanguage\":\"de\",\"potentialAction\":[{\"@type\":\"ReadAction\",\"target\":[\"https:\/\/nature4me.eu\/de\/produkt\/chromium-max-500\/\"]}]},{\"@type\":\"ImageObject\",\"inLanguage\":\"de\",\"@id\":\"https:\/\/nature4me.eu\/de\/produkt\/chromium-max-500\/#primaryimage\",\"url\":\"https:\/\/nature4me.eu\/wp-content\/uploads\/2016\/02\/Chromium-Max-500-1.png\",\"contentUrl\":\"https:\/\/nature4me.eu\/wp-content\/uploads\/2016\/02\/Chromium-Max-500-1.png\",\"width\":166,\"height\":300,\"caption\":\"uravnava apetit\"},{\"@type\":\"BreadcrumbList\",\"@id\":\"https:\/\/nature4me.eu\/de\/produkt\/chromium-max-500\/#breadcrumb\",\"itemListElement\":[{\"@type\":\"ListItem\",\"position\":1,\"name\":\"Po\u010detna stranica\",\"item\":\"https:\/\/nature4me.eu\/de\/\"},{\"@type\":\"ListItem\",\"position\":2,\"name\":\"Webshop\",\"item\":\"https:\/\/nature4me.eu\/de\/shop\/\"},{\"@type\":\"ListItem\",\"position\":3,\"name\":\"Chromium Max 500 (100 Kapseln)\"}]},{\"@type\":\"WebSite\",\"@id\":\"https:\/\/nature4me.eu\/de\/#website\",\"url\":\"https:\/\/nature4me.eu\/de\/\",\"name\":\"CaliVita Nature4me\",\"description\":\"CaliVita Nature4me\",\"potentialAction\":[{\"@type\":\"SearchAction\",\"target\":{\"@type\":\"EntryPoint\",\"urlTemplate\":\"https:\/\/nature4me.eu\/de\/?s={search_term_string}\"},\"query-input\":{\"@type\":\"PropertyValueSpecification\",\"valueRequired\":true,\"valueName\":\"search_term_string\"}}],\"inLanguage\":\"de\"}]}<\/script>\n<!-- \/ Yoast SEO Premium plugin. -->","yoast_head_json":{"title":"Chromium Max Appetitregler CaliVita - Nature4Me","description":"Chromium Max Calivita ist eines der essentiellen Spurenelemente, das unser K\u00f6rper nicht selbst herstellen kann - Appetitregler.","robots":{"index":"index","follow":"follow","max-snippet":"max-snippet:-1","max-image-preview":"max-image-preview:large","max-video-preview":"max-video-preview:-1"},"canonical":"https:\/\/nature4me.eu\/de\/produkt\/chromium-max-500\/","og_locale":"de_DE","og_type":"article","og_title":"Chromium Max 500 (100 Kapseln)","og_description":"Chromium Max Calivita ist eines der essentiellen Spurenelemente, das unser K\u00f6rper nicht selbst herstellen kann - Appetitregler.","og_url":"https:\/\/nature4me.eu\/de\/produkt\/chromium-max-500\/","og_site_name":"CaliVita Nature4me","article_publisher":"https:\/\/www.facebook.com\/zdravjeiznarave.eu","article_modified_time":"2023-02-21T17:42:47+00:00","og_image":[{"width":166,"height":300,"url":"https:\/\/nature4me.eu\/wp-content\/uploads\/2016\/02\/Chromium-Max-500-1.png","type":"image\/png"}],"twitter_card":"summary_large_image","twitter_misc":{"Gesch\u00e4tzte Lesezeit":"1\u00a0Minute"},"schema":{"@context":"https:\/\/schema.org","@graph":[{"@type":"WebPage","@id":"https:\/\/nature4me.eu\/de\/produkt\/chromium-max-500\/","url":"https:\/\/nature4me.eu\/de\/produkt\/chromium-max-500\/","name":"Chromium Max Appetitregler CaliVita - Nature4Me","isPartOf":{"@id":"https:\/\/nature4me.eu\/de\/#website"},"primaryImageOfPage":{"@id":"https:\/\/nature4me.eu\/de\/produkt\/chromium-max-500\/#primaryimage"},"image":{"@id":"https:\/\/nature4me.eu\/de\/produkt\/chromium-max-500\/#primaryimage"},"thumbnailUrl":"https:\/\/nature4me.eu\/wp-content\/uploads\/2016\/02\/Chromium-Max-500-1.png","datePublished":"2021-09-06T15:29:35+00:00","dateModified":"2023-02-21T17:42:47+00:00","description":"Chromium Max Calivita ist eines der essentiellen Spurenelemente, das unser K\u00f6rper nicht selbst herstellen kann - Appetitregler.","breadcrumb":{"@id":"https:\/\/nature4me.eu\/de\/produkt\/chromium-max-500\/#breadcrumb"},"inLanguage":"de","potentialAction":[{"@type":"ReadAction","target":["https:\/\/nature4me.eu\/de\/produkt\/chromium-max-500\/"]}]},{"@type":"ImageObject","inLanguage":"de","@id":"https:\/\/nature4me.eu\/de\/produkt\/chromium-max-500\/#primaryimage","url":"https:\/\/nature4me.eu\/wp-content\/uploads\/2016\/02\/Chromium-Max-500-1.png","contentUrl":"https:\/\/nature4me.eu\/wp-content\/uploads\/2016\/02\/Chromium-Max-500-1.png","width":166,"height":300,"caption":"uravnava apetit"},{"@type":"BreadcrumbList","@id":"https:\/\/nature4me.eu\/de\/produkt\/chromium-max-500\/#breadcrumb","itemListElement":[{"@type":"ListItem","position":1,"name":"Po\u010detna stranica","item":"https:\/\/nature4me.eu\/de\/"},{"@type":"ListItem","position":2,"name":"Webshop","item":"https:\/\/nature4me.eu\/de\/shop\/"},{"@type":"ListItem","position":3,"name":"Chromium Max 500 (100 Kapseln)"}]},{"@type":"WebSite","@id":"https:\/\/nature4me.eu\/de\/#website","url":"https:\/\/nature4me.eu\/de\/","name":"CaliVita Nature4me","description":"CaliVita Nature4me","potentialAction":[{"@type":"SearchAction","target":{"@type":"EntryPoint","urlTemplate":"https:\/\/nature4me.eu\/de\/?s={search_term_string}"},"query-input":{"@type":"PropertyValueSpecification","valueRequired":true,"valueName":"search_term_string"}}],"inLanguage":"de"}]}},"_links":{"self":[{"href":"https:\/\/nature4me.eu\/de\/wp-json\/wp\/v2\/product\/5759","targetHints":{"allow":["GET"]}}],"collection":[{"href":"https:\/\/nature4me.eu\/de\/wp-json\/wp\/v2\/product"}],"about":[{"href":"https:\/\/nature4me.eu\/de\/wp-json\/wp\/v2\/types\/product"}],"replies":[{"embeddable":true,"href":"https:\/\/nature4me.eu\/de\/wp-json\/wp\/v2\/comments?post=5759"}],"wp:featuredmedia":[{"embeddable":true,"href":"https:\/\/nature4me.eu\/de\/wp-json\/wp\/v2\/media\/7770"}],"wp:attachment":[{"href":"https:\/\/nature4me.eu\/de\/wp-json\/wp\/v2\/media?parent=5759"}],"wp:term":[{"taxonomy":"product_brand","embeddable":true,"href":"https:\/\/nature4me.eu\/de\/wp-json\/wp\/v2\/product_brand?post=5759"},{"taxonomy":"product_cat","embeddable":true,"href":"https:\/\/nature4me.eu\/de\/wp-json\/wp\/v2\/product_cat?post=5759"},{"taxonomy":"product_tag","embeddable":true,"href":"https:\/\/nature4me.eu\/de\/wp-json\/wp\/v2\/product_tag?post=5759"}],"curies":[{"name":"wp","href":"https:\/\/api.w.org\/{rel}","templated":true}]}}