{"id":5762,"date":"2016-02-20T16:25:24","date_gmt":"2021-09-06T15:42:14","guid":{"rendered":"https:\/\/nature4me.eu\/?post_type=product&#038;p=5762"},"modified":"2023-02-21T19:42:48","modified_gmt":"2023-02-21T17:42:48","slug":"liquid-chlorophyll","status":"publish","type":"product","link":"https:\/\/nature4me.eu\/de\/produkt\/liquid-chlorophyll\/","title":{"rendered":"Liquid Chlorophyll (473 ml)"},"content":{"rendered":"<div id=\"product-long-decs\">\n<p>Der Chlorophyll, der Farbstoff von gr\u00fcnen Pflanzen hat eine besonders effektive basische Wirkung, womit wir das S\u00e4ure-Basen-Gleichgewicht unseres Organismus bewahren oder wieder herstellen k\u00f6nnen. Daneben ist er ausgezeichnet zur Entgiftung, hat eine harntreibende Wirkung, so ist er bei Reinigungskuren unentbehrlich.<\/p>\n<h4>Wem und wozu empfehlen wir es:<\/h4>\n<ul>\n<li>Zur Wiederherstellung des pH-Gleichgewichtes des Organismus mit viel S\u00e4uren,<\/li>\n<li>zu Entgiftungskuren,<\/li>\n<li>zur Verdauungsf\u00f6rderung,<\/li>\n<li>beim Atem mit einem unangenehmen Geruch als inneres Deodorant,<\/li>\n<li>zur F\u00f6rderung der Wundheilung,<\/li>\n<li>zur Senkung der Nebenwirkungen bei Strahlenbehandlungen und zytostatischen Behandlungen.<\/li>\n<\/ul>\n<\/div>\n<p>KoagKag approval number: 4340-0420-1571<br \/>\n<!-- Product Specification --><\/p>\n<div id=\"wmark\">\n<div class=\"wmark-bckg\">nature4me.eu<\/div>\n<\/div>\n<table class=\"product_details_body\" border=\"0\" width=\"500\" cellspacing=\"0\" align=\"center\" bgcolor=\"#7CDB8B\">\n<tbody>\n<tr bgcolor=>\n<td height=\"20\"><u>Wirkstoff\/5 ml:<\/u><\/td>\n<td width=\"100\"><span class=\"pvdecla\">(View Declaration)<\/span><\/td>\n<td width=\"70\"><span class=\"pd-rda\">*RDA:<\/span><\/td>\n<\/tr>\n<tr>\n<td>Chlorophyll<\/td>\n<td>15 mg<\/td>\n<td><\/td>\n<\/tr>\n<tr>\n<td colspan=\"3\" height=\"10\"><\/td>\n<\/tr>\n<tr bgcolor=>\n<td colspan=\"3\" height=\"20\"><u>Dosierung *RDA:<\/u><\/td>\n<\/tr>\n<tr>\n<td colspan=\"3\" align=\"center\" height=\"15\">1 Teel\u00f6ffel t\u00e4glich<\/td>\n<\/tr>\n<tr bgcolor=>\n<td colspan=\"3\" height=\"20\"><u>Andere Zutaten:<\/u><\/td>\n<\/tr>\n<tr>\n<td colspan=\"3\" height=\"10\">Andere Zutaten: filtriertes Wasser, pflanzliches Glycerin, Pfefferminz\u00f6l, Kaliumsorbat, Zitronens\u00e4ure.<\/td>\n<\/tr>\n<tr>\n<td colspan=\"3\" height=\"10\"><\/td>\n<\/tr>\n<\/tbody>\n<\/table>\n<p><!-- End Product Specification --><\/p>\n<div id=\"product-declaration-title\">Nahrungserg\u00e4nzungsmittel<\/div>\n<div class=\"prod-declaration\">\n<div class=\"declar-txt\">\n<p>Die Verwendung von Chlorophyll wurde an Schwangeren und stillenden M\u00fcttern noch nicht getestet, deshalb ist seine Verwendung w\u00e4hrend der Schwangerschaft und Stillzeit ausschlie\u00dflich auf \u00e4rztliche Empfehlung zu empfehlen.<br \/>\nBei der Verwendung durch den Mund kann das Chlorophyll den Urin und den Stuhlgang gr\u00fcn f\u00e4rben sowie es kann auf der Zunge eine Verf\u00e4rbung vorkommen.<\/p>\n<p>(* RDA = Tageswert) Die empfohlenen Tagesmengen sollten nicht \u00fcberschritten werden. Das Nahrungserg\u00e4nzungsmittel ist kein Ersatz f\u00fcr eine ausgewogene und abwechslungsreiche Ern\u00e4hrung. Au\u00dferhalb der Reichweite von Kindern aufbewahren.<\/p>\n<\/div>\n<div class=\"declar-img\"><a href=\"https:\/\/nature4me.eu\/wp-content\/themes\/n4mtheme\/images\/declaration\/CV0133_Liquid_Clorophyll_EN.pdf\" target=\"_blank\" rel=\"noopener noreferrer\">View Declaration ENG<\/a><\/div>\n<\/div>\n<p><!-- End Product Declaration --><\/p>\n","protected":false},"excerpt":{"rendered":"<p><!-- Short Details --><\/p>\n<div class=\"short-product-desc\">\n<h4 class=\"details_name\">Fl\u00fcssige basische Nahrungserg\u00e4nzung<\/h4>\n<\/div>\n","protected":false},"featured_media":7354,"comment_status":"closed","ping_status":"closed","template":"","meta":{"inline_featured_image":false,"_monsterinsights_skip_tracking":false,"_monsterinsights_sitenote_active":false,"_monsterinsights_sitenote_note":"","_monsterinsights_sitenote_category":0},"product_brand":[],"product_cat":[175,157,163],"product_tag":[],"class_list":{"0":"post-5762","1":"product","2":"type-product","3":"status-publish","4":"has-post-thumbnail","6":"product_cat-meistverkaufte-produkte","7":"product_cat-pflanzenextrakte-de","8":"product_cat-vegetarier-veganer-de","10":"first","11":"instock","12":"featured","13":"taxable","14":"shipping-taxable","15":"purchasable","16":"product-type-simple"},"yoast_head":"<!-- This site is optimized with the Yoast SEO Premium plugin v21.9 (Yoast SEO v26.6) - https:\/\/yoast.com\/wordpress\/plugins\/seo\/ -->\n<title>Liquid Chlorophyll 473 ml Calivita - Nature4Me<\/title>\n<meta name=\"description\" content=\"Fl\u00fcssiges Chlorophyll ist es ausgezeichnet zur Detoxikation, hat eine harntreibende Wirkung, so ist er bei Reinigungskuren unentbehrlich\" \/>\n<meta name=\"robots\" content=\"index, follow, max-snippet:-1, max-image-preview:large, max-video-preview:-1\" \/>\n<link rel=\"canonical\" href=\"https:\/\/nature4me.eu\/de\/produkt\/liquid-chlorophyll\/\" \/>\n<meta property=\"og:locale\" content=\"de_DE\" \/>\n<meta property=\"og:type\" content=\"article\" \/>\n<meta property=\"og:title\" content=\"Chlorophyll\" \/>\n<meta property=\"og:description\" content=\"Fl\u00fcssiges Chlorophyll ist es ausgezeichnet zur Detoxikation, hat eine harntreibende Wirkung, so ist er bei Reinigungskuren unentbehrlich\" \/>\n<meta property=\"og:url\" content=\"https:\/\/nature4me.eu\/de\/produkt\/liquid-chlorophyll\/\" \/>\n<meta property=\"og:site_name\" content=\"CaliVita Nature4me\" \/>\n<meta property=\"article:publisher\" content=\"https:\/\/www.facebook.com\/zdravjeiznarave.eu\" \/>\n<meta property=\"article:modified_time\" content=\"2023-02-21T17:42:48+00:00\" \/>\n<meta property=\"og:image\" content=\"https:\/\/nature4me.eu\/wp-content\/uploads\/2016\/02\/Liquid-Chlorophyll-fb-1.jpg\" \/>\n\t<meta property=\"og:image:width\" content=\"200\" \/>\n\t<meta property=\"og:image:height\" content=\"437\" \/>\n\t<meta property=\"og:image:type\" content=\"image\/jpeg\" \/>\n<meta name=\"twitter:card\" content=\"summary_large_image\" \/>\n<meta name=\"twitter:title\" content=\"Liquid Chlorophyll (473 ml)\" \/>\n<meta name=\"twitter:label1\" content=\"Gesch\u00e4tzte Lesezeit\" \/>\n\t<meta name=\"twitter:data1\" content=\"1\u00a0Minute\" \/>\n<script type=\"application\/ld+json\" class=\"yoast-schema-graph\">{\"@context\":\"https:\/\/schema.org\",\"@graph\":[{\"@type\":\"WebPage\",\"@id\":\"https:\/\/nature4me.eu\/de\/produkt\/liquid-chlorophyll\/\",\"url\":\"https:\/\/nature4me.eu\/de\/produkt\/liquid-chlorophyll\/\",\"name\":\"Liquid Chlorophyll 473 ml Calivita - Nature4Me\",\"isPartOf\":{\"@id\":\"https:\/\/nature4me.eu\/de\/#website\"},\"primaryImageOfPage\":{\"@id\":\"https:\/\/nature4me.eu\/de\/produkt\/liquid-chlorophyll\/#primaryimage\"},\"image\":{\"@id\":\"https:\/\/nature4me.eu\/de\/produkt\/liquid-chlorophyll\/#primaryimage\"},\"thumbnailUrl\":\"https:\/\/nature4me.eu\/wp-content\/uploads\/2016\/02\/Liquid-Chlorophyll-2.png\",\"datePublished\":\"2021-09-06T15:42:14+00:00\",\"dateModified\":\"2023-02-21T17:42:48+00:00\",\"description\":\"Fl\u00fcssiges Chlorophyll ist es ausgezeichnet zur Detoxikation, hat eine harntreibende Wirkung, so ist er bei Reinigungskuren unentbehrlich\",\"breadcrumb\":{\"@id\":\"https:\/\/nature4me.eu\/de\/produkt\/liquid-chlorophyll\/#breadcrumb\"},\"inLanguage\":\"de\",\"potentialAction\":[{\"@type\":\"ReadAction\",\"target\":[\"https:\/\/nature4me.eu\/de\/produkt\/liquid-chlorophyll\/\"]}]},{\"@type\":\"ImageObject\",\"inLanguage\":\"de\",\"@id\":\"https:\/\/nature4me.eu\/de\/produkt\/liquid-chlorophyll\/#primaryimage\",\"url\":\"https:\/\/nature4me.eu\/wp-content\/uploads\/2016\/02\/Liquid-Chlorophyll-2.png\",\"contentUrl\":\"https:\/\/nature4me.eu\/wp-content\/uploads\/2016\/02\/Liquid-Chlorophyll-2.png\",\"width\":200,\"height\":483,\"caption\":\"Teko\u010di klorofil\"},{\"@type\":\"BreadcrumbList\",\"@id\":\"https:\/\/nature4me.eu\/de\/produkt\/liquid-chlorophyll\/#breadcrumb\",\"itemListElement\":[{\"@type\":\"ListItem\",\"position\":1,\"name\":\"Po\u010detna stranica\",\"item\":\"https:\/\/nature4me.eu\/de\/\"},{\"@type\":\"ListItem\",\"position\":2,\"name\":\"Webshop\",\"item\":\"https:\/\/nature4me.eu\/de\/shop\/\"},{\"@type\":\"ListItem\",\"position\":3,\"name\":\"Liquid Chlorophyll (473 ml)\"}]},{\"@type\":\"WebSite\",\"@id\":\"https:\/\/nature4me.eu\/de\/#website\",\"url\":\"https:\/\/nature4me.eu\/de\/\",\"name\":\"CaliVita Nature4me\",\"description\":\"CaliVita Nature4me\",\"potentialAction\":[{\"@type\":\"SearchAction\",\"target\":{\"@type\":\"EntryPoint\",\"urlTemplate\":\"https:\/\/nature4me.eu\/de\/?s={search_term_string}\"},\"query-input\":{\"@type\":\"PropertyValueSpecification\",\"valueRequired\":true,\"valueName\":\"search_term_string\"}}],\"inLanguage\":\"de\"}]}<\/script>\n<!-- \/ Yoast SEO Premium plugin. -->","yoast_head_json":{"title":"Liquid Chlorophyll 473 ml Calivita - Nature4Me","description":"Fl\u00fcssiges Chlorophyll ist es ausgezeichnet zur Detoxikation, hat eine harntreibende Wirkung, so ist er bei Reinigungskuren unentbehrlich","robots":{"index":"index","follow":"follow","max-snippet":"max-snippet:-1","max-image-preview":"max-image-preview:large","max-video-preview":"max-video-preview:-1"},"canonical":"https:\/\/nature4me.eu\/de\/produkt\/liquid-chlorophyll\/","og_locale":"de_DE","og_type":"article","og_title":"Chlorophyll","og_description":"Fl\u00fcssiges Chlorophyll ist es ausgezeichnet zur Detoxikation, hat eine harntreibende Wirkung, so ist er bei Reinigungskuren unentbehrlich","og_url":"https:\/\/nature4me.eu\/de\/produkt\/liquid-chlorophyll\/","og_site_name":"CaliVita Nature4me","article_publisher":"https:\/\/www.facebook.com\/zdravjeiznarave.eu","article_modified_time":"2023-02-21T17:42:48+00:00","og_image":[{"width":200,"height":437,"url":"https:\/\/nature4me.eu\/wp-content\/uploads\/2016\/02\/Liquid-Chlorophyll-fb-1.jpg","type":"image\/jpeg"}],"twitter_card":"summary_large_image","twitter_title":"Liquid Chlorophyll (473 ml)","twitter_misc":{"Gesch\u00e4tzte Lesezeit":"1\u00a0Minute"},"schema":{"@context":"https:\/\/schema.org","@graph":[{"@type":"WebPage","@id":"https:\/\/nature4me.eu\/de\/produkt\/liquid-chlorophyll\/","url":"https:\/\/nature4me.eu\/de\/produkt\/liquid-chlorophyll\/","name":"Liquid Chlorophyll 473 ml Calivita - Nature4Me","isPartOf":{"@id":"https:\/\/nature4me.eu\/de\/#website"},"primaryImageOfPage":{"@id":"https:\/\/nature4me.eu\/de\/produkt\/liquid-chlorophyll\/#primaryimage"},"image":{"@id":"https:\/\/nature4me.eu\/de\/produkt\/liquid-chlorophyll\/#primaryimage"},"thumbnailUrl":"https:\/\/nature4me.eu\/wp-content\/uploads\/2016\/02\/Liquid-Chlorophyll-2.png","datePublished":"2021-09-06T15:42:14+00:00","dateModified":"2023-02-21T17:42:48+00:00","description":"Fl\u00fcssiges Chlorophyll ist es ausgezeichnet zur Detoxikation, hat eine harntreibende Wirkung, so ist er bei Reinigungskuren unentbehrlich","breadcrumb":{"@id":"https:\/\/nature4me.eu\/de\/produkt\/liquid-chlorophyll\/#breadcrumb"},"inLanguage":"de","potentialAction":[{"@type":"ReadAction","target":["https:\/\/nature4me.eu\/de\/produkt\/liquid-chlorophyll\/"]}]},{"@type":"ImageObject","inLanguage":"de","@id":"https:\/\/nature4me.eu\/de\/produkt\/liquid-chlorophyll\/#primaryimage","url":"https:\/\/nature4me.eu\/wp-content\/uploads\/2016\/02\/Liquid-Chlorophyll-2.png","contentUrl":"https:\/\/nature4me.eu\/wp-content\/uploads\/2016\/02\/Liquid-Chlorophyll-2.png","width":200,"height":483,"caption":"Teko\u010di klorofil"},{"@type":"BreadcrumbList","@id":"https:\/\/nature4me.eu\/de\/produkt\/liquid-chlorophyll\/#breadcrumb","itemListElement":[{"@type":"ListItem","position":1,"name":"Po\u010detna stranica","item":"https:\/\/nature4me.eu\/de\/"},{"@type":"ListItem","position":2,"name":"Webshop","item":"https:\/\/nature4me.eu\/de\/shop\/"},{"@type":"ListItem","position":3,"name":"Liquid Chlorophyll (473 ml)"}]},{"@type":"WebSite","@id":"https:\/\/nature4me.eu\/de\/#website","url":"https:\/\/nature4me.eu\/de\/","name":"CaliVita Nature4me","description":"CaliVita Nature4me","potentialAction":[{"@type":"SearchAction","target":{"@type":"EntryPoint","urlTemplate":"https:\/\/nature4me.eu\/de\/?s={search_term_string}"},"query-input":{"@type":"PropertyValueSpecification","valueRequired":true,"valueName":"search_term_string"}}],"inLanguage":"de"}]}},"_links":{"self":[{"href":"https:\/\/nature4me.eu\/de\/wp-json\/wp\/v2\/product\/5762","targetHints":{"allow":["GET"]}}],"collection":[{"href":"https:\/\/nature4me.eu\/de\/wp-json\/wp\/v2\/product"}],"about":[{"href":"https:\/\/nature4me.eu\/de\/wp-json\/wp\/v2\/types\/product"}],"replies":[{"embeddable":true,"href":"https:\/\/nature4me.eu\/de\/wp-json\/wp\/v2\/comments?post=5762"}],"wp:featuredmedia":[{"embeddable":true,"href":"https:\/\/nature4me.eu\/de\/wp-json\/wp\/v2\/media\/7354"}],"wp:attachment":[{"href":"https:\/\/nature4me.eu\/de\/wp-json\/wp\/v2\/media?parent=5762"}],"wp:term":[{"taxonomy":"product_brand","embeddable":true,"href":"https:\/\/nature4me.eu\/de\/wp-json\/wp\/v2\/product_brand?post=5762"},{"taxonomy":"product_cat","embeddable":true,"href":"https:\/\/nature4me.eu\/de\/wp-json\/wp\/v2\/product_cat?post=5762"},{"taxonomy":"product_tag","embeddable":true,"href":"https:\/\/nature4me.eu\/de\/wp-json\/wp\/v2\/product_tag?post=5762"}],"curies":[{"name":"wp","href":"https:\/\/api.w.org\/{rel}","templated":true}]}}