{"id":5768,"date":"2016-02-19T20:00:13","date_gmt":"2021-09-06T15:53:24","guid":{"rendered":"https:\/\/nature4me.eu\/?post_type=product&#038;p=5768"},"modified":"2023-02-21T19:42:49","modified_gmt":"2023-02-21T17:42:49","slug":"c-500","status":"publish","type":"product","link":"https:\/\/nature4me.eu\/de\/produkt\/c-500\/","title":{"rendered":"C 500 (100 Tabletten)"},"content":{"rendered":"<div id=\"product-long-decs\">\n<p>Das C 500, das <strong>Vitamin C<\/strong> mit kontinuierlicher Absorption, <strong>h\u00f6herer Dosis<\/strong> bedeutet eine ausgezeichnete Vitaminerg\u00e4nzung bei Verst\u00e4rkung des Immunsystems in den kritischen Perioden. Au\u00dferdem beteiligt es sich an normaler Bildung von Kollagen, f\u00f6rdert das Bewahren der Gesundheit von Gef\u00e4\u00dfen, Knochen, Knorpeln, Z\u00e4hnen, Zahnfleisch und Haut. Es unterst\u00fctzt als Antioxidante den Schutz gegen die sch\u00e4dliche Wirkung von freien Radikalen, es kann die Zeichen vom Alterwerden verlangsamen und es spielt auch eine wichtige Rolle beim Energie produzierenden Stoffwechsel.<\/p>\n<h4>Wem und wozu empfehlen wir es:<\/h4>\n<ul>\n<li>Denen, die f\u00fcr Infektionen anf\u00e4llig sind,<\/li>\n<li>in den k\u00e4lteren Wintermonaten f\u00fcr alle zum erh\u00f6hten Schutz des Immunsystems,<\/li>\n<li>Sportlern und denen, die eine schwere physische Arbeit leisten, zur Senkung von M\u00fcdigkeit,<\/li>\n<li>denen, die psychisch erh\u00f6ht belastet sind, zur normalen Funktion des Nervensystems,<\/li>\n<li>\u00c4lteren, nach Krankheit Genesenden,<\/li>\n<li>aktiven oder passiven Rauchern,<\/li>\n<li>denjenigen, die regelm\u00e4\u00dfig Alkohol konsumieren,<\/li>\n<li>zur Steigerung der Absorption des Eisens (besonders Frauen in der Zeit der Fruchtbarkeit, Leuten mit Blutarmut mit Eisenmangel)<\/li>\n<\/ul>\n<p><strong>Eine Tablette C 500 enth\u00e4lt so viel Vitamin C wie <strong>1 Kilo Orange oder 10 Kilos \u00c4pfel<\/strong><\/strong><strong>.<\/strong><\/p>\n<\/div>\n<p>KoagKag approval number: 4340-0119-0300<\/p>\n<p><!-- Product Specification --><\/p>\n<div id=\"wmark\">\n<div class=\"wmark-bckg\">nature4me.eu<\/div>\n<\/div>\n<table width=\"500\" border=\"0\" align=\"center\" cellspacing=\"0\" bgcolor=\"#7CDB8B\" class=\"product_details_body\">\n<tr bgcolor=>\n<td height=\"20\"><u>Wirkstoff\/Tablette:<\/u><\/td>\n<td width=\"100\"><span class=\"pvdecla\">(View Declaration)<\/span><\/td>\n<td width=\"70\"><span class=\"pd-rda\">*RDA:<\/span><\/td>\n<\/tr>\n<tr>\n<td>Vitamin C<\/td>\n<td>500 mg<\/td>\n<td>300%<\/td>\n<\/tr>\n<tr>\n<td height=\"10\" colspan=\"3\"><\/td>\n<\/tr>\n<tr bgcolor=>\n<td height=\"20\" colspan=\"3\"><u>Dosierung: *RDA:<\/u><\/td>\n<\/tr>\n<tr>\n<td height=\"15\" colspan=\"3\" align=\"center\">1 Tablette t\u00e4glich.<\/td>\n<\/tr>\n<tr bgcolor=>\n<td height=\"20\" colspan=\"3\"><u>Andere Zutaten:<\/u><\/td>\n<\/tr>\n<tr>\n<td height=\"10\" colspan=\"3\">Dikalziumphosphat, mikrokristalline Cellulose, Stearins\u00e4ure, Magnesiumstearat, Siliciumdioxid, Croscarmellose-Natrium, Hagebutten, Talkum<\/td>\n<\/tr>\n<tr>\n<td height=\"10\" colspan=\"3\"><\/td>\n<\/tr>\n<\/table>\n<p><!-- End Product Specification --><\/p>\n<p><!-- Product Declaration --><\/p>\n<div id=\"product-declaration-title\">Nahrungserg\u00e4nzungsmittel<\/div>\n<div class=\"prod-declaration\">\n<div class=\"declar-txt\">\n<p>(* RDA = Tageswert) Die empfohlenen Tagesmengen sollten nicht \u00fcberschritten werden. Das Nahrungserg\u00e4nzungsmittel ist kein Ersatz f\u00fcr eine ausgewogene und abwechslungsreiche Ern\u00e4hrung. Au\u00dferhalb der Reichweite von Kindern aufbewahren.<\/p>\n<\/div>\n<\/div>\n<p><!-- End Product Declaration --><\/p>\n","protected":false},"excerpt":{"rendered":"<p><!-- Short Details --><\/p>\n<div class=\"short-product-desc\">\n<h4 class=\"details_h3\">Vitamin C 500 mg von h\u00f6herer Dosis<\/h4>\n<\/div>\n","protected":false},"featured_media":7783,"comment_status":"closed","ping_status":"closed","template":"","meta":{"inline_featured_image":false,"_monsterinsights_skip_tracking":false,"_monsterinsights_sitenote_active":false,"_monsterinsights_sitenote_note":"","_monsterinsights_sitenote_category":0},"product_brand":[],"product_cat":[163,166],"product_tag":[],"class_list":{"0":"post-5768","1":"product","2":"type-product","3":"status-publish","4":"has-post-thumbnail","6":"product_cat-vegetarier-veganer-de","7":"product_cat-vitamine-de","9":"first","10":"instock","11":"taxable","12":"shipping-taxable","13":"purchasable","14":"product-type-simple"},"yoast_head":"<!-- This site is optimized with the Yoast SEO Premium plugin v21.9 (Yoast SEO v26.6) - https:\/\/yoast.com\/wordpress\/plugins\/seo\/ -->\n<title>C 500 CaliVita - Nature4Me<\/title>\n<meta name=\"description\" content=\"C 500 von h\u00f6herer Dosis CaliVita (100 Tabletten). Vitamin C im Online Shop Nature4me.\" \/>\n<meta name=\"robots\" content=\"index, follow, max-snippet:-1, max-image-preview:large, max-video-preview:-1\" \/>\n<link rel=\"canonical\" href=\"https:\/\/nature4me.eu\/de\/produkt\/c-500\/\" \/>\n<meta property=\"og:locale\" content=\"de_DE\" \/>\n<meta property=\"og:type\" content=\"article\" \/>\n<meta property=\"og:title\" content=\"C 500 (100 Tabletten)\" \/>\n<meta property=\"og:description\" content=\"C 500 von h\u00f6herer Dosis CaliVita (100 Tabletten). Vitamin C im Online Shop Nature4me.\" \/>\n<meta property=\"og:url\" content=\"https:\/\/nature4me.eu\/de\/produkt\/c-500\/\" \/>\n<meta property=\"og:site_name\" content=\"CaliVita Nature4me\" \/>\n<meta property=\"article:publisher\" content=\"https:\/\/www.facebook.com\/zdravjeiznarave.eu\" \/>\n<meta property=\"article:modified_time\" content=\"2023-02-21T17:42:49+00:00\" \/>\n<meta property=\"og:image\" content=\"https:\/\/nature4me.eu\/wp-content\/uploads\/2016\/02\/C-500.png\" \/>\n\t<meta property=\"og:image:width\" content=\"161\" \/>\n\t<meta property=\"og:image:height\" content=\"300\" \/>\n\t<meta property=\"og:image:type\" content=\"image\/png\" \/>\n<meta name=\"twitter:card\" content=\"summary_large_image\" \/>\n<meta name=\"twitter:label1\" content=\"Gesch\u00e4tzte Lesezeit\" \/>\n\t<meta name=\"twitter:data1\" content=\"1\u00a0Minute\" \/>\n<script type=\"application\/ld+json\" class=\"yoast-schema-graph\">{\"@context\":\"https:\/\/schema.org\",\"@graph\":[{\"@type\":\"WebPage\",\"@id\":\"https:\/\/nature4me.eu\/de\/produkt\/c-500\/\",\"url\":\"https:\/\/nature4me.eu\/de\/produkt\/c-500\/\",\"name\":\"C 500 CaliVita - Nature4Me\",\"isPartOf\":{\"@id\":\"https:\/\/nature4me.eu\/de\/#website\"},\"primaryImageOfPage\":{\"@id\":\"https:\/\/nature4me.eu\/de\/produkt\/c-500\/#primaryimage\"},\"image\":{\"@id\":\"https:\/\/nature4me.eu\/de\/produkt\/c-500\/#primaryimage\"},\"thumbnailUrl\":\"https:\/\/nature4me.eu\/wp-content\/uploads\/2016\/02\/C-500.png\",\"datePublished\":\"2021-09-06T15:53:24+00:00\",\"dateModified\":\"2023-02-21T17:42:49+00:00\",\"description\":\"C 500 von h\u00f6herer Dosis CaliVita (100 Tabletten). Vitamin C im Online Shop Nature4me.\",\"breadcrumb\":{\"@id\":\"https:\/\/nature4me.eu\/de\/produkt\/c-500\/#breadcrumb\"},\"inLanguage\":\"de\",\"potentialAction\":[{\"@type\":\"ReadAction\",\"target\":[\"https:\/\/nature4me.eu\/de\/produkt\/c-500\/\"]}]},{\"@type\":\"ImageObject\",\"inLanguage\":\"de\",\"@id\":\"https:\/\/nature4me.eu\/de\/produkt\/c-500\/#primaryimage\",\"url\":\"https:\/\/nature4me.eu\/wp-content\/uploads\/2016\/02\/C-500.png\",\"contentUrl\":\"https:\/\/nature4me.eu\/wp-content\/uploads\/2016\/02\/C-500.png\",\"width\":161,\"height\":300},{\"@type\":\"BreadcrumbList\",\"@id\":\"https:\/\/nature4me.eu\/de\/produkt\/c-500\/#breadcrumb\",\"itemListElement\":[{\"@type\":\"ListItem\",\"position\":1,\"name\":\"Po\u010detna stranica\",\"item\":\"https:\/\/nature4me.eu\/de\/\"},{\"@type\":\"ListItem\",\"position\":2,\"name\":\"Webshop\",\"item\":\"https:\/\/nature4me.eu\/de\/shop\/\"},{\"@type\":\"ListItem\",\"position\":3,\"name\":\"C 500 (100 Tabletten)\"}]},{\"@type\":\"WebSite\",\"@id\":\"https:\/\/nature4me.eu\/de\/#website\",\"url\":\"https:\/\/nature4me.eu\/de\/\",\"name\":\"CaliVita Nature4me\",\"description\":\"CaliVita Nature4me\",\"potentialAction\":[{\"@type\":\"SearchAction\",\"target\":{\"@type\":\"EntryPoint\",\"urlTemplate\":\"https:\/\/nature4me.eu\/de\/?s={search_term_string}\"},\"query-input\":{\"@type\":\"PropertyValueSpecification\",\"valueRequired\":true,\"valueName\":\"search_term_string\"}}],\"inLanguage\":\"de\"}]}<\/script>\n<!-- \/ Yoast SEO Premium plugin. -->","yoast_head_json":{"title":"C 500 CaliVita - Nature4Me","description":"C 500 von h\u00f6herer Dosis CaliVita (100 Tabletten). Vitamin C im Online Shop Nature4me.","robots":{"index":"index","follow":"follow","max-snippet":"max-snippet:-1","max-image-preview":"max-image-preview:large","max-video-preview":"max-video-preview:-1"},"canonical":"https:\/\/nature4me.eu\/de\/produkt\/c-500\/","og_locale":"de_DE","og_type":"article","og_title":"C 500 (100 Tabletten)","og_description":"C 500 von h\u00f6herer Dosis CaliVita (100 Tabletten). Vitamin C im Online Shop Nature4me.","og_url":"https:\/\/nature4me.eu\/de\/produkt\/c-500\/","og_site_name":"CaliVita Nature4me","article_publisher":"https:\/\/www.facebook.com\/zdravjeiznarave.eu","article_modified_time":"2023-02-21T17:42:49+00:00","og_image":[{"width":161,"height":300,"url":"https:\/\/nature4me.eu\/wp-content\/uploads\/2016\/02\/C-500.png","type":"image\/png"}],"twitter_card":"summary_large_image","twitter_misc":{"Gesch\u00e4tzte Lesezeit":"1\u00a0Minute"},"schema":{"@context":"https:\/\/schema.org","@graph":[{"@type":"WebPage","@id":"https:\/\/nature4me.eu\/de\/produkt\/c-500\/","url":"https:\/\/nature4me.eu\/de\/produkt\/c-500\/","name":"C 500 CaliVita - Nature4Me","isPartOf":{"@id":"https:\/\/nature4me.eu\/de\/#website"},"primaryImageOfPage":{"@id":"https:\/\/nature4me.eu\/de\/produkt\/c-500\/#primaryimage"},"image":{"@id":"https:\/\/nature4me.eu\/de\/produkt\/c-500\/#primaryimage"},"thumbnailUrl":"https:\/\/nature4me.eu\/wp-content\/uploads\/2016\/02\/C-500.png","datePublished":"2021-09-06T15:53:24+00:00","dateModified":"2023-02-21T17:42:49+00:00","description":"C 500 von h\u00f6herer Dosis CaliVita (100 Tabletten). Vitamin C im Online Shop Nature4me.","breadcrumb":{"@id":"https:\/\/nature4me.eu\/de\/produkt\/c-500\/#breadcrumb"},"inLanguage":"de","potentialAction":[{"@type":"ReadAction","target":["https:\/\/nature4me.eu\/de\/produkt\/c-500\/"]}]},{"@type":"ImageObject","inLanguage":"de","@id":"https:\/\/nature4me.eu\/de\/produkt\/c-500\/#primaryimage","url":"https:\/\/nature4me.eu\/wp-content\/uploads\/2016\/02\/C-500.png","contentUrl":"https:\/\/nature4me.eu\/wp-content\/uploads\/2016\/02\/C-500.png","width":161,"height":300},{"@type":"BreadcrumbList","@id":"https:\/\/nature4me.eu\/de\/produkt\/c-500\/#breadcrumb","itemListElement":[{"@type":"ListItem","position":1,"name":"Po\u010detna stranica","item":"https:\/\/nature4me.eu\/de\/"},{"@type":"ListItem","position":2,"name":"Webshop","item":"https:\/\/nature4me.eu\/de\/shop\/"},{"@type":"ListItem","position":3,"name":"C 500 (100 Tabletten)"}]},{"@type":"WebSite","@id":"https:\/\/nature4me.eu\/de\/#website","url":"https:\/\/nature4me.eu\/de\/","name":"CaliVita Nature4me","description":"CaliVita Nature4me","potentialAction":[{"@type":"SearchAction","target":{"@type":"EntryPoint","urlTemplate":"https:\/\/nature4me.eu\/de\/?s={search_term_string}"},"query-input":{"@type":"PropertyValueSpecification","valueRequired":true,"valueName":"search_term_string"}}],"inLanguage":"de"}]}},"_links":{"self":[{"href":"https:\/\/nature4me.eu\/de\/wp-json\/wp\/v2\/product\/5768","targetHints":{"allow":["GET"]}}],"collection":[{"href":"https:\/\/nature4me.eu\/de\/wp-json\/wp\/v2\/product"}],"about":[{"href":"https:\/\/nature4me.eu\/de\/wp-json\/wp\/v2\/types\/product"}],"replies":[{"embeddable":true,"href":"https:\/\/nature4me.eu\/de\/wp-json\/wp\/v2\/comments?post=5768"}],"wp:featuredmedia":[{"embeddable":true,"href":"https:\/\/nature4me.eu\/de\/wp-json\/wp\/v2\/media\/7783"}],"wp:attachment":[{"href":"https:\/\/nature4me.eu\/de\/wp-json\/wp\/v2\/media?parent=5768"}],"wp:term":[{"taxonomy":"product_brand","embeddable":true,"href":"https:\/\/nature4me.eu\/de\/wp-json\/wp\/v2\/product_brand?post=5768"},{"taxonomy":"product_cat","embeddable":true,"href":"https:\/\/nature4me.eu\/de\/wp-json\/wp\/v2\/product_cat?post=5768"},{"taxonomy":"product_tag","embeddable":true,"href":"https:\/\/nature4me.eu\/de\/wp-json\/wp\/v2\/product_tag?post=5768"}],"curies":[{"name":"wp","href":"https:\/\/api.w.org\/{rel}","templated":true}]}}