{"id":5770,"date":"2016-02-19T19:26:57","date_gmt":"2021-09-06T15:57:57","guid":{"rendered":"https:\/\/nature4me.eu\/?post_type=product&#038;p=5770"},"modified":"2022-02-20T16:04:38","modified_gmt":"2022-02-20T14:04:38","slug":"c-300-plus","status":"publish","type":"product","link":"https:\/\/nature4me.eu\/de\/produkt\/c-300-plus\/","title":{"rendered":"C 300 Plus (120 Tabletten)"},"content":{"rendered":"<div id=\"product-long-decs\">\n<p>Das Vitamin C ist au\u00dfer dem Komplex von Hagebutte und Bioflavonoide in Tablette von C 300 mit h\u00f6herer Dosis in Form von kontinuierlicher Absorption (delayed release) vorhanden. Eine l\u00e4ngere antioxidative Wirkung, ges\u00fcndere Haut, Adern, Knochen, Gelenke, Schutz des Immunsystems \u2013 die m\u00f6glichst beste Wahl f\u00fcr jeden Tag im Jahr.<\/p>\n<h5>Wem und wozu empfehlen wir es:<\/h5>\n<ul>\n<li>Jedem zur Verst\u00e4rkung des Immunsystems,<\/li>\n<li>Wegen seiner Rolle beim Schutz gegen oxidativen Stress,<\/li>\n<li>aktiven oder passiven Rauchern,<\/li>\n<li>Einwohnern der Siedlungen, wo die Luft verschmutzt ist<\/li>\n<\/ul>\n<p><strong>Eine Tablette C 300 Plus<\/strong> enth\u00e4lt so viel Vitamin C wie <strong>3 Kilo Kiwi oder Banana<\/strong><strong>.<\/strong><\/p>\n<\/div>\n<p>KoagKag approval number: 4340-0119-0364<br \/>\n<!-- Product Specification --><\/p>\n<table width=\"500\" border=\"0\" align=\"center\" cellspacing=\"0\" bgcolor=\"#7CDB8B\" class=\"product_details_body\">\n<tr bgcolor=>\n<td height=\"20\"><u>Tablette:<\/u><\/td>\n<td width=\"100\"><span class=\"pvdecla\">(View Declaration)<\/span><\/td>\n<td width=\"70\"><span class=\"pd-rda\">*RDA:<\/span><\/td>\n<\/tr>\n<tr>\n<td>Vitamin C<\/td>\n<td>300 mg<\/td>\n<td>500%<\/td>\n<\/tr>\n<tr>\n<td>Hagebutte<\/td>\n<td>100 mg<\/td>\n<td><\/td>\n<\/tr>\n<tr>\n<td>Zitrus Bioflavonoid Komplex<\/td>\n<td>30 mg<\/td>\n<td><\/td>\n<\/tr>\n<tr>\n<td height=\"10\" colspan=\"3\"><\/td>\n<\/tr>\n<tr bgcolor=>\n<td height=\"20\" colspan=\"3\"><u>Dosierung: *RDA:<\/u><\/td>\n<\/tr>\n<tr>\n<td height=\"15\" colspan=\"3\" align=\"center\">1 Tablette t\u00e4glich.<\/td>\n<\/tr>\n<tr bgcolor=>\n<td height=\"20\" colspan=\"3\"><u>Andere Zutaten:<\/u><\/td>\n<\/tr>\n<tr>\n<td height=\"10\" colspan=\"3\">Dikalziumphosphat,Hydroxypropylmethylcellulose, mikrokristalline Cellulose,Fetts\u00e4uren, Magnesiumstearat, Siliciumdioxid, Schellack<\/td>\n<\/tr>\n<tr>\n<td height=\"10\" colspan=\"3\"><\/td>\n<\/tr>\n<\/table>\n<p><!-- End Product Specification --><\/p>\n<p><!-- Product Declaration --><\/p>\n<div id=\"product-declaration-title\">Nahrungserg\u00e4nzungsmittel<\/div>\n<div class=\"prod-declaration\">\n<div class=\"declar-txt\">\n<p>(* RDA = Tageswert) Die empfohlenen Tagesmengen sollten nicht \u00fcberschritten werden. Das Nahrungserg\u00e4nzungsmittel ist kein Ersatz f\u00fcr eine ausgewogene und abwechslungsreiche Ern\u00e4hrung. Au\u00dferhalb der Reichweite von Kindern aufbewahren.<\/p>\n<\/div>\n<\/div>\n<p><!-- End Product Declaration --><\/p>\n","protected":false},"excerpt":{"rendered":"<p><!-- Short Details --><\/p>\n<div class=\"short-product-desc\">\n<h3 class=\"details_h3\">Vitamin C Komplex<\/h3>\n<\/div>\n","protected":false},"featured_media":7787,"comment_status":"closed","ping_status":"closed","template":"","meta":{"inline_featured_image":false,"_monsterinsights_skip_tracking":false,"_monsterinsights_sitenote_active":false,"_monsterinsights_sitenote_note":"","_monsterinsights_sitenote_category":0},"product_brand":[],"product_cat":[163,166],"product_tag":[],"class_list":{"0":"post-5770","1":"product","2":"type-product","3":"status-publish","4":"has-post-thumbnail","6":"product_cat-vegetarier-veganer-de","7":"product_cat-vitamine-de","9":"first","10":"instock","11":"taxable","12":"shipping-taxable","13":"purchasable","14":"product-type-simple"},"yoast_head":"<!-- This site is optimized with the Yoast SEO Premium plugin v21.9 (Yoast SEO v26.6) - https:\/\/yoast.com\/wordpress\/plugins\/seo\/ -->\n<title>C 300 Plus Komplex von Hagebutte und Bioflavonoide<\/title>\n<meta name=\"description\" content=\"C 300 Plus Komplex von Hagebutte und Bioflavonoide CaliVita im Online Shop Nature4me kaufen.\" \/>\n<meta name=\"robots\" content=\"index, follow, max-snippet:-1, max-image-preview:large, max-video-preview:-1\" \/>\n<link rel=\"canonical\" href=\"https:\/\/nature4me.eu\/de\/produkt\/c-300-plus\/\" \/>\n<meta property=\"og:locale\" content=\"de_DE\" \/>\n<meta property=\"og:type\" content=\"article\" \/>\n<meta property=\"og:title\" content=\"C 300 Plus (120 Tabletten)\" \/>\n<meta property=\"og:description\" content=\"C 300 Plus Komplex von Hagebutte und Bioflavonoide CaliVita im Online Shop Nature4me kaufen.\" \/>\n<meta property=\"og:url\" content=\"https:\/\/nature4me.eu\/de\/produkt\/c-300-plus\/\" \/>\n<meta property=\"og:site_name\" content=\"CaliVita Nature4me\" \/>\n<meta property=\"article:publisher\" content=\"https:\/\/www.facebook.com\/zdravjeiznarave.eu\" \/>\n<meta property=\"article:modified_time\" content=\"2022-02-20T14:04:38+00:00\" \/>\n<meta property=\"og:image\" content=\"https:\/\/nature4me.eu\/wp-content\/uploads\/2016\/02\/C-300.png\" \/>\n\t<meta property=\"og:image:width\" content=\"164\" \/>\n\t<meta property=\"og:image:height\" content=\"300\" \/>\n\t<meta property=\"og:image:type\" content=\"image\/png\" \/>\n<meta name=\"twitter:card\" content=\"summary_large_image\" \/>\n<meta name=\"twitter:label1\" content=\"Gesch\u00e4tzte Lesezeit\" \/>\n\t<meta name=\"twitter:data1\" content=\"1\u00a0Minute\" \/>\n<script type=\"application\/ld+json\" class=\"yoast-schema-graph\">{\"@context\":\"https:\/\/schema.org\",\"@graph\":[{\"@type\":\"WebPage\",\"@id\":\"https:\/\/nature4me.eu\/de\/produkt\/c-300-plus\/\",\"url\":\"https:\/\/nature4me.eu\/de\/produkt\/c-300-plus\/\",\"name\":\"C 300 Plus Komplex von Hagebutte und Bioflavonoide\",\"isPartOf\":{\"@id\":\"https:\/\/nature4me.eu\/de\/#website\"},\"primaryImageOfPage\":{\"@id\":\"https:\/\/nature4me.eu\/de\/produkt\/c-300-plus\/#primaryimage\"},\"image\":{\"@id\":\"https:\/\/nature4me.eu\/de\/produkt\/c-300-plus\/#primaryimage\"},\"thumbnailUrl\":\"https:\/\/nature4me.eu\/wp-content\/uploads\/2016\/02\/C-300.png\",\"datePublished\":\"2021-09-06T15:57:57+00:00\",\"dateModified\":\"2022-02-20T14:04:38+00:00\",\"description\":\"C 300 Plus Komplex von Hagebutte und Bioflavonoide CaliVita im Online Shop Nature4me kaufen.\",\"breadcrumb\":{\"@id\":\"https:\/\/nature4me.eu\/de\/produkt\/c-300-plus\/#breadcrumb\"},\"inLanguage\":\"de\",\"potentialAction\":[{\"@type\":\"ReadAction\",\"target\":[\"https:\/\/nature4me.eu\/de\/produkt\/c-300-plus\/\"]}]},{\"@type\":\"ImageObject\",\"inLanguage\":\"de\",\"@id\":\"https:\/\/nature4me.eu\/de\/produkt\/c-300-plus\/#primaryimage\",\"url\":\"https:\/\/nature4me.eu\/wp-content\/uploads\/2016\/02\/C-300.png\",\"contentUrl\":\"https:\/\/nature4me.eu\/wp-content\/uploads\/2016\/02\/C-300.png\",\"width\":164,\"height\":300},{\"@type\":\"BreadcrumbList\",\"@id\":\"https:\/\/nature4me.eu\/de\/produkt\/c-300-plus\/#breadcrumb\",\"itemListElement\":[{\"@type\":\"ListItem\",\"position\":1,\"name\":\"Po\u010detna stranica\",\"item\":\"https:\/\/nature4me.eu\/de\/\"},{\"@type\":\"ListItem\",\"position\":2,\"name\":\"Webshop\",\"item\":\"https:\/\/nature4me.eu\/de\/shop\/\"},{\"@type\":\"ListItem\",\"position\":3,\"name\":\"C 300 Plus (120 Tabletten)\"}]},{\"@type\":\"WebSite\",\"@id\":\"https:\/\/nature4me.eu\/de\/#website\",\"url\":\"https:\/\/nature4me.eu\/de\/\",\"name\":\"CaliVita Nature4me\",\"description\":\"CaliVita Nature4me\",\"potentialAction\":[{\"@type\":\"SearchAction\",\"target\":{\"@type\":\"EntryPoint\",\"urlTemplate\":\"https:\/\/nature4me.eu\/de\/?s={search_term_string}\"},\"query-input\":{\"@type\":\"PropertyValueSpecification\",\"valueRequired\":true,\"valueName\":\"search_term_string\"}}],\"inLanguage\":\"de\"}]}<\/script>\n<!-- \/ Yoast SEO Premium plugin. -->","yoast_head_json":{"title":"C 300 Plus Komplex von Hagebutte und Bioflavonoide","description":"C 300 Plus Komplex von Hagebutte und Bioflavonoide CaliVita im Online Shop Nature4me kaufen.","robots":{"index":"index","follow":"follow","max-snippet":"max-snippet:-1","max-image-preview":"max-image-preview:large","max-video-preview":"max-video-preview:-1"},"canonical":"https:\/\/nature4me.eu\/de\/produkt\/c-300-plus\/","og_locale":"de_DE","og_type":"article","og_title":"C 300 Plus (120 Tabletten)","og_description":"C 300 Plus Komplex von Hagebutte und Bioflavonoide CaliVita im Online Shop Nature4me kaufen.","og_url":"https:\/\/nature4me.eu\/de\/produkt\/c-300-plus\/","og_site_name":"CaliVita Nature4me","article_publisher":"https:\/\/www.facebook.com\/zdravjeiznarave.eu","article_modified_time":"2022-02-20T14:04:38+00:00","og_image":[{"width":164,"height":300,"url":"https:\/\/nature4me.eu\/wp-content\/uploads\/2016\/02\/C-300.png","type":"image\/png"}],"twitter_card":"summary_large_image","twitter_misc":{"Gesch\u00e4tzte Lesezeit":"1\u00a0Minute"},"schema":{"@context":"https:\/\/schema.org","@graph":[{"@type":"WebPage","@id":"https:\/\/nature4me.eu\/de\/produkt\/c-300-plus\/","url":"https:\/\/nature4me.eu\/de\/produkt\/c-300-plus\/","name":"C 300 Plus Komplex von Hagebutte und Bioflavonoide","isPartOf":{"@id":"https:\/\/nature4me.eu\/de\/#website"},"primaryImageOfPage":{"@id":"https:\/\/nature4me.eu\/de\/produkt\/c-300-plus\/#primaryimage"},"image":{"@id":"https:\/\/nature4me.eu\/de\/produkt\/c-300-plus\/#primaryimage"},"thumbnailUrl":"https:\/\/nature4me.eu\/wp-content\/uploads\/2016\/02\/C-300.png","datePublished":"2021-09-06T15:57:57+00:00","dateModified":"2022-02-20T14:04:38+00:00","description":"C 300 Plus Komplex von Hagebutte und Bioflavonoide CaliVita im Online Shop Nature4me kaufen.","breadcrumb":{"@id":"https:\/\/nature4me.eu\/de\/produkt\/c-300-plus\/#breadcrumb"},"inLanguage":"de","potentialAction":[{"@type":"ReadAction","target":["https:\/\/nature4me.eu\/de\/produkt\/c-300-plus\/"]}]},{"@type":"ImageObject","inLanguage":"de","@id":"https:\/\/nature4me.eu\/de\/produkt\/c-300-plus\/#primaryimage","url":"https:\/\/nature4me.eu\/wp-content\/uploads\/2016\/02\/C-300.png","contentUrl":"https:\/\/nature4me.eu\/wp-content\/uploads\/2016\/02\/C-300.png","width":164,"height":300},{"@type":"BreadcrumbList","@id":"https:\/\/nature4me.eu\/de\/produkt\/c-300-plus\/#breadcrumb","itemListElement":[{"@type":"ListItem","position":1,"name":"Po\u010detna stranica","item":"https:\/\/nature4me.eu\/de\/"},{"@type":"ListItem","position":2,"name":"Webshop","item":"https:\/\/nature4me.eu\/de\/shop\/"},{"@type":"ListItem","position":3,"name":"C 300 Plus (120 Tabletten)"}]},{"@type":"WebSite","@id":"https:\/\/nature4me.eu\/de\/#website","url":"https:\/\/nature4me.eu\/de\/","name":"CaliVita Nature4me","description":"CaliVita Nature4me","potentialAction":[{"@type":"SearchAction","target":{"@type":"EntryPoint","urlTemplate":"https:\/\/nature4me.eu\/de\/?s={search_term_string}"},"query-input":{"@type":"PropertyValueSpecification","valueRequired":true,"valueName":"search_term_string"}}],"inLanguage":"de"}]}},"_links":{"self":[{"href":"https:\/\/nature4me.eu\/de\/wp-json\/wp\/v2\/product\/5770","targetHints":{"allow":["GET"]}}],"collection":[{"href":"https:\/\/nature4me.eu\/de\/wp-json\/wp\/v2\/product"}],"about":[{"href":"https:\/\/nature4me.eu\/de\/wp-json\/wp\/v2\/types\/product"}],"replies":[{"embeddable":true,"href":"https:\/\/nature4me.eu\/de\/wp-json\/wp\/v2\/comments?post=5770"}],"wp:featuredmedia":[{"embeddable":true,"href":"https:\/\/nature4me.eu\/de\/wp-json\/wp\/v2\/media\/7787"}],"wp:attachment":[{"href":"https:\/\/nature4me.eu\/de\/wp-json\/wp\/v2\/media?parent=5770"}],"wp:term":[{"taxonomy":"product_brand","embeddable":true,"href":"https:\/\/nature4me.eu\/de\/wp-json\/wp\/v2\/product_brand?post=5770"},{"taxonomy":"product_cat","embeddable":true,"href":"https:\/\/nature4me.eu\/de\/wp-json\/wp\/v2\/product_cat?post=5770"},{"taxonomy":"product_tag","embeddable":true,"href":"https:\/\/nature4me.eu\/de\/wp-json\/wp\/v2\/product_tag?post=5770"}],"curies":[{"name":"wp","href":"https:\/\/api.w.org\/{rel}","templated":true}]}}