{"id":5772,"date":"2016-02-19T19:16:21","date_gmt":"2021-09-06T18:55:31","guid":{"rendered":"https:\/\/nature4me.eu\/?post_type=product&#038;p=5772"},"modified":"2021-12-21T16:21:10","modified_gmt":"2021-12-21T14:21:10","slug":"lion-kids-c","status":"publish","type":"product","link":"https:\/\/nature4me.eu\/de\/produkt\/lion-kids-c\/","title":{"rendered":"Lion Kids C (90 Kautabletten)"},"content":{"rendered":"<div id=\"product-long-decs\">\n<p>Das Lion Kids + D ist speziell f\u00fcr Kleinkinder entwickeltes schmackhaftes Multivitamin und ein Mineralstoffkomplex mit extra Vitamin D erg\u00e4nzt, in Form von Tierfiguren, zahnschonender Kautablette. Es enth\u00e4lt keinen Zucker, der nat\u00fcrliche S\u00fc\u00dfstoff, der Xilit senkt das Risiko der Entwicklung der Karies.<\/p>\n<h4>Wem und wozu empfehlen wir es:<\/h4>\n<ul>\n<li>f\u00fcr Kinder f\u00fcr t\u00e4glichen Konsum zur ausgeglichenen Entwicklung und zur Sicherung von zur Entwicklung von angemessener Widerstandsf\u00e4higkeit notwendigen Vitaminen, Mineralstoffen und Spurenelementen,<\/li>\n<li>denjenigen, f\u00fcr die es wichtig ist, dass sich die Z\u00e4hne ihrer Kinder durch die Risikosenkung der Karies gesund entwickeln,<\/li>\n<li>denjenigen, die die Form von Kautablette bevorzugen,<\/li>\n<li>denjenigen, die sich einen Komplex mit Vitamin D w\u00fcnschen.<\/li>\n<\/ul>\n<\/div>\n<p>KoagKag approval number: 4340-0119-0367<br \/>\n<!-- Product Specification --><\/p>\n<div id=\"wmark\">\n<div class=\"wmark-bckg\">nature4me.eu<\/div>\n<\/div>\n<table width=\"500\" border=\"0\" align=\"center\" cellspacing=\"0\" bgcolor=\"#7CDB8B\" class=\"product_details_body\">\n<tr bgcolor=\"#3c8b47\">\n<td height=\"20\"><u>Wirkstoffe:<\/u><\/td>\n<td width=\"100\"><span class=\"pvdecla\">(View Declaration)<\/span><\/td>\n<td width=\"70\"><span class=\"pd-rda\">*RDA:<\/span><\/td>\n<\/tr>\n<tr>\n<td>Vitamin C<\/td>\n<td>45 mg<\/td>\n<td>75%<\/td>\n<\/tr>\n<tr>\n<td height=\"10\" colspan=\"3\"><\/td>\n<\/tr>\n<tr bgcolor=\"#3c8b47\">\n<td height=\"20\" colspan=\"3\"><u>Dosierung *RDA:<\/u><\/td>\n<\/tr>\n<tr>\n<td height=\"15\" colspan=\"3\" align=\"center\">1-3 Kautabletten t\u00e4glich f\u00fcr Kinder.<\/td>\n<\/tr>\n<tr bgcolor=\"#3c8b47\">\n<td height=\"20\" colspan=\"3\"><u>Inaktive Inhaltsstoffe, Warnungen und Produktdeklarationen:<\/u><\/td>\n<\/tr>\n<tr>\n<td height=\"10\" colspan=\"3\">Andere Zutaten:<\/td>\n<\/tr>\n<tr>\n<td height=\"10\" colspan=\"3\"><\/td>\n<\/tr>\n<\/table>\n<p><!-- End Product Specification --><\/p>\n<p><!-- Product Declaration --><\/p>\n<div id=\"product-declaration-title\">Nahrungserg\u00e4nzungsmittel<\/div>\n<div class=\"prod-declaration\">\n<div class=\"declar-txt\">\n<p>(* RDA = Tageswert) Die empfohlenen Tagesmengen sollten nicht \u00fcberschritten werden. Das Nahrungserg\u00e4nzungsmittel ist kein Ersatz f\u00fcr eine ausgewogene und abwechslungsreiche Ern\u00e4hrung. Au\u00dferhalb der Reichweite von Kindern aufbewahren.<\/p>\n<\/div>\n<div class=\"declar-img\"><a href=\"https:\/\/nature4me.eu\/wp-content\/themes\/n4mtheme\/images\/declaration\/FL0058_Lion_Kids_C_EN.pdf\" target=\"_blank\" rel=\"noopener\">View Declaration ENG<\/a><\/div>\n<\/div>\n<p><!-- End Product Declaration --><\/p>\n","protected":false},"excerpt":{"rendered":"<p><!-- Short Details --><\/p>\n<div class=\"short-product-desc\">\n<h2 class=\"details_name\">Vitamin C f\u00fcr Kinder<\/h2>\n<\/div>\n","protected":false},"featured_media":7762,"comment_status":"closed","ping_status":"closed","template":"","meta":{"inline_featured_image":false,"_monsterinsights_skip_tracking":false,"_monsterinsights_sitenote_active":false,"_monsterinsights_sitenote_note":"","_monsterinsights_sitenote_category":0},"product_brand":[],"product_cat":[163,166],"product_tag":[],"class_list":{"0":"post-5772","1":"product","2":"type-product","3":"status-publish","4":"has-post-thumbnail","6":"product_cat-vegetarier-veganer-de","7":"product_cat-vitamine-de","9":"first","10":"instock","11":"taxable","12":"shipping-taxable","13":"purchasable","14":"product-type-simple"},"yoast_head":"<!-- This site is optimized with the Yoast SEO Premium plugin v21.9 (Yoast SEO v26.6) - https:\/\/yoast.com\/wordpress\/plugins\/seo\/ -->\n<title>Vitamin C f\u00fcr Kinder Lion Kids<\/title>\n<meta name=\"description\" content=\"Lion Kids C - Vitamin C f\u00fcr Kinder 90 Kautabletten, ist ein Pr\u00e4parat mit gutem Geschmack zum Zerkauen\" \/>\n<meta name=\"robots\" content=\"index, follow, max-snippet:-1, max-image-preview:large, max-video-preview:-1\" \/>\n<link rel=\"canonical\" href=\"https:\/\/nature4me.eu\/de\/produkt\/lion-kids-c\/\" \/>\n<meta property=\"og:locale\" content=\"de_DE\" \/>\n<meta property=\"og:type\" content=\"article\" \/>\n<meta property=\"og:title\" content=\"Lion Kids C (90 Kautabletten)\" \/>\n<meta property=\"og:description\" content=\"Lion Kids C - Vitamin C f\u00fcr Kinder 90 Kautabletten, ist ein Pr\u00e4parat mit gutem Geschmack zum Zerkauen\" \/>\n<meta property=\"og:url\" content=\"https:\/\/nature4me.eu\/de\/produkt\/lion-kids-c\/\" \/>\n<meta property=\"og:site_name\" content=\"CaliVita Nature4me\" \/>\n<meta property=\"article:publisher\" content=\"https:\/\/www.facebook.com\/zdravjeiznarave.eu\" \/>\n<meta property=\"article:modified_time\" content=\"2021-12-21T14:21:10+00:00\" \/>\n<meta property=\"og:image\" content=\"https:\/\/nature4me.eu\/wp-content\/uploads\/2016\/02\/Lion-Kids-C-1.png\" \/>\n\t<meta property=\"og:image:width\" content=\"159\" \/>\n\t<meta property=\"og:image:height\" content=\"300\" \/>\n\t<meta property=\"og:image:type\" content=\"image\/png\" \/>\n<meta name=\"twitter:card\" content=\"summary_large_image\" \/>\n<meta name=\"twitter:label1\" content=\"Gesch\u00e4tzte Lesezeit\" \/>\n\t<meta name=\"twitter:data1\" content=\"1\u00a0Minute\" \/>\n<script type=\"application\/ld+json\" class=\"yoast-schema-graph\">{\"@context\":\"https:\/\/schema.org\",\"@graph\":[{\"@type\":\"WebPage\",\"@id\":\"https:\/\/nature4me.eu\/de\/produkt\/lion-kids-c\/\",\"url\":\"https:\/\/nature4me.eu\/de\/produkt\/lion-kids-c\/\",\"name\":\"Vitamin C f\u00fcr Kinder Lion Kids\",\"isPartOf\":{\"@id\":\"https:\/\/nature4me.eu\/de\/#website\"},\"primaryImageOfPage\":{\"@id\":\"https:\/\/nature4me.eu\/de\/produkt\/lion-kids-c\/#primaryimage\"},\"image\":{\"@id\":\"https:\/\/nature4me.eu\/de\/produkt\/lion-kids-c\/#primaryimage\"},\"thumbnailUrl\":\"https:\/\/nature4me.eu\/wp-content\/uploads\/2016\/02\/Lion-Kids-C-1.png\",\"datePublished\":\"2021-09-06T18:55:31+00:00\",\"dateModified\":\"2021-12-21T14:21:10+00:00\",\"description\":\"Lion Kids C - Vitamin C f\u00fcr Kinder 90 Kautabletten, ist ein Pr\u00e4parat mit gutem Geschmack zum Zerkauen\",\"breadcrumb\":{\"@id\":\"https:\/\/nature4me.eu\/de\/produkt\/lion-kids-c\/#breadcrumb\"},\"inLanguage\":\"de\",\"potentialAction\":[{\"@type\":\"ReadAction\",\"target\":[\"https:\/\/nature4me.eu\/de\/produkt\/lion-kids-c\/\"]}]},{\"@type\":\"ImageObject\",\"inLanguage\":\"de\",\"@id\":\"https:\/\/nature4me.eu\/de\/produkt\/lion-kids-c\/#primaryimage\",\"url\":\"https:\/\/nature4me.eu\/wp-content\/uploads\/2016\/02\/Lion-Kids-C-1.png\",\"contentUrl\":\"https:\/\/nature4me.eu\/wp-content\/uploads\/2016\/02\/Lion-Kids-C-1.png\",\"width\":159,\"height\":300,\"caption\":\"vitamin c za otroke\"},{\"@type\":\"BreadcrumbList\",\"@id\":\"https:\/\/nature4me.eu\/de\/produkt\/lion-kids-c\/#breadcrumb\",\"itemListElement\":[{\"@type\":\"ListItem\",\"position\":1,\"name\":\"Po\u010detna stranica\",\"item\":\"https:\/\/nature4me.eu\/de\/\"},{\"@type\":\"ListItem\",\"position\":2,\"name\":\"Webshop\",\"item\":\"https:\/\/nature4me.eu\/de\/shop\/\"},{\"@type\":\"ListItem\",\"position\":3,\"name\":\"Lion Kids C (90 Kautabletten)\"}]},{\"@type\":\"WebSite\",\"@id\":\"https:\/\/nature4me.eu\/de\/#website\",\"url\":\"https:\/\/nature4me.eu\/de\/\",\"name\":\"CaliVita Nature4me\",\"description\":\"CaliVita Nature4me\",\"potentialAction\":[{\"@type\":\"SearchAction\",\"target\":{\"@type\":\"EntryPoint\",\"urlTemplate\":\"https:\/\/nature4me.eu\/de\/?s={search_term_string}\"},\"query-input\":{\"@type\":\"PropertyValueSpecification\",\"valueRequired\":true,\"valueName\":\"search_term_string\"}}],\"inLanguage\":\"de\"}]}<\/script>\n<!-- \/ Yoast SEO Premium plugin. -->","yoast_head_json":{"title":"Vitamin C f\u00fcr Kinder Lion Kids","description":"Lion Kids C - Vitamin C f\u00fcr Kinder 90 Kautabletten, ist ein Pr\u00e4parat mit gutem Geschmack zum Zerkauen","robots":{"index":"index","follow":"follow","max-snippet":"max-snippet:-1","max-image-preview":"max-image-preview:large","max-video-preview":"max-video-preview:-1"},"canonical":"https:\/\/nature4me.eu\/de\/produkt\/lion-kids-c\/","og_locale":"de_DE","og_type":"article","og_title":"Lion Kids C (90 Kautabletten)","og_description":"Lion Kids C - Vitamin C f\u00fcr Kinder 90 Kautabletten, ist ein Pr\u00e4parat mit gutem Geschmack zum Zerkauen","og_url":"https:\/\/nature4me.eu\/de\/produkt\/lion-kids-c\/","og_site_name":"CaliVita Nature4me","article_publisher":"https:\/\/www.facebook.com\/zdravjeiznarave.eu","article_modified_time":"2021-12-21T14:21:10+00:00","og_image":[{"width":159,"height":300,"url":"https:\/\/nature4me.eu\/wp-content\/uploads\/2016\/02\/Lion-Kids-C-1.png","type":"image\/png"}],"twitter_card":"summary_large_image","twitter_misc":{"Gesch\u00e4tzte Lesezeit":"1\u00a0Minute"},"schema":{"@context":"https:\/\/schema.org","@graph":[{"@type":"WebPage","@id":"https:\/\/nature4me.eu\/de\/produkt\/lion-kids-c\/","url":"https:\/\/nature4me.eu\/de\/produkt\/lion-kids-c\/","name":"Vitamin C f\u00fcr Kinder Lion Kids","isPartOf":{"@id":"https:\/\/nature4me.eu\/de\/#website"},"primaryImageOfPage":{"@id":"https:\/\/nature4me.eu\/de\/produkt\/lion-kids-c\/#primaryimage"},"image":{"@id":"https:\/\/nature4me.eu\/de\/produkt\/lion-kids-c\/#primaryimage"},"thumbnailUrl":"https:\/\/nature4me.eu\/wp-content\/uploads\/2016\/02\/Lion-Kids-C-1.png","datePublished":"2021-09-06T18:55:31+00:00","dateModified":"2021-12-21T14:21:10+00:00","description":"Lion Kids C - Vitamin C f\u00fcr Kinder 90 Kautabletten, ist ein Pr\u00e4parat mit gutem Geschmack zum Zerkauen","breadcrumb":{"@id":"https:\/\/nature4me.eu\/de\/produkt\/lion-kids-c\/#breadcrumb"},"inLanguage":"de","potentialAction":[{"@type":"ReadAction","target":["https:\/\/nature4me.eu\/de\/produkt\/lion-kids-c\/"]}]},{"@type":"ImageObject","inLanguage":"de","@id":"https:\/\/nature4me.eu\/de\/produkt\/lion-kids-c\/#primaryimage","url":"https:\/\/nature4me.eu\/wp-content\/uploads\/2016\/02\/Lion-Kids-C-1.png","contentUrl":"https:\/\/nature4me.eu\/wp-content\/uploads\/2016\/02\/Lion-Kids-C-1.png","width":159,"height":300,"caption":"vitamin c za otroke"},{"@type":"BreadcrumbList","@id":"https:\/\/nature4me.eu\/de\/produkt\/lion-kids-c\/#breadcrumb","itemListElement":[{"@type":"ListItem","position":1,"name":"Po\u010detna stranica","item":"https:\/\/nature4me.eu\/de\/"},{"@type":"ListItem","position":2,"name":"Webshop","item":"https:\/\/nature4me.eu\/de\/shop\/"},{"@type":"ListItem","position":3,"name":"Lion Kids C (90 Kautabletten)"}]},{"@type":"WebSite","@id":"https:\/\/nature4me.eu\/de\/#website","url":"https:\/\/nature4me.eu\/de\/","name":"CaliVita Nature4me","description":"CaliVita Nature4me","potentialAction":[{"@type":"SearchAction","target":{"@type":"EntryPoint","urlTemplate":"https:\/\/nature4me.eu\/de\/?s={search_term_string}"},"query-input":{"@type":"PropertyValueSpecification","valueRequired":true,"valueName":"search_term_string"}}],"inLanguage":"de"}]}},"_links":{"self":[{"href":"https:\/\/nature4me.eu\/de\/wp-json\/wp\/v2\/product\/5772","targetHints":{"allow":["GET"]}}],"collection":[{"href":"https:\/\/nature4me.eu\/de\/wp-json\/wp\/v2\/product"}],"about":[{"href":"https:\/\/nature4me.eu\/de\/wp-json\/wp\/v2\/types\/product"}],"replies":[{"embeddable":true,"href":"https:\/\/nature4me.eu\/de\/wp-json\/wp\/v2\/comments?post=5772"}],"wp:featuredmedia":[{"embeddable":true,"href":"https:\/\/nature4me.eu\/de\/wp-json\/wp\/v2\/media\/7762"}],"wp:attachment":[{"href":"https:\/\/nature4me.eu\/de\/wp-json\/wp\/v2\/media?parent=5772"}],"wp:term":[{"taxonomy":"product_brand","embeddable":true,"href":"https:\/\/nature4me.eu\/de\/wp-json\/wp\/v2\/product_brand?post=5772"},{"taxonomy":"product_cat","embeddable":true,"href":"https:\/\/nature4me.eu\/de\/wp-json\/wp\/v2\/product_cat?post=5772"},{"taxonomy":"product_tag","embeddable":true,"href":"https:\/\/nature4me.eu\/de\/wp-json\/wp\/v2\/product_tag?post=5772"}],"curies":[{"name":"wp","href":"https:\/\/api.w.org\/{rel}","templated":true}]}}