{"id":5776,"date":"2016-02-17T10:12:12","date_gmt":"2021-09-06T19:02:17","guid":{"rendered":"https:\/\/nature4me.eu\/?post_type=product&#038;p=5776"},"modified":"2021-12-21T16:24:35","modified_gmt":"2021-12-21T14:24:35","slug":"bee-power","status":"publish","type":"product","link":"https:\/\/nature4me.eu\/de\/produkt\/bee-power\/","title":{"rendered":"Bee Power (50 Kapseln)"},"content":{"rendered":"<div id=\"product-long-decs\">\n<p><strong>Bee Power<\/strong> ist ein Erzeugnis mit Geleegehalt. Ein wichtiger Bestandteil von Gelee royal ist das HDA, das eine Antimikro-Wirkung auf die anderen Bakterien und Pilze aus\u00fcbt. In Gelee royal sind alle Teile der Vitamin B-Familie zu finden, au\u00dferdem noch Mineralsalze, Spurenelemente (zum Beispiel Schwefel, Mangan, Nickel, Kobalt). Es ist die nat\u00fcrliche Quelle von Vitaminen A, C, D, E, von Fols\u00e4ure, Mineralstoffen und 18 verschiedenen Aminos\u00e4uren.<\/p>\n<h4>Wem und wozu empfehlen wir es:<\/h4>\n<ul>\n<li>Denjenigen, die einen nat\u00fcrlichen Immunschutz suchen,<\/li>\n<li>f\u00fcr Kinder zur F\u00f6rderung des Immunsystems, zur Appetitsteigerung,<\/li>\n<li>nach einer Krankheit zur Verst\u00e4rkung des Organismus,<\/li>\n<li>in einer \u00fcberbelasteten Periode zur Leistungssteigerung, zur Auffrischung des Organismus.<\/li>\n<\/ul>\n<\/div>\n<p><!-- Product Specification --><\/p>\n<table class=\"product_details_body\" border=\"0\" width=\"500\" cellspacing=\"0\" align=\"center\" bgcolor=\"#7CDB8B\">\n<tbody>\n<tr bgcolor=>\n<td height=\"20\"><u>Wirkstoff\/Kapsel:<\/u><\/td>\n<td width=\"100\"><span class=\"pvdecla\">(View Declaration)<\/span><\/td>\n<td width=\"70\"><span class=\"pd-rda\">*RDA:<\/span><\/td>\n<\/tr>\n<tr>\n<td>Gelee Royal Konzentrat (6% HDA)(Entspricht 150 mg Gelee Royal)<\/td>\n<td>50 mg<\/td>\n<td><\/td>\n<\/tr>\n<tr>\n<td colspan=\"3\" height=\"10\"><\/td>\n<\/tr>\n<tr bgcolor=>\n<td colspan=\"3\" height=\"20\"><u>Dosierung *RDA:<\/u><\/td>\n<\/tr>\n<tr>\n<td colspan=\"3\" align=\"center\" height=\"15\">1 Kapsel t\u00e4glich.<\/td>\n<\/tr>\n<tr bgcolor=>\n<td colspan=\"3\" height=\"20\"><u>Andere Zutaten:<\/u><\/td>\n<\/tr>\n<tr>\n<td colspan=\"3\" height=\"10\">Andere Zutaten:Reismehl, Gelatine<\/td>\n<\/tr>\n<tr>\n<td colspan=\"3\" height=\"10\"><\/td>\n<\/tr>\n<\/tbody>\n<\/table>\n<p><!-- End Product Specification --><\/p>\n<p><!-- Product Declaration --><\/p>\n<div id=\"product-declaration-title\">Nahrungserg\u00e4nzungsmittel<\/div>\n<div class=\"prod-declaration\">\n<div class=\"declar-txt\">\n<p>Warning! Achtung! Da das Gelee Royal aus Bl\u00fctenstaub, Honig und Speicheldr\u00fcse der Arbeitsbienen entsteht, ist es f\u00fcr diejenigen, die Allergie auf Bl\u00fctenstaub, Produkte der Imkerei haben, nicht zu empfehlen. Sollte es eine allergische Reaktion bei der Verwendung entstehen, sollte die Verwendung sofort beendet werden. Es ist k\u00fchl zu lagern,<br \/>\nweil es sich bei der W\u00e4rme einfach aufl\u00f6st.<\/p>\n<p>(* RDA = Tageswert) Die empfohlenen Tagesmengen sollten nicht \u00fcberschritten werden. Das Nahrungserg\u00e4nzungsmittel ist kein Ersatz f\u00fcr eine ausgewogene und abwechslungsreiche Ern\u00e4hrung. Au\u00dferhalb der Reichweite von Kindern aufbewahren.<\/p>\n<\/div>\n<div class=\"declar-img\"><a href=\"https:\/\/nature4me.eu\/wp-content\/themes\/n4mtheme\/images\/declaration\/FL0042_Bee_Power_ENG.pdf\" target=\"_blank\" rel=\"noopener noreferrer\">View Declaration ENG<\/a><\/div>\n<\/div>\n","protected":false},"excerpt":{"rendered":"<p><!-- Short Details --><\/p>\n<div class=\"short-product-desc\">\n<h2>Gel\u00e9e Royal<\/h2>\n<\/div>\n","protected":false},"featured_media":7415,"comment_status":"closed","ping_status":"closed","template":"","meta":{"inline_featured_image":false,"_monsterinsights_skip_tracking":false,"_monsterinsights_sitenote_active":false,"_monsterinsights_sitenote_note":"","_monsterinsights_sitenote_category":0},"product_brand":[],"product_cat":[36,164],"product_tag":[],"class_list":{"0":"post-5776","1":"product","2":"type-product","3":"status-publish","4":"has-post-thumbnail","6":"product_cat-andere-nahrungsergaenzungsmittel","7":"product_cat-immunsystem-staerken-de","9":"first","10":"instock","11":"taxable","12":"shipping-taxable","13":"purchasable","14":"product-type-simple"},"yoast_head":"<!-- This site is optimized with the Yoast SEO Premium plugin v21.9 (Yoast SEO v26.6) - https:\/\/yoast.com\/wordpress\/plugins\/seo\/ -->\n<title>Bee Power CaliVita - Nature4me<\/title>\n<meta name=\"description\" content=\"Bee Power Calivita ist ein Pr\u00e4parat das Gelee Royale beinhaltet.\" \/>\n<meta name=\"robots\" content=\"index, follow, max-snippet:-1, max-image-preview:large, max-video-preview:-1\" \/>\n<link rel=\"canonical\" href=\"https:\/\/nature4me.eu\/de\/produkt\/bee-power\/\" \/>\n<meta property=\"og:locale\" content=\"de_DE\" \/>\n<meta property=\"og:type\" content=\"article\" \/>\n<meta property=\"og:title\" content=\"Bee Power (50 Kapseln)\" \/>\n<meta property=\"og:description\" content=\"Bee Power Calivita ist ein Pr\u00e4parat das Gelee Royale beinhaltet.\" \/>\n<meta property=\"og:url\" content=\"https:\/\/nature4me.eu\/de\/produkt\/bee-power\/\" \/>\n<meta property=\"og:site_name\" content=\"CaliVita Nature4me\" \/>\n<meta property=\"article:publisher\" content=\"https:\/\/www.facebook.com\/zdravjeiznarave.eu\" \/>\n<meta property=\"article:modified_time\" content=\"2021-12-21T14:24:35+00:00\" \/>\n<meta property=\"og:image\" content=\"https:\/\/nature4me.eu\/wp-content\/uploads\/2016\/02\/Bee-power-2.png\" \/>\n\t<meta property=\"og:image:width\" content=\"200\" \/>\n\t<meta property=\"og:image:height\" content=\"372\" \/>\n\t<meta property=\"og:image:type\" content=\"image\/png\" \/>\n<meta name=\"twitter:card\" content=\"summary_large_image\" \/>\n<meta name=\"twitter:label1\" content=\"Gesch\u00e4tzte Lesezeit\" \/>\n\t<meta name=\"twitter:data1\" content=\"1\u00a0Minute\" \/>\n<script type=\"application\/ld+json\" class=\"yoast-schema-graph\">{\"@context\":\"https:\/\/schema.org\",\"@graph\":[{\"@type\":\"WebPage\",\"@id\":\"https:\/\/nature4me.eu\/de\/produkt\/bee-power\/\",\"url\":\"https:\/\/nature4me.eu\/de\/produkt\/bee-power\/\",\"name\":\"Bee Power CaliVita - Nature4me\",\"isPartOf\":{\"@id\":\"https:\/\/nature4me.eu\/de\/#website\"},\"primaryImageOfPage\":{\"@id\":\"https:\/\/nature4me.eu\/de\/produkt\/bee-power\/#primaryimage\"},\"image\":{\"@id\":\"https:\/\/nature4me.eu\/de\/produkt\/bee-power\/#primaryimage\"},\"thumbnailUrl\":\"https:\/\/nature4me.eu\/wp-content\/uploads\/2016\/02\/Bee-power-2.png\",\"datePublished\":\"2021-09-06T19:02:17+00:00\",\"dateModified\":\"2021-12-21T14:24:35+00:00\",\"description\":\"Bee Power Calivita ist ein Pr\u00e4parat das Gelee Royale beinhaltet.\",\"breadcrumb\":{\"@id\":\"https:\/\/nature4me.eu\/de\/produkt\/bee-power\/#breadcrumb\"},\"inLanguage\":\"de\",\"potentialAction\":[{\"@type\":\"ReadAction\",\"target\":[\"https:\/\/nature4me.eu\/de\/produkt\/bee-power\/\"]}]},{\"@type\":\"ImageObject\",\"inLanguage\":\"de\",\"@id\":\"https:\/\/nature4me.eu\/de\/produkt\/bee-power\/#primaryimage\",\"url\":\"https:\/\/nature4me.eu\/wp-content\/uploads\/2016\/02\/Bee-power-2.png\",\"contentUrl\":\"https:\/\/nature4me.eu\/wp-content\/uploads\/2016\/02\/Bee-power-2.png\",\"width\":200,\"height\":372,\"caption\":\"Mati\u010dni mle\u010dek\"},{\"@type\":\"BreadcrumbList\",\"@id\":\"https:\/\/nature4me.eu\/de\/produkt\/bee-power\/#breadcrumb\",\"itemListElement\":[{\"@type\":\"ListItem\",\"position\":1,\"name\":\"Po\u010detna stranica\",\"item\":\"https:\/\/nature4me.eu\/de\/\"},{\"@type\":\"ListItem\",\"position\":2,\"name\":\"Webshop\",\"item\":\"https:\/\/nature4me.eu\/de\/shop\/\"},{\"@type\":\"ListItem\",\"position\":3,\"name\":\"Bee Power (50 Kapseln)\"}]},{\"@type\":\"WebSite\",\"@id\":\"https:\/\/nature4me.eu\/de\/#website\",\"url\":\"https:\/\/nature4me.eu\/de\/\",\"name\":\"CaliVita Nature4me\",\"description\":\"CaliVita Nature4me\",\"potentialAction\":[{\"@type\":\"SearchAction\",\"target\":{\"@type\":\"EntryPoint\",\"urlTemplate\":\"https:\/\/nature4me.eu\/de\/?s={search_term_string}\"},\"query-input\":{\"@type\":\"PropertyValueSpecification\",\"valueRequired\":true,\"valueName\":\"search_term_string\"}}],\"inLanguage\":\"de\"}]}<\/script>\n<!-- \/ Yoast SEO Premium plugin. -->","yoast_head_json":{"title":"Bee Power CaliVita - Nature4me","description":"Bee Power Calivita ist ein Pr\u00e4parat das Gelee Royale beinhaltet.","robots":{"index":"index","follow":"follow","max-snippet":"max-snippet:-1","max-image-preview":"max-image-preview:large","max-video-preview":"max-video-preview:-1"},"canonical":"https:\/\/nature4me.eu\/de\/produkt\/bee-power\/","og_locale":"de_DE","og_type":"article","og_title":"Bee Power (50 Kapseln)","og_description":"Bee Power Calivita ist ein Pr\u00e4parat das Gelee Royale beinhaltet.","og_url":"https:\/\/nature4me.eu\/de\/produkt\/bee-power\/","og_site_name":"CaliVita Nature4me","article_publisher":"https:\/\/www.facebook.com\/zdravjeiznarave.eu","article_modified_time":"2021-12-21T14:24:35+00:00","og_image":[{"width":200,"height":372,"url":"https:\/\/nature4me.eu\/wp-content\/uploads\/2016\/02\/Bee-power-2.png","type":"image\/png"}],"twitter_card":"summary_large_image","twitter_misc":{"Gesch\u00e4tzte Lesezeit":"1\u00a0Minute"},"schema":{"@context":"https:\/\/schema.org","@graph":[{"@type":"WebPage","@id":"https:\/\/nature4me.eu\/de\/produkt\/bee-power\/","url":"https:\/\/nature4me.eu\/de\/produkt\/bee-power\/","name":"Bee Power CaliVita - Nature4me","isPartOf":{"@id":"https:\/\/nature4me.eu\/de\/#website"},"primaryImageOfPage":{"@id":"https:\/\/nature4me.eu\/de\/produkt\/bee-power\/#primaryimage"},"image":{"@id":"https:\/\/nature4me.eu\/de\/produkt\/bee-power\/#primaryimage"},"thumbnailUrl":"https:\/\/nature4me.eu\/wp-content\/uploads\/2016\/02\/Bee-power-2.png","datePublished":"2021-09-06T19:02:17+00:00","dateModified":"2021-12-21T14:24:35+00:00","description":"Bee Power Calivita ist ein Pr\u00e4parat das Gelee Royale beinhaltet.","breadcrumb":{"@id":"https:\/\/nature4me.eu\/de\/produkt\/bee-power\/#breadcrumb"},"inLanguage":"de","potentialAction":[{"@type":"ReadAction","target":["https:\/\/nature4me.eu\/de\/produkt\/bee-power\/"]}]},{"@type":"ImageObject","inLanguage":"de","@id":"https:\/\/nature4me.eu\/de\/produkt\/bee-power\/#primaryimage","url":"https:\/\/nature4me.eu\/wp-content\/uploads\/2016\/02\/Bee-power-2.png","contentUrl":"https:\/\/nature4me.eu\/wp-content\/uploads\/2016\/02\/Bee-power-2.png","width":200,"height":372,"caption":"Mati\u010dni mle\u010dek"},{"@type":"BreadcrumbList","@id":"https:\/\/nature4me.eu\/de\/produkt\/bee-power\/#breadcrumb","itemListElement":[{"@type":"ListItem","position":1,"name":"Po\u010detna stranica","item":"https:\/\/nature4me.eu\/de\/"},{"@type":"ListItem","position":2,"name":"Webshop","item":"https:\/\/nature4me.eu\/de\/shop\/"},{"@type":"ListItem","position":3,"name":"Bee Power (50 Kapseln)"}]},{"@type":"WebSite","@id":"https:\/\/nature4me.eu\/de\/#website","url":"https:\/\/nature4me.eu\/de\/","name":"CaliVita Nature4me","description":"CaliVita Nature4me","potentialAction":[{"@type":"SearchAction","target":{"@type":"EntryPoint","urlTemplate":"https:\/\/nature4me.eu\/de\/?s={search_term_string}"},"query-input":{"@type":"PropertyValueSpecification","valueRequired":true,"valueName":"search_term_string"}}],"inLanguage":"de"}]}},"_links":{"self":[{"href":"https:\/\/nature4me.eu\/de\/wp-json\/wp\/v2\/product\/5776","targetHints":{"allow":["GET"]}}],"collection":[{"href":"https:\/\/nature4me.eu\/de\/wp-json\/wp\/v2\/product"}],"about":[{"href":"https:\/\/nature4me.eu\/de\/wp-json\/wp\/v2\/types\/product"}],"replies":[{"embeddable":true,"href":"https:\/\/nature4me.eu\/de\/wp-json\/wp\/v2\/comments?post=5776"}],"wp:featuredmedia":[{"embeddable":true,"href":"https:\/\/nature4me.eu\/de\/wp-json\/wp\/v2\/media\/7415"}],"wp:attachment":[{"href":"https:\/\/nature4me.eu\/de\/wp-json\/wp\/v2\/media?parent=5776"}],"wp:term":[{"taxonomy":"product_brand","embeddable":true,"href":"https:\/\/nature4me.eu\/de\/wp-json\/wp\/v2\/product_brand?post=5776"},{"taxonomy":"product_cat","embeddable":true,"href":"https:\/\/nature4me.eu\/de\/wp-json\/wp\/v2\/product_cat?post=5776"},{"taxonomy":"product_tag","embeddable":true,"href":"https:\/\/nature4me.eu\/de\/wp-json\/wp\/v2\/product_tag?post=5776"}],"curies":[{"name":"wp","href":"https:\/\/api.w.org\/{rel}","templated":true}]}}