{"id":5778,"date":"2016-02-16T18:40:31","date_gmt":"2021-09-06T19:05:38","guid":{"rendered":"https:\/\/nature4me.eu\/?post_type=product&#038;p=5778"},"modified":"2022-01-26T12:02:49","modified_gmt":"2022-01-26T10:02:49","slug":"beauty-formula","status":"publish","type":"product","link":"https:\/\/nature4me.eu\/de\/produkt\/beauty-formula\/","title":{"rendered":"Beauty Formula (60 Tabletten)"},"content":{"rendered":"<div id=\"product-long-decs\">\n<p>Beauty Formula <strong>Sch\u00f6nheitsvitamin <\/strong>sichert mit einem einzigartig reichen Vitamin, Mineralstoff, Aminos\u00e4ure, Kollagen und Heilpflanzenkomplex den gen\u00fcgenden N\u00e4hrstoff zum Bewahren der Sch\u00f6nheit unserer Haut, Haare und N\u00e4gel, beziehungsweise zur Behandlung der vorhandenen Probleme auf einem bestimmten Gebiet.<\/p>\n<h4>Wem und wozu empfehlen wir es:<\/h4>\n<ul>\n<li>Beim Haarausfall,<\/li>\n<li>bei trockenen Haaren und wenn die Haare brechen,<\/li>\n<li>bei Gesichtshautproblemen (Akne),<\/li>\n<li>bei schwachen N\u00e4geln und wenn die N\u00e4gel brechen,<\/li>\n<li>jedem, der an dem Aussehen verbessern m\u00f6chte, bzw. der die Gesundheit der Haare, der Haut und N\u00e4gel bewahren m\u00f6chte<\/li>\n<\/ul>\n<\/div>\n<p><!-- Product Specification --><\/p>\n<table class=\"product_details_body\" border=\"0\" width=\"500\" cellspacing=\"0\" align=\"center\" bgcolor=\"#7CDB8B\">\n<tbody>\n<tr bgcolor=>\n<td height=\"20\"><u>Wirkstoffe\/Kapsel:<\/u><\/td>\n<td width=\"100\"><span class=\"pvdecla\">(View Declaration)<\/span><\/td>\n<td width=\"70\"><span class=\"pd-rda\">*RDA:<\/span><\/td>\n<\/tr>\n<tr>\n<td>Kollagen<\/td>\n<td>100 mg<\/td>\n<td><\/td>\n<\/tr>\n<tr>\n<td>L-Metionin<\/td>\n<td>100 mg<\/td>\n<td><\/td>\n<\/tr>\n<tr>\n<td>Ackerschachtelhalm-Extrakt (std. 6% Silizium)<\/td>\n<td>90 mg<\/td>\n<td><\/td>\n<\/tr>\n<tr>\n<td>L-Zystein<\/td>\n<td>77 mg<\/td>\n<td><\/td>\n<\/tr>\n<tr>\n<td>Silizium<\/td>\n<td>40 mg<\/td>\n<td><\/td>\n<\/tr>\n<tr>\n<td>Biobrennessel-Extrakt (4:1)<\/td>\n<td>40 mg<\/td>\n<td><\/td>\n<\/tr>\n<tr>\n<td>Vitamin C<\/td>\n<td>30 mg<\/td>\n<td>50%<\/td>\n<\/tr>\n<tr>\n<td>Kolin<\/td>\n<td>30 mg<\/td>\n<td><\/td>\n<\/tr>\n<tr>\n<td>Niacin<\/td>\n<td>30 mg<\/td>\n<td>150%<\/td>\n<\/tr>\n<tr>\n<td>Vitamin B6<\/td>\n<td>10 mg<\/td>\n<td>500%<\/td>\n<\/tr>\n<tr>\n<td>Zink<\/td>\n<td>10 mg<\/td>\n<td>67%<\/td>\n<\/tr>\n<tr>\n<td>Vitamin B2<\/td>\n<td>5 mg<\/td>\n<td>294%<\/td>\n<\/tr>\n<tr>\n<td>Kupfer<\/td>\n<td>2 mg<\/td>\n<td>100%<\/td>\n<\/tr>\n<tr>\n<td>Vitamin A<\/td>\n<td>2500 I.U.<\/td>\n<td>50%<\/td>\n<\/tr>\n<tr>\n<td>Iodine<\/td>\n<td>50 mcg<\/td>\n<td>33%<\/td>\n<\/tr>\n<tr>\n<td>Vitamin B12<\/td>\n<td>10 mcg<\/td>\n<td>167%<\/td>\n<\/tr>\n<tr>\n<td colspan=\"3\" height=\"10\"><\/td>\n<\/tr>\n<tr bgcolor=>\n<td colspan=\"3\" height=\"20\"><u>Dosierung: *RDA:<\/u><\/td>\n<\/tr>\n<tr>\n<td colspan=\"3\" align=\"center\" height=\"15\">1 Kapsel t\u00e4glich.<\/td>\n<\/tr>\n<tr bgcolor=>\n<td colspan=\"3\" height=\"20\"><u>Andere Zutaten:<\/u><\/td>\n<\/tr>\n<tr>\n<td colspan=\"3\" height=\"10\">Andere Zutaten:Hypromellose, mikrokristalline Cellulose, Stearins\u00e4ure, Siliciumdioxid.<\/td>\n<\/tr>\n<tr>\n<td colspan=\"3\" height=\"10\"><\/td>\n<\/tr>\n<\/tbody>\n<\/table>\n<p><!-- End Product Specification --><\/p>\n<p><!-- Product Declaration --><\/p>\n<div id=\"product-declaration-title\">Nahrungserg\u00e4nzungsmittel<\/div>\n<div class=\"prod-declaration\">\n<div class=\"declar-txt\">\n<p>(* RDA = Tageswert) Die empfohlenen Tagesmengen sollten nicht \u00fcberschritten werden. Das Nahrungserg\u00e4nzungsmittel ist kein Ersatz f\u00fcr eine ausgewogene und abwechslungsreiche Ern\u00e4hrung. Au\u00dferhalb der Reichweite von Kindern aufbewahren.<\/p>\n<\/div>\n<div class=\"declar-img\"><a href=\"https:\/\/nature4me.eu\/wp-content\/themes\/n4mtheme\/images\/declaration\/CV0166_Beauty_Formula_ENG.pdf\" target=\"_blank\" rel=\"noopener noreferrer\">View Declaration ENG<\/a><\/div>\n<\/div>\n<p><!-- End Product Declaration --><\/p>\n<div class=\"quotes\">Viri: Three clinical studies showing the anti-aging benefits of sodium salicylate in human skin &#8211; Merinville, Journal of Cosmetic Dermatology, 9, 174\u2013184 2010 Sep;9(3):174-84<br \/>\nSalicylic acid as a peeling agent: a comprehensive review &#8211; Tasleem Arif Clin Cosmet Investig Dermatol. 2015; 8: 455-461.<br \/>\nImprovement of skin condition in striae distensae: development, characterization and clinical efficacy of a cosmetic product containing Punica granatum seed oil and Croton lechleri resin extract &#8211; C\u0103t\u0103lina Bogdan, Drug Des Devel Ther. 2017; 11: 521-531.<br \/>\nPreparation and characterization of herbal creams for improvement of skin viscoelastic properties &#8211; Ahshawat M Int J Cosmet Sci. 2008 Jun;30(3):183-93.<br \/>\nThe effect of Aloe vera gel and sweet almond oil on striae gravidarum in nulliparous women &#8211; Hajhashemi M J Matern Fetal Neonatal Med. 2017 May 19:1-6.<br \/>\nEffect of pre-treatment of almond oil on ultraviolet B-induced cutaneous photoaging in mice &#8211; Sultana Y et al., J Cosmet Dermatol. 2007 Mar;6(1):14-9.<br \/>\nUse of silicon for skin and hair care: an approach of chemical forms available and efficacy &#8211; Lidiane Advincula de Ara\u00fajo et al., An Bras Dermatol. 2016;91(3):331-5.<br \/>\nRole of Micronutrients in Skin Health and Function &#8211; Kyungho Park, Biomol Ther 23(3), 207-217 (2015)<\/div>\n","protected":false},"excerpt":{"rendered":"<p><!-- Short Details --><\/p>\n<div class=\"short-product-desc\">\n<h4>Sch\u00f6nheitsvitamin<\/h4>\n<\/div>\n<div class=\"short-product-desc-txt\">Nahrungserg\u00e4nzungsmittel Beauty Formula mit Kollagen f\u00fcr Haut, Haare, N\u00e4gel in der Online Krauter Apotheke.<\/div>\n<p><!-- End Short Details --><\/p>\n","protected":false},"featured_media":7334,"comment_status":"closed","ping_status":"closed","template":"","meta":{"inline_featured_image":false,"_monsterinsights_skip_tracking":false,"_monsterinsights_sitenote_active":false,"_monsterinsights_sitenote_note":"","_monsterinsights_sitenote_category":0},"product_brand":[],"product_cat":[36,160,166],"product_tag":[],"class_list":{"0":"post-5778","1":"product","2":"type-product","3":"status-publish","4":"has-post-thumbnail","6":"product_cat-andere-nahrungsergaenzungsmittel","7":"product_cat-multivitamine-de","8":"product_cat-vitamine-de","10":"first","11":"instock","12":"taxable","13":"shipping-taxable","14":"purchasable","15":"product-type-simple"},"yoast_head":"<!-- This site is optimized with the Yoast SEO Premium plugin v21.9 (Yoast SEO v26.6) - https:\/\/yoast.com\/wordpress\/plugins\/seo\/ -->\n<title>Beauty Formula CaliVita - Nature4Me<\/title>\n<meta name=\"description\" content=\"Beauty Formula Sch\u00f6nheitsvitamin zum Bewahren der Sch\u00f6nheit unserer Haut, Haare und N\u00e4gel\" \/>\n<meta name=\"robots\" content=\"index, follow, max-snippet:-1, max-image-preview:large, max-video-preview:-1\" \/>\n<link rel=\"canonical\" href=\"https:\/\/nature4me.eu\/de\/produkt\/beauty-formula\/\" \/>\n<meta property=\"og:locale\" content=\"de_DE\" \/>\n<meta property=\"og:type\" content=\"article\" \/>\n<meta property=\"og:title\" content=\"Beauty Formula (60 Tabletten)\" \/>\n<meta property=\"og:description\" content=\"Beauty Formula Sch\u00f6nheitsvitamin zum Bewahren der Sch\u00f6nheit unserer Haut, Haare und N\u00e4gel\" \/>\n<meta property=\"og:url\" content=\"https:\/\/nature4me.eu\/de\/produkt\/beauty-formula\/\" \/>\n<meta property=\"og:site_name\" content=\"CaliVita Nature4me\" \/>\n<meta property=\"article:publisher\" content=\"https:\/\/www.facebook.com\/zdravjeiznarave.eu\" \/>\n<meta property=\"article:modified_time\" content=\"2022-01-26T10:02:49+00:00\" \/>\n<meta property=\"og:image\" content=\"https:\/\/nature4me.eu\/wp-content\/uploads\/2016\/02\/Beauty-Formula-1.png\" \/>\n\t<meta property=\"og:image:width\" content=\"200\" \/>\n\t<meta property=\"og:image:height\" content=\"361\" \/>\n\t<meta property=\"og:image:type\" content=\"image\/png\" \/>\n<meta name=\"twitter:card\" content=\"summary_large_image\" \/>\n<meta name=\"twitter:label1\" content=\"Gesch\u00e4tzte Lesezeit\" \/>\n\t<meta name=\"twitter:data1\" content=\"2\u00a0Minuten\" \/>\n<script type=\"application\/ld+json\" class=\"yoast-schema-graph\">{\"@context\":\"https:\/\/schema.org\",\"@graph\":[{\"@type\":\"WebPage\",\"@id\":\"https:\/\/nature4me.eu\/de\/produkt\/beauty-formula\/\",\"url\":\"https:\/\/nature4me.eu\/de\/produkt\/beauty-formula\/\",\"name\":\"Beauty Formula CaliVita - Nature4Me\",\"isPartOf\":{\"@id\":\"https:\/\/nature4me.eu\/de\/#website\"},\"primaryImageOfPage\":{\"@id\":\"https:\/\/nature4me.eu\/de\/produkt\/beauty-formula\/#primaryimage\"},\"image\":{\"@id\":\"https:\/\/nature4me.eu\/de\/produkt\/beauty-formula\/#primaryimage\"},\"thumbnailUrl\":\"https:\/\/nature4me.eu\/wp-content\/uploads\/2016\/02\/Beauty-Formula-1.png\",\"datePublished\":\"2021-09-06T19:05:38+00:00\",\"dateModified\":\"2022-01-26T10:02:49+00:00\",\"description\":\"Beauty Formula Sch\u00f6nheitsvitamin zum Bewahren der Sch\u00f6nheit unserer Haut, Haare und N\u00e4gel\",\"breadcrumb\":{\"@id\":\"https:\/\/nature4me.eu\/de\/produkt\/beauty-formula\/#breadcrumb\"},\"inLanguage\":\"de\",\"potentialAction\":[{\"@type\":\"ReadAction\",\"target\":[\"https:\/\/nature4me.eu\/de\/produkt\/beauty-formula\/\"]}]},{\"@type\":\"ImageObject\",\"inLanguage\":\"de\",\"@id\":\"https:\/\/nature4me.eu\/de\/produkt\/beauty-formula\/#primaryimage\",\"url\":\"https:\/\/nature4me.eu\/wp-content\/uploads\/2016\/02\/Beauty-Formula-1.png\",\"contentUrl\":\"https:\/\/nature4me.eu\/wp-content\/uploads\/2016\/02\/Beauty-Formula-1.png\",\"width\":200,\"height\":361,\"caption\":\"tablete za lepoto\"},{\"@type\":\"BreadcrumbList\",\"@id\":\"https:\/\/nature4me.eu\/de\/produkt\/beauty-formula\/#breadcrumb\",\"itemListElement\":[{\"@type\":\"ListItem\",\"position\":1,\"name\":\"Po\u010detna stranica\",\"item\":\"https:\/\/nature4me.eu\/de\/\"},{\"@type\":\"ListItem\",\"position\":2,\"name\":\"Webshop\",\"item\":\"https:\/\/nature4me.eu\/de\/shop\/\"},{\"@type\":\"ListItem\",\"position\":3,\"name\":\"Beauty Formula (60 Tabletten)\"}]},{\"@type\":\"WebSite\",\"@id\":\"https:\/\/nature4me.eu\/de\/#website\",\"url\":\"https:\/\/nature4me.eu\/de\/\",\"name\":\"CaliVita Nature4me\",\"description\":\"CaliVita Nature4me\",\"potentialAction\":[{\"@type\":\"SearchAction\",\"target\":{\"@type\":\"EntryPoint\",\"urlTemplate\":\"https:\/\/nature4me.eu\/de\/?s={search_term_string}\"},\"query-input\":{\"@type\":\"PropertyValueSpecification\",\"valueRequired\":true,\"valueName\":\"search_term_string\"}}],\"inLanguage\":\"de\"}]}<\/script>\n<!-- \/ Yoast SEO Premium plugin. -->","yoast_head_json":{"title":"Beauty Formula CaliVita - Nature4Me","description":"Beauty Formula Sch\u00f6nheitsvitamin zum Bewahren der Sch\u00f6nheit unserer Haut, Haare und N\u00e4gel","robots":{"index":"index","follow":"follow","max-snippet":"max-snippet:-1","max-image-preview":"max-image-preview:large","max-video-preview":"max-video-preview:-1"},"canonical":"https:\/\/nature4me.eu\/de\/produkt\/beauty-formula\/","og_locale":"de_DE","og_type":"article","og_title":"Beauty Formula (60 Tabletten)","og_description":"Beauty Formula Sch\u00f6nheitsvitamin zum Bewahren der Sch\u00f6nheit unserer Haut, Haare und N\u00e4gel","og_url":"https:\/\/nature4me.eu\/de\/produkt\/beauty-formula\/","og_site_name":"CaliVita Nature4me","article_publisher":"https:\/\/www.facebook.com\/zdravjeiznarave.eu","article_modified_time":"2022-01-26T10:02:49+00:00","og_image":[{"width":200,"height":361,"url":"https:\/\/nature4me.eu\/wp-content\/uploads\/2016\/02\/Beauty-Formula-1.png","type":"image\/png"}],"twitter_card":"summary_large_image","twitter_misc":{"Gesch\u00e4tzte Lesezeit":"2\u00a0Minuten"},"schema":{"@context":"https:\/\/schema.org","@graph":[{"@type":"WebPage","@id":"https:\/\/nature4me.eu\/de\/produkt\/beauty-formula\/","url":"https:\/\/nature4me.eu\/de\/produkt\/beauty-formula\/","name":"Beauty Formula CaliVita - Nature4Me","isPartOf":{"@id":"https:\/\/nature4me.eu\/de\/#website"},"primaryImageOfPage":{"@id":"https:\/\/nature4me.eu\/de\/produkt\/beauty-formula\/#primaryimage"},"image":{"@id":"https:\/\/nature4me.eu\/de\/produkt\/beauty-formula\/#primaryimage"},"thumbnailUrl":"https:\/\/nature4me.eu\/wp-content\/uploads\/2016\/02\/Beauty-Formula-1.png","datePublished":"2021-09-06T19:05:38+00:00","dateModified":"2022-01-26T10:02:49+00:00","description":"Beauty Formula Sch\u00f6nheitsvitamin zum Bewahren der Sch\u00f6nheit unserer Haut, Haare und N\u00e4gel","breadcrumb":{"@id":"https:\/\/nature4me.eu\/de\/produkt\/beauty-formula\/#breadcrumb"},"inLanguage":"de","potentialAction":[{"@type":"ReadAction","target":["https:\/\/nature4me.eu\/de\/produkt\/beauty-formula\/"]}]},{"@type":"ImageObject","inLanguage":"de","@id":"https:\/\/nature4me.eu\/de\/produkt\/beauty-formula\/#primaryimage","url":"https:\/\/nature4me.eu\/wp-content\/uploads\/2016\/02\/Beauty-Formula-1.png","contentUrl":"https:\/\/nature4me.eu\/wp-content\/uploads\/2016\/02\/Beauty-Formula-1.png","width":200,"height":361,"caption":"tablete za lepoto"},{"@type":"BreadcrumbList","@id":"https:\/\/nature4me.eu\/de\/produkt\/beauty-formula\/#breadcrumb","itemListElement":[{"@type":"ListItem","position":1,"name":"Po\u010detna stranica","item":"https:\/\/nature4me.eu\/de\/"},{"@type":"ListItem","position":2,"name":"Webshop","item":"https:\/\/nature4me.eu\/de\/shop\/"},{"@type":"ListItem","position":3,"name":"Beauty Formula (60 Tabletten)"}]},{"@type":"WebSite","@id":"https:\/\/nature4me.eu\/de\/#website","url":"https:\/\/nature4me.eu\/de\/","name":"CaliVita Nature4me","description":"CaliVita Nature4me","potentialAction":[{"@type":"SearchAction","target":{"@type":"EntryPoint","urlTemplate":"https:\/\/nature4me.eu\/de\/?s={search_term_string}"},"query-input":{"@type":"PropertyValueSpecification","valueRequired":true,"valueName":"search_term_string"}}],"inLanguage":"de"}]}},"_links":{"self":[{"href":"https:\/\/nature4me.eu\/de\/wp-json\/wp\/v2\/product\/5778","targetHints":{"allow":["GET"]}}],"collection":[{"href":"https:\/\/nature4me.eu\/de\/wp-json\/wp\/v2\/product"}],"about":[{"href":"https:\/\/nature4me.eu\/de\/wp-json\/wp\/v2\/types\/product"}],"replies":[{"embeddable":true,"href":"https:\/\/nature4me.eu\/de\/wp-json\/wp\/v2\/comments?post=5778"}],"wp:featuredmedia":[{"embeddable":true,"href":"https:\/\/nature4me.eu\/de\/wp-json\/wp\/v2\/media\/7334"}],"wp:attachment":[{"href":"https:\/\/nature4me.eu\/de\/wp-json\/wp\/v2\/media?parent=5778"}],"wp:term":[{"taxonomy":"product_brand","embeddable":true,"href":"https:\/\/nature4me.eu\/de\/wp-json\/wp\/v2\/product_brand?post=5778"},{"taxonomy":"product_cat","embeddable":true,"href":"https:\/\/nature4me.eu\/de\/wp-json\/wp\/v2\/product_cat?post=5778"},{"taxonomy":"product_tag","embeddable":true,"href":"https:\/\/nature4me.eu\/de\/wp-json\/wp\/v2\/product_tag?post=5778"}],"curies":[{"name":"wp","href":"https:\/\/api.w.org\/{rel}","templated":true}]}}