{"id":5783,"date":"2016-02-06T15:48:37","date_gmt":"2021-09-06T19:14:40","guid":{"rendered":"https:\/\/nature4me.eu\/?post_type=product&#038;p=5783"},"modified":"2021-12-21T16:30:55","modified_gmt":"2021-12-21T14:30:55","slug":"organic-acai","status":"publish","type":"product","link":"https:\/\/nature4me.eu\/de\/produkt\/organic-acai\/","title":{"rendered":"Organic Acai (473 ml)"},"content":{"rendered":"<div id=\"product-long-decs\">\n<p>Die Acai ist eine exotische Frucht aus den Urw\u00e4ldern von Amazonien, die ausgesprochen reich an Antioxidanten ist, au\u00dferdem enth\u00e4lt sie Vitamine B1, B2, C und E, Niacin, Eisen, Kalium, Phosphor und Kalzium sowie verschiedene Aminos\u00e4uren. Sie hat einen hohen Faserngehalt, aber einen niedrigen Zuckergehalt. Die Ureinwohner haben die Frucht bei Behandlung von zahlreichen Problemen angewendet: bei Hautkrankheiten, Fiebersenkung, Menstruationsschmerzen, Verdauungsproblemen, aber auch bei Zucker- und Herzkrankheiten und verschiedenen Krebsen. Das Erzeugnis mit Bio-Qualifizierung stammt aus einem \u00f6kologisch kontrollierten Anbau.<\/p>\n<h4>Wem und wozu empfehlen wir es:<\/h4>\n<ul>\n<li>Denen, die sich einen starken antioxidativen Schutz w\u00fcnschen, besonders den Rauchern, denen, die unter Stress leben, denen, die eine unausgeglichene Ern\u00e4hrung haben, den Einwohnern einer Siedlung, wo die Luft verschmutzt ist und denen, die regelm\u00e4\u00dfig Alkohol trinken,<\/li>\n<li>denen, die die Therapie gegen metabolisches Syndrom (hoher Insulinspiegel, verminderte Glukosetoleranz, \u00dcbergewicht, hoher Blutdruck, gestiegener Triglycerid- und Cholesterinspiegel) mit nat\u00fcrlichen Wirkstoffen erg\u00e4nzen m\u00f6chten,<\/li>\n<li>denen, die eine schmackhafte Erg\u00e4nzung mit Bio-Qualifizierung f\u00fcr ihre Ern\u00e4hrung zur Gewichtsabnahme suchen,<\/li>\n<li>zur Verbesserung der Widerstandsf\u00e4higkeit des Organismus,<\/li>\n<li>zur F\u00f6rderung der ausgeglichenen Funktion des Organismus.<\/li>\n<\/ul>\n<\/div>\n<p>KoagKag approval number: 4340-1219-5214<br \/>\n<!-- Product Specification --><\/p>\n<div id=\"wmark\">\n<div class=\"wmark-bckg\">nature4me.eu<\/div>\n<\/div>\n<table class=\"product_details_body\" border=\"0\" width=\"500\" cellspacing=\"0\" align=\"center\" bgcolor=\"#7CDB8B\">\n<tbody>\n<tr bgcolor=\"#3c8b47\">\n<td height=\"20\"><u>Wirkstoffe:<\/u><\/td>\n<td width=\"100\"><span class=\"pvdecla\">(View Declaration)<\/span><\/td>\n<td width=\"70\"><span class=\"pd-rda\">*RDA:<\/span><\/td>\n<\/tr>\n<tr>\n<td>Organic Acai Fruit solids<\/td>\n<td>30000 mg<\/td>\n<td><\/td>\n<\/tr>\n<tr>\n<td colspan=\"3\" height=\"10\"><\/td>\n<\/tr>\n<tr bgcolor=\"#3c8b47\">\n<td colspan=\"3\" height=\"20\"><u>Dosierung *RDA:<\/u><\/td>\n<\/tr>\n<tr>\n<td colspan=\"3\" align=\"center\" height=\"15\">2 Essl\u00f6ffel pro Tag<\/td>\n<\/tr>\n<tr bgcolor=\"#3c8b47\">\n<td colspan=\"3\" height=\"20\"><u>Inaktive Inhaltsstoffe, Warnungen und Produktdeklarationen:<\/u><\/td>\n<\/tr>\n<tr>\n<td colspan=\"3\" height=\"10\">Andere zutaten: citric acid.<\/td>\n<\/tr>\n<tr>\n<td colspan=\"3\" height=\"10\"><\/td>\n<\/tr>\n<\/tbody>\n<\/table>\n<p><!-- End Product Specification --><\/p>\n<p><!-- Product Declaration --><\/p>\n<div id=\"product-declaration-title\">Nahrungserg\u00e4nzungsmittel<\/div>\n<div class=\"prod-declaration\">\n<div class=\"declar-txt\">\n<p>(* RDA = Tageswert) Die empfohlenen Tagesmengen sollten nicht \u00fcberschritten werden. Das Nahrungserg\u00e4nzungsmittel ist kein Ersatz f\u00fcr eine ausgewogene und abwechslungsreiche Ern\u00e4hrung. Au\u00dferhalb der Reichweite von Kindern aufbewahren.<\/p>\n<\/div>\n<div class=\"declar-img\"><a href=\"https:\/\/nature4me.eu\/wp-content\/themes\/n4mtheme\/images\/declaration\/CV0182_Organic_Acai_EN.pdf\" target=\"_blank\" rel=\"noopener\">View Declaration ENG<\/a><\/div>\n<\/div>\n","protected":false},"excerpt":{"rendered":"<p><!-- Short Details --><\/p>\n<div class=\"short-product-desc\">\n<h2 class=\"short-product-desc\">Organischer Acai Saft mit Apfel und Schwarzekirsche<\/h2>\n<p>[rev_slider alias=&#8221;promotion-products&#8221;]<\/p>\n<p class=\"actsb btn big\"><a href=\"https:\/\/nature4me.eu\/calivita\/pflanzenextrakte\/organic-acai-pack-3_1\/\">erfahren sie mehr<\/a><\/p>\n<\/div>\n","protected":false},"featured_media":7290,"comment_status":"closed","ping_status":"closed","template":"","meta":{"inline_featured_image":false,"_monsterinsights_skip_tracking":false,"_monsterinsights_sitenote_active":false,"_monsterinsights_sitenote_note":"","_monsterinsights_sitenote_category":0},"product_brand":[],"product_cat":[45,156,163],"product_tag":[],"class_list":{"0":"post-5783","1":"product","2":"type-product","3":"status-publish","4":"has-post-thumbnail","6":"product_cat-antioxidantien","7":"product_cat-gewichtskontrolle-de","8":"product_cat-vegetarier-veganer-de","10":"first","11":"outofstock","12":"taxable","13":"shipping-taxable","14":"purchasable","15":"product-type-simple"},"yoast_head":"<!-- This site is optimized with the Yoast SEO Premium plugin v21.9 (Yoast SEO v26.6) - https:\/\/yoast.com\/wordpress\/plugins\/seo\/ -->\n<title>Organischer Acai Saft 473 ml.<\/title>\n<meta name=\"description\" content=\"Die Acai ist eine exotische Frucht reich an Antioxidantien ist, au\u00dferdem enth\u00e4lt sie Vitamine B1, B2, C und E, Niacin, Eisen, Kalium, Phosphor und Kalzium sowie verschiedene Aminos\u00e4uren\" \/>\n<meta name=\"robots\" content=\"index, follow, max-snippet:-1, max-image-preview:large, max-video-preview:-1\" \/>\n<link rel=\"canonical\" href=\"https:\/\/nature4me.eu\/de\/produkt\/organic-acai\/\" \/>\n<meta property=\"og:locale\" content=\"de_DE\" \/>\n<meta property=\"og:type\" content=\"article\" \/>\n<meta property=\"og:title\" content=\"Organic Acai (473 ml)\" \/>\n<meta property=\"og:description\" content=\"Die Acai ist eine exotische Frucht reich an Antioxidantien ist, au\u00dferdem enth\u00e4lt sie Vitamine B1, B2, C und E, Niacin, Eisen, Kalium, Phosphor und Kalzium sowie verschiedene Aminos\u00e4uren\" \/>\n<meta property=\"og:url\" content=\"https:\/\/nature4me.eu\/de\/produkt\/organic-acai\/\" \/>\n<meta property=\"og:site_name\" content=\"CaliVita Nature4me\" \/>\n<meta property=\"article:publisher\" content=\"https:\/\/www.facebook.com\/zdravjeiznarave.eu\" \/>\n<meta property=\"article:modified_time\" content=\"2021-12-21T14:30:55+00:00\" \/>\n<meta property=\"og:image\" content=\"https:\/\/nature4me.eu\/wp-content\/uploads\/2016\/02\/Organic-Acai-1.png\" \/>\n\t<meta property=\"og:image:width\" content=\"200\" \/>\n\t<meta property=\"og:image:height\" content=\"483\" \/>\n\t<meta property=\"og:image:type\" content=\"image\/png\" \/>\n<meta name=\"twitter:card\" content=\"summary_large_image\" \/>\n<meta name=\"twitter:label1\" content=\"Gesch\u00e4tzte Lesezeit\" \/>\n\t<meta name=\"twitter:data1\" content=\"1\u00a0Minute\" \/>\n<script type=\"application\/ld+json\" class=\"yoast-schema-graph\">{\"@context\":\"https:\/\/schema.org\",\"@graph\":[{\"@type\":\"WebPage\",\"@id\":\"https:\/\/nature4me.eu\/de\/produkt\/organic-acai\/\",\"url\":\"https:\/\/nature4me.eu\/de\/produkt\/organic-acai\/\",\"name\":\"Organischer Acai Saft 473 ml.\",\"isPartOf\":{\"@id\":\"https:\/\/nature4me.eu\/de\/#website\"},\"primaryImageOfPage\":{\"@id\":\"https:\/\/nature4me.eu\/de\/produkt\/organic-acai\/#primaryimage\"},\"image\":{\"@id\":\"https:\/\/nature4me.eu\/de\/produkt\/organic-acai\/#primaryimage\"},\"thumbnailUrl\":\"https:\/\/nature4me.eu\/wp-content\/uploads\/2016\/02\/Organic-Acai-1.png\",\"datePublished\":\"2021-09-06T19:14:40+00:00\",\"dateModified\":\"2021-12-21T14:30:55+00:00\",\"description\":\"Die Acai ist eine exotische Frucht reich an Antioxidantien ist, au\u00dferdem enth\u00e4lt sie Vitamine B1, B2, C und E, Niacin, Eisen, Kalium, Phosphor und Kalzium sowie verschiedene Aminos\u00e4uren\",\"breadcrumb\":{\"@id\":\"https:\/\/nature4me.eu\/de\/produkt\/organic-acai\/#breadcrumb\"},\"inLanguage\":\"de\",\"potentialAction\":[{\"@type\":\"ReadAction\",\"target\":[\"https:\/\/nature4me.eu\/de\/produkt\/organic-acai\/\"]}]},{\"@type\":\"ImageObject\",\"inLanguage\":\"de\",\"@id\":\"https:\/\/nature4me.eu\/de\/produkt\/organic-acai\/#primaryimage\",\"url\":\"https:\/\/nature4me.eu\/wp-content\/uploads\/2016\/02\/Organic-Acai-1.png\",\"contentUrl\":\"https:\/\/nature4me.eu\/wp-content\/uploads\/2016\/02\/Organic-Acai-1.png\",\"width\":200,\"height\":483,\"caption\":\"Bio Acai sok\"},{\"@type\":\"BreadcrumbList\",\"@id\":\"https:\/\/nature4me.eu\/de\/produkt\/organic-acai\/#breadcrumb\",\"itemListElement\":[{\"@type\":\"ListItem\",\"position\":1,\"name\":\"Po\u010detna stranica\",\"item\":\"https:\/\/nature4me.eu\/de\/\"},{\"@type\":\"ListItem\",\"position\":2,\"name\":\"Webshop\",\"item\":\"https:\/\/nature4me.eu\/de\/shop\/\"},{\"@type\":\"ListItem\",\"position\":3,\"name\":\"Organic Acai (473 ml)\"}]},{\"@type\":\"WebSite\",\"@id\":\"https:\/\/nature4me.eu\/de\/#website\",\"url\":\"https:\/\/nature4me.eu\/de\/\",\"name\":\"CaliVita Nature4me\",\"description\":\"CaliVita Nature4me\",\"potentialAction\":[{\"@type\":\"SearchAction\",\"target\":{\"@type\":\"EntryPoint\",\"urlTemplate\":\"https:\/\/nature4me.eu\/de\/?s={search_term_string}\"},\"query-input\":{\"@type\":\"PropertyValueSpecification\",\"valueRequired\":true,\"valueName\":\"search_term_string\"}}],\"inLanguage\":\"de\"}]}<\/script>\n<!-- \/ Yoast SEO Premium plugin. -->","yoast_head_json":{"title":"Organischer Acai Saft 473 ml.","description":"Die Acai ist eine exotische Frucht reich an Antioxidantien ist, au\u00dferdem enth\u00e4lt sie Vitamine B1, B2, C und E, Niacin, Eisen, Kalium, Phosphor und Kalzium sowie verschiedene Aminos\u00e4uren","robots":{"index":"index","follow":"follow","max-snippet":"max-snippet:-1","max-image-preview":"max-image-preview:large","max-video-preview":"max-video-preview:-1"},"canonical":"https:\/\/nature4me.eu\/de\/produkt\/organic-acai\/","og_locale":"de_DE","og_type":"article","og_title":"Organic Acai (473 ml)","og_description":"Die Acai ist eine exotische Frucht reich an Antioxidantien ist, au\u00dferdem enth\u00e4lt sie Vitamine B1, B2, C und E, Niacin, Eisen, Kalium, Phosphor und Kalzium sowie verschiedene Aminos\u00e4uren","og_url":"https:\/\/nature4me.eu\/de\/produkt\/organic-acai\/","og_site_name":"CaliVita Nature4me","article_publisher":"https:\/\/www.facebook.com\/zdravjeiznarave.eu","article_modified_time":"2021-12-21T14:30:55+00:00","og_image":[{"width":200,"height":483,"url":"https:\/\/nature4me.eu\/wp-content\/uploads\/2016\/02\/Organic-Acai-1.png","type":"image\/png"}],"twitter_card":"summary_large_image","twitter_misc":{"Gesch\u00e4tzte Lesezeit":"1\u00a0Minute"},"schema":{"@context":"https:\/\/schema.org","@graph":[{"@type":"WebPage","@id":"https:\/\/nature4me.eu\/de\/produkt\/organic-acai\/","url":"https:\/\/nature4me.eu\/de\/produkt\/organic-acai\/","name":"Organischer Acai Saft 473 ml.","isPartOf":{"@id":"https:\/\/nature4me.eu\/de\/#website"},"primaryImageOfPage":{"@id":"https:\/\/nature4me.eu\/de\/produkt\/organic-acai\/#primaryimage"},"image":{"@id":"https:\/\/nature4me.eu\/de\/produkt\/organic-acai\/#primaryimage"},"thumbnailUrl":"https:\/\/nature4me.eu\/wp-content\/uploads\/2016\/02\/Organic-Acai-1.png","datePublished":"2021-09-06T19:14:40+00:00","dateModified":"2021-12-21T14:30:55+00:00","description":"Die Acai ist eine exotische Frucht reich an Antioxidantien ist, au\u00dferdem enth\u00e4lt sie Vitamine B1, B2, C und E, Niacin, Eisen, Kalium, Phosphor und Kalzium sowie verschiedene Aminos\u00e4uren","breadcrumb":{"@id":"https:\/\/nature4me.eu\/de\/produkt\/organic-acai\/#breadcrumb"},"inLanguage":"de","potentialAction":[{"@type":"ReadAction","target":["https:\/\/nature4me.eu\/de\/produkt\/organic-acai\/"]}]},{"@type":"ImageObject","inLanguage":"de","@id":"https:\/\/nature4me.eu\/de\/produkt\/organic-acai\/#primaryimage","url":"https:\/\/nature4me.eu\/wp-content\/uploads\/2016\/02\/Organic-Acai-1.png","contentUrl":"https:\/\/nature4me.eu\/wp-content\/uploads\/2016\/02\/Organic-Acai-1.png","width":200,"height":483,"caption":"Bio Acai sok"},{"@type":"BreadcrumbList","@id":"https:\/\/nature4me.eu\/de\/produkt\/organic-acai\/#breadcrumb","itemListElement":[{"@type":"ListItem","position":1,"name":"Po\u010detna stranica","item":"https:\/\/nature4me.eu\/de\/"},{"@type":"ListItem","position":2,"name":"Webshop","item":"https:\/\/nature4me.eu\/de\/shop\/"},{"@type":"ListItem","position":3,"name":"Organic Acai (473 ml)"}]},{"@type":"WebSite","@id":"https:\/\/nature4me.eu\/de\/#website","url":"https:\/\/nature4me.eu\/de\/","name":"CaliVita Nature4me","description":"CaliVita Nature4me","potentialAction":[{"@type":"SearchAction","target":{"@type":"EntryPoint","urlTemplate":"https:\/\/nature4me.eu\/de\/?s={search_term_string}"},"query-input":{"@type":"PropertyValueSpecification","valueRequired":true,"valueName":"search_term_string"}}],"inLanguage":"de"}]}},"_links":{"self":[{"href":"https:\/\/nature4me.eu\/de\/wp-json\/wp\/v2\/product\/5783","targetHints":{"allow":["GET"]}}],"collection":[{"href":"https:\/\/nature4me.eu\/de\/wp-json\/wp\/v2\/product"}],"about":[{"href":"https:\/\/nature4me.eu\/de\/wp-json\/wp\/v2\/types\/product"}],"replies":[{"embeddable":true,"href":"https:\/\/nature4me.eu\/de\/wp-json\/wp\/v2\/comments?post=5783"}],"wp:featuredmedia":[{"embeddable":true,"href":"https:\/\/nature4me.eu\/de\/wp-json\/wp\/v2\/media\/7290"}],"wp:attachment":[{"href":"https:\/\/nature4me.eu\/de\/wp-json\/wp\/v2\/media?parent=5783"}],"wp:term":[{"taxonomy":"product_brand","embeddable":true,"href":"https:\/\/nature4me.eu\/de\/wp-json\/wp\/v2\/product_brand?post=5783"},{"taxonomy":"product_cat","embeddable":true,"href":"https:\/\/nature4me.eu\/de\/wp-json\/wp\/v2\/product_cat?post=5783"},{"taxonomy":"product_tag","embeddable":true,"href":"https:\/\/nature4me.eu\/de\/wp-json\/wp\/v2\/product_tag?post=5783"}],"curies":[{"name":"wp","href":"https:\/\/api.w.org\/{rel}","templated":true}]}}