{"id":6446,"date":"2022-01-06T13:55:23","date_gmt":"2022-01-06T11:55:24","guid":{"rendered":"https:\/\/nature4me.eu\/?post_type=product&#038;p=6446"},"modified":"2025-03-24T12:57:38","modified_gmt":"2025-03-24T10:57:38","slug":"nordic-pure-omega-3-flussig","status":"publish","type":"product","link":"https:\/\/nature4me.eu\/de\/produkt\/nordic-pure-omega-3-flussig\/","title":{"rendered":"Nordic Pure Omega CETO3\u00ae (250 ml)"},"content":{"rendered":"<div id=\"product-long-decs\">Nordic Pure Omega CETO3\u00ae ist ein hochwertiges nat\u00fcrliches Fisch\u00f6l aus Norwegen<br \/>\nDer nat\u00fcrliche Geschmack von Zitrusfr\u00fcchten. Die patentierte CETO3\u00ae- Formel enth\u00e4lt ein ausgewogenes Verh\u00e4ltnis von EPA und DHA Omega-3-Fetts\u00e4uren und Cetoleins\u00e4ure. Bei Letzterer handelt es sich um eine Omega-11-Fetts\u00e4ure, die auch die k\u00f6rpereigene Produktion von Omega-3 anregen kann.Das Fl\u00fcssigprodukt mit Omega 3, Nordic Pure Omega 3 Liquid, ist ein zertifiziertes Produkt <strong>Friend od the sea<\/strong>. Produkte mit diesem Logo werden umweltfreundlich hergestellt, wobei der Schutz des Meereslebens und die Verringerung der Sch\u00e4den an \u00d6kosystemen im Vordergrund stehen.<br \/>\nNordic Pure Omega CETO3\u00ae <strong>kein unangenehmer Geruch oder Geschmack, ohne k\u00fcnstliche Zus\u00e4tze. <\/strong><\/p>\n<\/div>\n<p><!-- Product Specification --><\/p>\n<table class=\"product_details_body\" border=\"0\" width=\"500\" cellspacing=\"0\" align=\"center\" bgcolor=\"#7CDB8B\">\n<tbody>\n<tr bgcolor=\"\">\n<td height=\"20\"><u>Wirkstoffe:1 Teel\u00f6ffel (5 ml) t\u00e4glich:<\/u><\/td>\n<td width=\"100\"><span class=\"pvdecla\">(View Declaration)<\/span><\/td>\n<td width=\"70\"><span class=\"pd-rda\">*RDA:<\/span><\/td>\n<\/tr>\n<tr>\n<td>CETO3\u00ae (Cetoleins\u00e4ure (Omega-11) &amp; Omega-3-Fisch\u00f6l), davon:<\/td>\n<td>4600 mg<\/td>\n<td><\/td>\n<\/tr>\n<tr>\n<td>Cetoleins\u00e4ure:<\/td>\n<td>782 mg<\/td>\n<td><\/td>\n<\/tr>\n<tr>\n<td>EPA (Eicosapentaens\u00e4ure)<\/td>\n<td>322 mg<\/td>\n<td><\/td>\n<\/tr>\n<tr>\n<td>DHA (Docosahexaens\u00e4ure)<\/td>\n<td>322 mg<\/td>\n<td><\/td>\n<\/tr>\n<tr>\n<td colspan=\"3\" height=\"10\"><\/td>\n<\/tr>\n<tr bgcolor=\"\">\n<td colspan=\"3\" height=\"20\"><u>Dosierung *RDA:<\/u><\/td>\n<\/tr>\n<tr>\n<td colspan=\"3\" align=\"center\" height=\"15\">1 Teel\u00f6ffel (5 ml) t\u00e4glich.<\/td>\n<\/tr>\n<tr bgcolor=\"\">\n<td colspan=\"3\" height=\"20\"><u>Andere Zutaten:<\/u><\/td>\n<\/tr>\n<tr>\n<td colspan=\"3\" height=\"10\">Inaktive Inhaltsstoffe: Antioxidationsmittel: tocopherolreicher Extrakt<\/td>\n<\/tr>\n<tr>\n<td colspan=\"3\" height=\"10\"><\/td>\n<\/tr>\n<\/tbody>\n<\/table>\n<p><!-- End Product Specification --><\/p>\n<p><!-- Product Declaration --><\/p>\n<div id=\"product-declaration-title\">Nahrungserg\u00e4nzungsmittel<\/div>\n<div class=\"prod-declaration\">\n<div class=\"declar-txt\">\n<p>(* RDA = Tageswert) Die empfohlenen Tagesmengen sollten nicht \u00fcberschritten werden. Das Nahrungserg\u00e4nzungsmittel ist kein Ersatz f\u00fcr eine ausgewogene und abwechslungsreiche Ern\u00e4hrung. Au\u00dferhalb der Reichweite von Kindern aufbewahren.<\/p>\n<\/div>\n<\/div>\n","protected":false},"excerpt":{"rendered":"<p><!-- Short Details --><\/p>\n<div class=\"short-product-desc\">\n<h3>Omega 3 Fl\u00fcssig<\/h3>\n<\/div>\n<div class=\"short-product-desc-txt\"><\/div>\n<p><!-- End Short Details --><\/p>\n","protected":false},"featured_media":9026,"comment_status":"closed","ping_status":"closed","template":"","meta":{"inline_featured_image":false,"_monsterinsights_skip_tracking":false,"_monsterinsights_sitenote_active":false,"_monsterinsights_sitenote_note":"","_monsterinsights_sitenote_category":0},"product_brand":[],"product_cat":[161],"product_tag":[],"class_list":{"0":"post-6446","1":"product","2":"type-product","3":"status-publish","4":"has-post-thumbnail","6":"product_cat-omega-3-fettsaeuren-de","8":"first","9":"instock","10":"taxable","11":"shipping-taxable","12":"purchasable","13":"product-type-simple"},"yoast_head":"<!-- This site is optimized with the Yoast SEO Premium plugin v21.9 (Yoast SEO v26.6) - https:\/\/yoast.com\/wordpress\/plugins\/seo\/ -->\n<title>Omega 3 Fl\u00fcssig Calivita - Nature4Me<\/title>\n<meta name=\"description\" content=\"Omega 3 Fl\u00fcssig (Nordic Pure Omega 3 Liquid) Calivita. Es enth\u00e4lt 250 ml Fisch\u00f6l aus Dorschleber. CaliVita Nature4me\" \/>\n<meta name=\"robots\" content=\"index, follow, max-snippet:-1, max-image-preview:large, max-video-preview:-1\" \/>\n<link rel=\"canonical\" href=\"https:\/\/nature4me.eu\/de\/produkt\/nordic-pure-omega-3-flussig\/\" \/>\n<meta property=\"og:locale\" content=\"de_DE\" \/>\n<meta property=\"og:type\" content=\"article\" \/>\n<meta property=\"og:title\" content=\"Calivita Omega 3 Fl\u00fcssig\" \/>\n<meta property=\"og:description\" content=\"Omega 3 Fl\u00fcssig (Nordic Pure Omega 3 Liquid) Calivita. Es enth\u00e4lt 250 ml Fisch\u00f6l aus Dorschleber. CaliVita Nature4me\" \/>\n<meta property=\"og:url\" content=\"https:\/\/nature4me.eu\/de\/produkt\/nordic-pure-omega-3-flussig\/\" \/>\n<meta property=\"og:site_name\" content=\"CaliVita Nature4me\" \/>\n<meta property=\"article:publisher\" content=\"https:\/\/www.facebook.com\/zdravjeiznarave.eu\" \/>\n<meta property=\"article:modified_time\" content=\"2025-03-24T10:57:38+00:00\" \/>\n<meta property=\"og:image\" content=\"https:\/\/nature4me.eu\/wp-content\/uploads\/2022\/01\/Omega-liquid-1.jpg\" \/>\n\t<meta property=\"og:image:width\" content=\"200\" \/>\n\t<meta property=\"og:image:height\" content=\"407\" \/>\n\t<meta property=\"og:image:type\" content=\"image\/jpeg\" \/>\n<meta name=\"twitter:card\" content=\"summary_large_image\" \/>\n<meta name=\"twitter:title\" content=\"Nordic Pure Omega CETO3\u00ae (250 ml)\" \/>\n<meta name=\"twitter:label1\" content=\"Gesch\u00e4tzte Lesezeit\" \/>\n\t<meta name=\"twitter:data1\" content=\"1\u00a0Minute\" \/>\n<script type=\"application\/ld+json\" class=\"yoast-schema-graph\">{\"@context\":\"https:\/\/schema.org\",\"@graph\":[{\"@type\":\"WebPage\",\"@id\":\"https:\/\/nature4me.eu\/de\/produkt\/nordic-pure-omega-3-flussig\/\",\"url\":\"https:\/\/nature4me.eu\/de\/produkt\/nordic-pure-omega-3-flussig\/\",\"name\":\"Omega 3 Fl\u00fcssig Calivita - Nature4Me\",\"isPartOf\":{\"@id\":\"https:\/\/nature4me.eu\/de\/#website\"},\"primaryImageOfPage\":{\"@id\":\"https:\/\/nature4me.eu\/de\/produkt\/nordic-pure-omega-3-flussig\/#primaryimage\"},\"image\":{\"@id\":\"https:\/\/nature4me.eu\/de\/produkt\/nordic-pure-omega-3-flussig\/#primaryimage\"},\"thumbnailUrl\":\"https:\/\/nature4me.eu\/wp-content\/uploads\/2022\/01\/Nordic-Pure-Omega.png\",\"datePublished\":\"2022-01-06T11:55:24+00:00\",\"dateModified\":\"2025-03-24T10:57:38+00:00\",\"description\":\"Omega 3 Fl\u00fcssig (Nordic Pure Omega 3 Liquid) Calivita. Es enth\u00e4lt 250 ml Fisch\u00f6l aus Dorschleber. CaliVita Nature4me\",\"breadcrumb\":{\"@id\":\"https:\/\/nature4me.eu\/de\/produkt\/nordic-pure-omega-3-flussig\/#breadcrumb\"},\"inLanguage\":\"de\",\"potentialAction\":[{\"@type\":\"ReadAction\",\"target\":[\"https:\/\/nature4me.eu\/de\/produkt\/nordic-pure-omega-3-flussig\/\"]}]},{\"@type\":\"ImageObject\",\"inLanguage\":\"de\",\"@id\":\"https:\/\/nature4me.eu\/de\/produkt\/nordic-pure-omega-3-flussig\/#primaryimage\",\"url\":\"https:\/\/nature4me.eu\/wp-content\/uploads\/2022\/01\/Nordic-Pure-Omega.png\",\"contentUrl\":\"https:\/\/nature4me.eu\/wp-content\/uploads\/2022\/01\/Nordic-Pure-Omega.png\",\"width\":281,\"height\":600,\"caption\":\"Omega 3 v teko\u010di obliki\"},{\"@type\":\"BreadcrumbList\",\"@id\":\"https:\/\/nature4me.eu\/de\/produkt\/nordic-pure-omega-3-flussig\/#breadcrumb\",\"itemListElement\":[{\"@type\":\"ListItem\",\"position\":1,\"name\":\"Po\u010detna stranica\",\"item\":\"https:\/\/nature4me.eu\/de\/\"},{\"@type\":\"ListItem\",\"position\":2,\"name\":\"Webshop\",\"item\":\"https:\/\/nature4me.eu\/de\/shop\/\"},{\"@type\":\"ListItem\",\"position\":3,\"name\":\"Nordic Pure Omega CETO3\u00ae (250 ml)\"}]},{\"@type\":\"WebSite\",\"@id\":\"https:\/\/nature4me.eu\/de\/#website\",\"url\":\"https:\/\/nature4me.eu\/de\/\",\"name\":\"CaliVita Nature4me\",\"description\":\"CaliVita Nature4me\",\"potentialAction\":[{\"@type\":\"SearchAction\",\"target\":{\"@type\":\"EntryPoint\",\"urlTemplate\":\"https:\/\/nature4me.eu\/de\/?s={search_term_string}\"},\"query-input\":{\"@type\":\"PropertyValueSpecification\",\"valueRequired\":true,\"valueName\":\"search_term_string\"}}],\"inLanguage\":\"de\"}]}<\/script>\n<!-- \/ Yoast SEO Premium plugin. -->","yoast_head_json":{"title":"Omega 3 Fl\u00fcssig Calivita - Nature4Me","description":"Omega 3 Fl\u00fcssig (Nordic Pure Omega 3 Liquid) Calivita. Es enth\u00e4lt 250 ml Fisch\u00f6l aus Dorschleber. CaliVita Nature4me","robots":{"index":"index","follow":"follow","max-snippet":"max-snippet:-1","max-image-preview":"max-image-preview:large","max-video-preview":"max-video-preview:-1"},"canonical":"https:\/\/nature4me.eu\/de\/produkt\/nordic-pure-omega-3-flussig\/","og_locale":"de_DE","og_type":"article","og_title":"Calivita Omega 3 Fl\u00fcssig","og_description":"Omega 3 Fl\u00fcssig (Nordic Pure Omega 3 Liquid) Calivita. Es enth\u00e4lt 250 ml Fisch\u00f6l aus Dorschleber. CaliVita Nature4me","og_url":"https:\/\/nature4me.eu\/de\/produkt\/nordic-pure-omega-3-flussig\/","og_site_name":"CaliVita Nature4me","article_publisher":"https:\/\/www.facebook.com\/zdravjeiznarave.eu","article_modified_time":"2025-03-24T10:57:38+00:00","og_image":[{"width":200,"height":407,"url":"https:\/\/nature4me.eu\/wp-content\/uploads\/2022\/01\/Omega-liquid-1.jpg","type":"image\/jpeg"}],"twitter_card":"summary_large_image","twitter_title":"Nordic Pure Omega CETO3\u00ae (250 ml)","twitter_misc":{"Gesch\u00e4tzte Lesezeit":"1\u00a0Minute"},"schema":{"@context":"https:\/\/schema.org","@graph":[{"@type":"WebPage","@id":"https:\/\/nature4me.eu\/de\/produkt\/nordic-pure-omega-3-flussig\/","url":"https:\/\/nature4me.eu\/de\/produkt\/nordic-pure-omega-3-flussig\/","name":"Omega 3 Fl\u00fcssig Calivita - Nature4Me","isPartOf":{"@id":"https:\/\/nature4me.eu\/de\/#website"},"primaryImageOfPage":{"@id":"https:\/\/nature4me.eu\/de\/produkt\/nordic-pure-omega-3-flussig\/#primaryimage"},"image":{"@id":"https:\/\/nature4me.eu\/de\/produkt\/nordic-pure-omega-3-flussig\/#primaryimage"},"thumbnailUrl":"https:\/\/nature4me.eu\/wp-content\/uploads\/2022\/01\/Nordic-Pure-Omega.png","datePublished":"2022-01-06T11:55:24+00:00","dateModified":"2025-03-24T10:57:38+00:00","description":"Omega 3 Fl\u00fcssig (Nordic Pure Omega 3 Liquid) Calivita. Es enth\u00e4lt 250 ml Fisch\u00f6l aus Dorschleber. CaliVita Nature4me","breadcrumb":{"@id":"https:\/\/nature4me.eu\/de\/produkt\/nordic-pure-omega-3-flussig\/#breadcrumb"},"inLanguage":"de","potentialAction":[{"@type":"ReadAction","target":["https:\/\/nature4me.eu\/de\/produkt\/nordic-pure-omega-3-flussig\/"]}]},{"@type":"ImageObject","inLanguage":"de","@id":"https:\/\/nature4me.eu\/de\/produkt\/nordic-pure-omega-3-flussig\/#primaryimage","url":"https:\/\/nature4me.eu\/wp-content\/uploads\/2022\/01\/Nordic-Pure-Omega.png","contentUrl":"https:\/\/nature4me.eu\/wp-content\/uploads\/2022\/01\/Nordic-Pure-Omega.png","width":281,"height":600,"caption":"Omega 3 v teko\u010di obliki"},{"@type":"BreadcrumbList","@id":"https:\/\/nature4me.eu\/de\/produkt\/nordic-pure-omega-3-flussig\/#breadcrumb","itemListElement":[{"@type":"ListItem","position":1,"name":"Po\u010detna stranica","item":"https:\/\/nature4me.eu\/de\/"},{"@type":"ListItem","position":2,"name":"Webshop","item":"https:\/\/nature4me.eu\/de\/shop\/"},{"@type":"ListItem","position":3,"name":"Nordic Pure Omega CETO3\u00ae (250 ml)"}]},{"@type":"WebSite","@id":"https:\/\/nature4me.eu\/de\/#website","url":"https:\/\/nature4me.eu\/de\/","name":"CaliVita Nature4me","description":"CaliVita Nature4me","potentialAction":[{"@type":"SearchAction","target":{"@type":"EntryPoint","urlTemplate":"https:\/\/nature4me.eu\/de\/?s={search_term_string}"},"query-input":{"@type":"PropertyValueSpecification","valueRequired":true,"valueName":"search_term_string"}}],"inLanguage":"de"}]}},"_links":{"self":[{"href":"https:\/\/nature4me.eu\/de\/wp-json\/wp\/v2\/product\/6446","targetHints":{"allow":["GET"]}}],"collection":[{"href":"https:\/\/nature4me.eu\/de\/wp-json\/wp\/v2\/product"}],"about":[{"href":"https:\/\/nature4me.eu\/de\/wp-json\/wp\/v2\/types\/product"}],"replies":[{"embeddable":true,"href":"https:\/\/nature4me.eu\/de\/wp-json\/wp\/v2\/comments?post=6446"}],"wp:featuredmedia":[{"embeddable":true,"href":"https:\/\/nature4me.eu\/de\/wp-json\/wp\/v2\/media\/9026"}],"wp:attachment":[{"href":"https:\/\/nature4me.eu\/de\/wp-json\/wp\/v2\/media?parent=6446"}],"wp:term":[{"taxonomy":"product_brand","embeddable":true,"href":"https:\/\/nature4me.eu\/de\/wp-json\/wp\/v2\/product_brand?post=6446"},{"taxonomy":"product_cat","embeddable":true,"href":"https:\/\/nature4me.eu\/de\/wp-json\/wp\/v2\/product_cat?post=6446"},{"taxonomy":"product_tag","embeddable":true,"href":"https:\/\/nature4me.eu\/de\/wp-json\/wp\/v2\/product_tag?post=6446"}],"curies":[{"name":"wp","href":"https:\/\/api.w.org\/{rel}","templated":true}]}}