{"id":6837,"date":"2022-05-03T08:16:06","date_gmt":"2022-05-03T06:16:07","guid":{"rendered":"https:\/\/nature4me.eu\/?post_type=product&#038;p=6837"},"modified":"2023-03-09T19:30:31","modified_gmt":"2023-03-09T17:30:31","slug":"riseup-collagen","status":"publish","type":"product","link":"https:\/\/nature4me.eu\/de\/produkt\/riseup-collagen\/","title":{"rendered":"RiseUp Multiactive Collagen (500 gr)"},"content":{"rendered":"<div id=\"product-long-decs\">\n<p>RiseUp <strong>Multiactive Collagen<\/strong> enth\u00e4lt biologisch aktives Kollagen der zweiten Generation <strong>UC-II\u00ae und hydrolysiertes Kollagen Typ 2 in hohen Dosen<\/strong>. Es enth\u00e4lt auch Hagebutte, die hilft, gesunde und flexible Gelenke und ihre Beweglichkeit zu erhalten und zu ihrer St\u00e4rke beitr\u00e4gt. F\u00fcr eine optimale Wirkung enth\u00e4lt unser Produkt Hyalurons\u00e4ure, Glucosamin, Chondroitin, Inhaltsstoffe, die nat\u00fcrlicherweise in Bindegewebe und MSM vorkommen, sowie die Vitamine E und C, die bei der Bildung von Kollagen f\u00fcr die normale Funktion der Knochen eine Rolle spielen Knorpel, alle hinzugef\u00fcgt in nat\u00fcrlichen, leicht absorbierenden Formen. <\/p>\n<\/div>\n<p><!-- Product Specification --><\/p>\n<table class=\"product_details_body\" border=\"0\" width=\"500\" cellspacing=\"0\" align=\"center\" bgcolor=\"#7CDB8B\">\n<tbody>\n<tr bgcolor=\"\">\n<td height=\"20\"><u> Wirkstoffe\/1 scoop :<\/u><\/td>\n<td width=\"100\"><span class=\"pvdecla\">Zutaten<\/span><\/td>\n<td width=\"70\"><span class=\"pd-rda\">*RDA:<\/span><\/td>\n<\/tr>\n<tr>\n<td>Collagen<\/td>\n<td>8000 mg<\/td>\n<td><\/td>\n<\/tr>\n<tr>\n<td>UC-II kollagen<\/td>\n<td>80 mg<\/td>\n<td><\/td>\n<\/tr>\n<tr>\n<td>Vitamin C<\/td>\n<td>80 mg<\/td>\n<td>100%<\/td>\n<\/tr>\n<tr>\n<td>Vitamin E<\/td>\n<td>10 mg<\/td>\n<td>80%<\/td>\n<\/tr>\n<tr>\n<td>Rosa Canina<\/td>\n<td>5000 mg<\/td>\n<td><\/td>\n<\/tr>\n<tr>\n<td>Glucosaminsulfat<\/td>\n<td>660 mg<\/td>\n<td><\/td>\n<\/tr>\n<tr>\n<td>Glucosaminsulfat &#8211; davon: Glucosamin<\/td>\n<td>400 mg<\/td>\n<td><\/td>\n<\/tr>\n<tr>\n<td>Hondroitin sulfat<\/td>\n<td>440 mg<\/td>\n<td><\/td>\n<\/tr>\n<tr>\n<td>Chondroitinsulfat &#8211; davon: Chondroitin<\/td>\n<td>400 mg<\/td>\n<td><\/td>\n<\/tr>\n<tr>\n<td>MSM<\/td>\n<td>250 mg<\/td>\n<td><\/td>\n<\/tr>\n<tr>\n<td>Hyalurons\u00e4ure<\/td>\n<td>100 mg<\/td>\n<td><\/td>\n<\/tr>\n<tr>\n<td colspan=\"3\" align=\"center\" height=\"15\"><\/td>\n<\/tr>\n<tr>\n<td colspan=\"3\" height=\"10\"><\/td>\n<\/tr>\n<tr bgcolor=\"\">\n<td colspan=\"3\" height=\"20\"><u>Dosierung:<\/u><\/td>\n<\/tr>\n<tr>\n<td colspan=\"3\" align=\"center\" height=\"15\">1 scoop (17 g) \u2022 Servings per container: about 29.<\/td>\n<\/tr>\n<tr bgcolor=\"\">\n<td colspan=\"3\" height=\"20\"><u>Andere Zutaten:<\/u><\/td>\n<\/tr>\n<tr>\n<td colspan=\"3\" align=\"center\" height=\"15\"><\/td>\n<\/tr>\n<tr>\n<td colspan=\"3\" height=\"10\"><\/td>\n<\/tr>\n<\/tbody>\n<\/table>\n<p><!-- End Product Specification --><\/p>\n<p><!-- Product Declaration --><\/p>\n<div id=\"product-declaration-title\">Food Supplement<\/div>\n<div class=\"prod-declaration\">\n<div class=\"declar-txt\">\n<p>(* RDA = Tageswert) Die empfohlenen Tagesmengen sollten nicht \u00fcberschritten werden. Das Nahrungserg\u00e4nzungsmittel ist kein Ersatz f\u00fcr eine ausgewogene und abwechslungsreiche Ern\u00e4hrung. Au\u00dferhalb der Reichweite von Kindern aufbewahren<\/p>\n<\/div>\n<\/div>\n","protected":false},"excerpt":{"rendered":"<p><!-- Short Details --><\/p>\n<div class=\"short-product-desc\">\n<h2><\/h2>\n<\/div>\n<div class=\"short-product-desc-txt\">RiseUp Multiactive Collagen ist ein Getr\u00e4nkepulver mit Orangengeschmack, das weder Zucker noch Konservierungsstoffe oder Farbstoffe jeglicher Art enth\u00e4lt<\/div>\n<p><!-- End Short Details --><\/p>\n","protected":false},"featured_media":6845,"comment_status":"closed","ping_status":"closed","template":"","meta":{"inline_featured_image":false,"_monsterinsights_skip_tracking":false,"_monsterinsights_sitenote_active":false,"_monsterinsights_sitenote_note":"","_monsterinsights_sitenote_category":0},"product_brand":[],"product_cat":[36,175,162],"product_tag":[],"class_list":{"0":"post-6837","1":"product","2":"type-product","3":"status-publish","4":"has-post-thumbnail","6":"product_cat-andere-nahrungsergaenzungsmittel","7":"product_cat-meistverkaufte-produkte","8":"product_cat-sport-und-erholung-de","10":"first","11":"instock","12":"featured","13":"taxable","14":"shipping-taxable","15":"purchasable","16":"product-type-simple"},"yoast_head":"<!-- This site is optimized with the Yoast SEO Premium plugin v21.9 (Yoast SEO v26.6) - https:\/\/yoast.com\/wordpress\/plugins\/seo\/ -->\n<title>RiseUp Collagen 500 g Calivita- Nature4Me<\/title>\n<meta name=\"description\" content=\"RiseUp Multiactive Collagen enth\u00e4lt biologisch aktives Kollagen der zweiten Generation UC-II\u00ae und hydrolysiertes Kollagen Typ 2 in hohen Dosen f\u00fcr Knochen.\" \/>\n<meta name=\"robots\" content=\"index, follow, max-snippet:-1, max-image-preview:large, max-video-preview:-1\" \/>\n<link rel=\"canonical\" href=\"https:\/\/nature4me.eu\/de\/produkt\/riseup-collagen\/\" \/>\n<meta property=\"og:locale\" content=\"de_DE\" \/>\n<meta property=\"og:type\" content=\"article\" \/>\n<meta property=\"og:title\" content=\"RiseUp Multiactive Collagen (500 gr)\" \/>\n<meta property=\"og:description\" content=\"RiseUp Multiactive Collagen enth\u00e4lt biologisch aktives Kollagen der zweiten Generation UC-II\u00ae und hydrolysiertes Kollagen Typ 2 in hohen Dosen f\u00fcr Knochen.\" \/>\n<meta property=\"og:url\" content=\"https:\/\/nature4me.eu\/de\/produkt\/riseup-collagen\/\" \/>\n<meta property=\"og:site_name\" content=\"CaliVita Nature4me\" \/>\n<meta property=\"article:publisher\" content=\"https:\/\/www.facebook.com\/zdravjeiznarave.eu\" \/>\n<meta property=\"article:modified_time\" content=\"2023-03-09T17:30:31+00:00\" \/>\n<meta property=\"og:image\" content=\"https:\/\/nature4me.eu\/wp-content\/uploads\/2022\/05\/RiseUp2-300x300.jpg\" \/>\n<meta name=\"twitter:card\" content=\"summary_large_image\" \/>\n<meta name=\"twitter:label1\" content=\"Gesch\u00e4tzte Lesezeit\" \/>\n\t<meta name=\"twitter:data1\" content=\"1\u00a0Minute\" \/>\n<script type=\"application\/ld+json\" class=\"yoast-schema-graph\">{\"@context\":\"https:\/\/schema.org\",\"@graph\":[{\"@type\":\"WebPage\",\"@id\":\"https:\/\/nature4me.eu\/de\/produkt\/riseup-collagen\/\",\"url\":\"https:\/\/nature4me.eu\/de\/produkt\/riseup-collagen\/\",\"name\":\"RiseUp Collagen 500 g Calivita- Nature4Me\",\"isPartOf\":{\"@id\":\"https:\/\/nature4me.eu\/de\/#website\"},\"primaryImageOfPage\":{\"@id\":\"https:\/\/nature4me.eu\/de\/produkt\/riseup-collagen\/#primaryimage\"},\"image\":{\"@id\":\"https:\/\/nature4me.eu\/de\/produkt\/riseup-collagen\/#primaryimage\"},\"thumbnailUrl\":\"https:\/\/nature4me.eu\/wp-content\/uploads\/2022\/05\/RiseUp.png\",\"datePublished\":\"2022-05-03T06:16:07+00:00\",\"dateModified\":\"2023-03-09T17:30:31+00:00\",\"description\":\"RiseUp Multiactive Collagen enth\u00e4lt biologisch aktives Kollagen der zweiten Generation UC-II\u00ae und hydrolysiertes Kollagen Typ 2 in hohen Dosen f\u00fcr Knochen.\",\"breadcrumb\":{\"@id\":\"https:\/\/nature4me.eu\/de\/produkt\/riseup-collagen\/#breadcrumb\"},\"inLanguage\":\"de\",\"potentialAction\":[{\"@type\":\"ReadAction\",\"target\":[\"https:\/\/nature4me.eu\/de\/produkt\/riseup-collagen\/\"]}]},{\"@type\":\"ImageObject\",\"inLanguage\":\"de\",\"@id\":\"https:\/\/nature4me.eu\/de\/produkt\/riseup-collagen\/#primaryimage\",\"url\":\"https:\/\/nature4me.eu\/wp-content\/uploads\/2022\/05\/RiseUp.png\",\"contentUrl\":\"https:\/\/nature4me.eu\/wp-content\/uploads\/2022\/05\/RiseUp.png\",\"width\":700,\"height\":700,\"caption\":\"Hidroliziran kolagen\"},{\"@type\":\"BreadcrumbList\",\"@id\":\"https:\/\/nature4me.eu\/de\/produkt\/riseup-collagen\/#breadcrumb\",\"itemListElement\":[{\"@type\":\"ListItem\",\"position\":1,\"name\":\"Po\u010detna stranica\",\"item\":\"https:\/\/nature4me.eu\/de\/\"},{\"@type\":\"ListItem\",\"position\":2,\"name\":\"Webshop\",\"item\":\"https:\/\/nature4me.eu\/de\/shop\/\"},{\"@type\":\"ListItem\",\"position\":3,\"name\":\"RiseUp Multiactive Collagen (500 gr)\"}]},{\"@type\":\"WebSite\",\"@id\":\"https:\/\/nature4me.eu\/de\/#website\",\"url\":\"https:\/\/nature4me.eu\/de\/\",\"name\":\"CaliVita Nature4me\",\"description\":\"CaliVita Nature4me\",\"potentialAction\":[{\"@type\":\"SearchAction\",\"target\":{\"@type\":\"EntryPoint\",\"urlTemplate\":\"https:\/\/nature4me.eu\/de\/?s={search_term_string}\"},\"query-input\":{\"@type\":\"PropertyValueSpecification\",\"valueRequired\":true,\"valueName\":\"search_term_string\"}}],\"inLanguage\":\"de\"}]}<\/script>\n<!-- \/ Yoast SEO Premium plugin. -->","yoast_head_json":{"title":"RiseUp Collagen 500 g Calivita- Nature4Me","description":"RiseUp Multiactive Collagen enth\u00e4lt biologisch aktives Kollagen der zweiten Generation UC-II\u00ae und hydrolysiertes Kollagen Typ 2 in hohen Dosen f\u00fcr Knochen.","robots":{"index":"index","follow":"follow","max-snippet":"max-snippet:-1","max-image-preview":"max-image-preview:large","max-video-preview":"max-video-preview:-1"},"canonical":"https:\/\/nature4me.eu\/de\/produkt\/riseup-collagen\/","og_locale":"de_DE","og_type":"article","og_title":"RiseUp Multiactive Collagen (500 gr)","og_description":"RiseUp Multiactive Collagen enth\u00e4lt biologisch aktives Kollagen der zweiten Generation UC-II\u00ae und hydrolysiertes Kollagen Typ 2 in hohen Dosen f\u00fcr Knochen.","og_url":"https:\/\/nature4me.eu\/de\/produkt\/riseup-collagen\/","og_site_name":"CaliVita Nature4me","article_publisher":"https:\/\/www.facebook.com\/zdravjeiznarave.eu","article_modified_time":"2023-03-09T17:30:31+00:00","og_image":[{"url":"https:\/\/nature4me.eu\/wp-content\/uploads\/2022\/05\/RiseUp2-300x300.jpg","type":"","width":"","height":""}],"twitter_card":"summary_large_image","twitter_misc":{"Gesch\u00e4tzte Lesezeit":"1\u00a0Minute"},"schema":{"@context":"https:\/\/schema.org","@graph":[{"@type":"WebPage","@id":"https:\/\/nature4me.eu\/de\/produkt\/riseup-collagen\/","url":"https:\/\/nature4me.eu\/de\/produkt\/riseup-collagen\/","name":"RiseUp Collagen 500 g Calivita- Nature4Me","isPartOf":{"@id":"https:\/\/nature4me.eu\/de\/#website"},"primaryImageOfPage":{"@id":"https:\/\/nature4me.eu\/de\/produkt\/riseup-collagen\/#primaryimage"},"image":{"@id":"https:\/\/nature4me.eu\/de\/produkt\/riseup-collagen\/#primaryimage"},"thumbnailUrl":"https:\/\/nature4me.eu\/wp-content\/uploads\/2022\/05\/RiseUp.png","datePublished":"2022-05-03T06:16:07+00:00","dateModified":"2023-03-09T17:30:31+00:00","description":"RiseUp Multiactive Collagen enth\u00e4lt biologisch aktives Kollagen der zweiten Generation UC-II\u00ae und hydrolysiertes Kollagen Typ 2 in hohen Dosen f\u00fcr Knochen.","breadcrumb":{"@id":"https:\/\/nature4me.eu\/de\/produkt\/riseup-collagen\/#breadcrumb"},"inLanguage":"de","potentialAction":[{"@type":"ReadAction","target":["https:\/\/nature4me.eu\/de\/produkt\/riseup-collagen\/"]}]},{"@type":"ImageObject","inLanguage":"de","@id":"https:\/\/nature4me.eu\/de\/produkt\/riseup-collagen\/#primaryimage","url":"https:\/\/nature4me.eu\/wp-content\/uploads\/2022\/05\/RiseUp.png","contentUrl":"https:\/\/nature4me.eu\/wp-content\/uploads\/2022\/05\/RiseUp.png","width":700,"height":700,"caption":"Hidroliziran kolagen"},{"@type":"BreadcrumbList","@id":"https:\/\/nature4me.eu\/de\/produkt\/riseup-collagen\/#breadcrumb","itemListElement":[{"@type":"ListItem","position":1,"name":"Po\u010detna stranica","item":"https:\/\/nature4me.eu\/de\/"},{"@type":"ListItem","position":2,"name":"Webshop","item":"https:\/\/nature4me.eu\/de\/shop\/"},{"@type":"ListItem","position":3,"name":"RiseUp Multiactive Collagen (500 gr)"}]},{"@type":"WebSite","@id":"https:\/\/nature4me.eu\/de\/#website","url":"https:\/\/nature4me.eu\/de\/","name":"CaliVita Nature4me","description":"CaliVita Nature4me","potentialAction":[{"@type":"SearchAction","target":{"@type":"EntryPoint","urlTemplate":"https:\/\/nature4me.eu\/de\/?s={search_term_string}"},"query-input":{"@type":"PropertyValueSpecification","valueRequired":true,"valueName":"search_term_string"}}],"inLanguage":"de"}]}},"_links":{"self":[{"href":"https:\/\/nature4me.eu\/de\/wp-json\/wp\/v2\/product\/6837","targetHints":{"allow":["GET"]}}],"collection":[{"href":"https:\/\/nature4me.eu\/de\/wp-json\/wp\/v2\/product"}],"about":[{"href":"https:\/\/nature4me.eu\/de\/wp-json\/wp\/v2\/types\/product"}],"replies":[{"embeddable":true,"href":"https:\/\/nature4me.eu\/de\/wp-json\/wp\/v2\/comments?post=6837"}],"wp:featuredmedia":[{"embeddable":true,"href":"https:\/\/nature4me.eu\/de\/wp-json\/wp\/v2\/media\/6845"}],"wp:attachment":[{"href":"https:\/\/nature4me.eu\/de\/wp-json\/wp\/v2\/media?parent=6837"}],"wp:term":[{"taxonomy":"product_brand","embeddable":true,"href":"https:\/\/nature4me.eu\/de\/wp-json\/wp\/v2\/product_brand?post=6837"},{"taxonomy":"product_cat","embeddable":true,"href":"https:\/\/nature4me.eu\/de\/wp-json\/wp\/v2\/product_cat?post=6837"},{"taxonomy":"product_tag","embeddable":true,"href":"https:\/\/nature4me.eu\/de\/wp-json\/wp\/v2\/product_tag?post=6837"}],"curies":[{"name":"wp","href":"https:\/\/api.w.org\/{rel}","templated":true}]}}