{"id":7051,"date":"2022-10-06T07:52:15","date_gmt":"2022-10-06T05:52:15","guid":{"rendered":"https:\/\/nature4me.eu\/?post_type=product&#038;p=7051"},"modified":"2023-02-21T19:17:21","modified_gmt":"2023-02-21T17:17:21","slug":"oxymax-paket","status":"publish","type":"product","link":"https:\/\/nature4me.eu\/de\/produkt\/oxymax-paket\/","title":{"rendered":"OxyMax (3+1 gratis)"},"content":{"rendered":"<div id=\"product-long-decs\">\n<p>Die Tropfen von OxyMax\u00ae <strong>enthalten stabilisierte Sauerstoffmolek\u00fcle<\/strong>, die w\u00e4hrend der Verdauung in den Blutkreislauf gelangen. OxyMax wird dem Trinkwasser zugesetzt, <strong>neutralisiert die Nebenwirkungen von chloriertem Wasser und zerst\u00f6rt Mikroorganismen und Parasiten im Wasser<\/strong>. Dank der neuesten Technologie enth\u00e4lt es bis zu 12.000 Mal mehr Sauerstoff als gew\u00f6hnliches Trinkwasser.<\/p>\n<p>Die Wirkung von stabilisiertem Sauerstoff beginnt im Verdauungstrakt, wo er den Abbau von Nahrungsmitteln verbessert, deren F\u00e4ulnis verhindert und den Darm von pathogenen Bakterien reinigt.<\/p>\n<p>In den St\u00e4dten mit verschmutzter Luft, wo der Sauerstoffgehalt niedriger ist, oder bei einem erh\u00f6hten Sauerstoffbedarf z. B. beim Sport, bei einer physikalischer Arbeit kann das OxyMax helfen.<\/p>\n<p>Ohne angemessene Sauerstoffversorgung w\u00fcrde unser Organismus nicht optimal funktionieren.<\/p>\n<h4>Wem und wozu empfehlen wir es:<\/h4>\n<ul>\n<li>Einwohnern der Siedlungen, wo die Luft verschmutzt ist, f\u00fcr Sportler<\/li>\n<li>zur F\u00f6rderung, Steigerung der Sauerstoffversorgung des Organismus,<\/li>\n<li>zur Verbesserung des Stoffwechsels,<\/li>\n<li>zur Steigerung der Sportleistung,<\/li>\n<li>zur Verbesserung der Energieversorgung, der Lebensprozesse,<\/li>\n<li>zur F\u00f6rderung der Absorption von Vitaminen, Mineralstoffen, Aminos\u00e4uren, Heilpflanzen.<\/li>\n<\/ul>\n<p>&nbsp;<\/p>\n<\/div>\n<p>KAG-nr.4340-1020-4362<br \/>\n<!-- Product Specification --><\/p>\n<table class=\"product_details_body\" border=\"0\" width=\"500\" cellspacing=\"0\" align=\"center\">\n<tbody>\n<td height=\"20\"><u>Aktive Wirkstoffe:<\/u><\/td>\n<td width=\"100\"><span class=\"pvdecla\">(View Declaration)<\/span><\/td>\n<td width=\"70\"><span class=\"pd-rda\">*RDA:<\/span><\/td>\n<\/tr>\n<tr>\n<td>Stabilisierter Sauerstoff Molek\u00fcle.<\/td>\n<td><\/td>\n<td><\/td>\n<\/tr>\n<tr>\n<td colspan=\"3\" height=\"10\"><\/td>\n<\/tr>\n<tr bgcolor=\"\">\n<td colspan=\"3\" height=\"20\"><u>Dosierung *RDA:<\/u><\/td>\n<\/tr>\n<tr>\n<td colspan=\"3\" align=\"center\" height=\"15\">20 Tropfen OxyMax dreimal t\u00e4glich in 2 dl Fl\u00fcssigkeit vermischen und trinken.<\/td>\n<\/tr>\n<tr bgcolor=\"\">\n<td colspan=\"3\" height=\"20\"><u>Inactive ingredients, Warnings and Product Declaration:<\/u><\/td>\n<\/tr>\n<tr>\n<td colspan=\"3\" height=\"10\">Andere Zutaten:Natriumchlorid, Natriumkarbonat.<\/td>\n<\/tr>\n<tr>\n<td colspan=\"3\" height=\"10\"><\/td>\n<\/tr>\n<\/tbody>\n<\/table>\n<p><!-- End Product Specification --><\/p>\n<p><!-- Product Declaration --><\/p>\n<div id=\"product-declaration-title\">Nahrungserg\u00e4nzungsmittel<\/div>\n<div class=\"prod-declaration\">\n<div class=\"declar-txt\">\n<p>(* RDA = Tageswert) Die empfohlenen Tagesmengen sollten nicht \u00fcberschritten werden. Das Nahrungserg\u00e4nzungsmittel ist kein Ersatz f\u00fcr eine ausgewogene und abwechslungsreiche Ern\u00e4hrung. Au\u00dferhalb der Reichweite von Kindern aufbewahren.<\/p>\n<\/div>\n<\/div>\n<p><!-- End Product Declaration --><\/p>\n","protected":false},"excerpt":{"rendered":"<p><!-- Short Details --><\/p>\n<div class=\"short-product-desc\">\n<h4>Sauerstofftropfen OxyMax<\/h4>\n<\/div>\n<div class=\"short-product-desc-txt\">OxyMax ist mit Sauerstoff angereichertes Wasser, mit dem alle Gewebe und Zellen besser mit Sauerstoff versorgt werden.<\/div>\n<p><!-- End Short Details --><\/p>\n","protected":false},"featured_media":7726,"comment_status":"closed","ping_status":"closed","template":"","meta":{"inline_featured_image":false,"_monsterinsights_skip_tracking":false,"_monsterinsights_sitenote_active":false,"_monsterinsights_sitenote_note":"","_monsterinsights_sitenote_category":0},"product_brand":[],"product_cat":[36,154,163],"product_tag":[],"class_list":{"0":"post-7051","1":"product","2":"type-product","3":"status-publish","4":"has-post-thumbnail","6":"product_cat-andere-nahrungsergaenzungsmittel","7":"product_cat-sale-de","8":"product_cat-vegetarier-veganer-de","10":"first","11":"instock","12":"sale","13":"taxable","14":"shipping-taxable","15":"purchasable","16":"product-type-simple"},"yoast_head":"<!-- This site is optimized with the Yoast SEO Premium plugin v21.9 (Yoast SEO v26.6) - https:\/\/yoast.com\/wordpress\/plugins\/seo\/ -->\n<title>OxyMax CaliVita 3+1 gratis- Nature4me<\/title>\n<meta name=\"description\" content=\"OxyMax CaliVita 3+1 gratis Sauerstofftropfen Online kaufen - Nature4me.\" \/>\n<meta name=\"robots\" content=\"index, follow, max-snippet:-1, max-image-preview:large, max-video-preview:-1\" \/>\n<link rel=\"canonical\" href=\"https:\/\/nature4me.eu\/de\/produkt\/oxymax-paket\/\" \/>\n<meta property=\"og:locale\" content=\"de_DE\" \/>\n<meta property=\"og:type\" content=\"article\" \/>\n<meta property=\"og:title\" content=\"Sauerstofftropfen OxyMax\" \/>\n<meta property=\"og:description\" content=\"OxyMax CaliVita 3+1 gratis Sauerstofftropfen Online kaufen - Nature4me.\" \/>\n<meta property=\"og:url\" content=\"https:\/\/nature4me.eu\/de\/produkt\/oxymax-paket\/\" \/>\n<meta property=\"og:site_name\" content=\"CaliVita Nature4me\" \/>\n<meta property=\"article:publisher\" content=\"https:\/\/www.facebook.com\/zdravjeiznarave.eu\" \/>\n<meta property=\"article:modified_time\" content=\"2023-02-21T17:17:21+00:00\" \/>\n<meta property=\"og:image\" content=\"https:\/\/nature4me.eu\/wp-content\/uploads\/2016\/03\/OxyMax.jpg\" \/>\n\t<meta property=\"og:image:width\" content=\"200\" \/>\n\t<meta property=\"og:image:height\" content=\"609\" \/>\n\t<meta property=\"og:image:type\" content=\"image\/jpeg\" \/>\n<meta name=\"twitter:card\" content=\"summary_large_image\" \/>\n<meta name=\"twitter:title\" content=\"OxyMax (3+1 gratis)\" \/>\n<meta name=\"twitter:label1\" content=\"Gesch\u00e4tzte Lesezeit\" \/>\n\t<meta name=\"twitter:data1\" content=\"1\u00a0Minute\" \/>\n<script type=\"application\/ld+json\" class=\"yoast-schema-graph\">{\"@context\":\"https:\/\/schema.org\",\"@graph\":[{\"@type\":\"WebPage\",\"@id\":\"https:\/\/nature4me.eu\/de\/produkt\/oxymax-paket\/\",\"url\":\"https:\/\/nature4me.eu\/de\/produkt\/oxymax-paket\/\",\"name\":\"OxyMax CaliVita 3+1 gratis- Nature4me\",\"isPartOf\":{\"@id\":\"https:\/\/nature4me.eu\/de\/#website\"},\"primaryImageOfPage\":{\"@id\":\"https:\/\/nature4me.eu\/de\/produkt\/oxymax-paket\/#primaryimage\"},\"image\":{\"@id\":\"https:\/\/nature4me.eu\/de\/produkt\/oxymax-paket\/#primaryimage\"},\"thumbnailUrl\":\"https:\/\/nature4me.eu\/wp-content\/uploads\/2022\/10\/Oxy-Max-31.png\",\"datePublished\":\"2022-10-06T05:52:15+00:00\",\"dateModified\":\"2023-02-21T17:17:21+00:00\",\"description\":\"OxyMax CaliVita 3+1 gratis Sauerstofftropfen Online kaufen - Nature4me.\",\"breadcrumb\":{\"@id\":\"https:\/\/nature4me.eu\/de\/produkt\/oxymax-paket\/#breadcrumb\"},\"inLanguage\":\"de\",\"potentialAction\":[{\"@type\":\"ReadAction\",\"target\":[\"https:\/\/nature4me.eu\/de\/produkt\/oxymax-paket\/\"]}]},{\"@type\":\"ImageObject\",\"inLanguage\":\"de\",\"@id\":\"https:\/\/nature4me.eu\/de\/produkt\/oxymax-paket\/#primaryimage\",\"url\":\"https:\/\/nature4me.eu\/wp-content\/uploads\/2022\/10\/Oxy-Max-31.png\",\"contentUrl\":\"https:\/\/nature4me.eu\/wp-content\/uploads\/2022\/10\/Oxy-Max-31.png\",\"width\":300,\"height\":250,\"caption\":\"Kapljice kisika 3+1 gratis\"},{\"@type\":\"BreadcrumbList\",\"@id\":\"https:\/\/nature4me.eu\/de\/produkt\/oxymax-paket\/#breadcrumb\",\"itemListElement\":[{\"@type\":\"ListItem\",\"position\":1,\"name\":\"Po\u010detna stranica\",\"item\":\"https:\/\/nature4me.eu\/de\/\"},{\"@type\":\"ListItem\",\"position\":2,\"name\":\"Webshop\",\"item\":\"https:\/\/nature4me.eu\/de\/shop\/\"},{\"@type\":\"ListItem\",\"position\":3,\"name\":\"OxyMax (3+1 gratis)\"}]},{\"@type\":\"WebSite\",\"@id\":\"https:\/\/nature4me.eu\/de\/#website\",\"url\":\"https:\/\/nature4me.eu\/de\/\",\"name\":\"CaliVita Nature4me\",\"description\":\"CaliVita Nature4me\",\"potentialAction\":[{\"@type\":\"SearchAction\",\"target\":{\"@type\":\"EntryPoint\",\"urlTemplate\":\"https:\/\/nature4me.eu\/de\/?s={search_term_string}\"},\"query-input\":{\"@type\":\"PropertyValueSpecification\",\"valueRequired\":true,\"valueName\":\"search_term_string\"}}],\"inLanguage\":\"de\"}]}<\/script>\n<!-- \/ Yoast SEO Premium plugin. -->","yoast_head_json":{"title":"OxyMax CaliVita 3+1 gratis- Nature4me","description":"OxyMax CaliVita 3+1 gratis Sauerstofftropfen Online kaufen - Nature4me.","robots":{"index":"index","follow":"follow","max-snippet":"max-snippet:-1","max-image-preview":"max-image-preview:large","max-video-preview":"max-video-preview:-1"},"canonical":"https:\/\/nature4me.eu\/de\/produkt\/oxymax-paket\/","og_locale":"de_DE","og_type":"article","og_title":"Sauerstofftropfen OxyMax","og_description":"OxyMax CaliVita 3+1 gratis Sauerstofftropfen Online kaufen - Nature4me.","og_url":"https:\/\/nature4me.eu\/de\/produkt\/oxymax-paket\/","og_site_name":"CaliVita Nature4me","article_publisher":"https:\/\/www.facebook.com\/zdravjeiznarave.eu","article_modified_time":"2023-02-21T17:17:21+00:00","og_image":[{"width":200,"height":609,"url":"https:\/\/nature4me.eu\/wp-content\/uploads\/2016\/03\/OxyMax.jpg","type":"image\/jpeg"}],"twitter_card":"summary_large_image","twitter_title":"OxyMax (3+1 gratis)","twitter_misc":{"Gesch\u00e4tzte Lesezeit":"1\u00a0Minute"},"schema":{"@context":"https:\/\/schema.org","@graph":[{"@type":"WebPage","@id":"https:\/\/nature4me.eu\/de\/produkt\/oxymax-paket\/","url":"https:\/\/nature4me.eu\/de\/produkt\/oxymax-paket\/","name":"OxyMax CaliVita 3+1 gratis- Nature4me","isPartOf":{"@id":"https:\/\/nature4me.eu\/de\/#website"},"primaryImageOfPage":{"@id":"https:\/\/nature4me.eu\/de\/produkt\/oxymax-paket\/#primaryimage"},"image":{"@id":"https:\/\/nature4me.eu\/de\/produkt\/oxymax-paket\/#primaryimage"},"thumbnailUrl":"https:\/\/nature4me.eu\/wp-content\/uploads\/2022\/10\/Oxy-Max-31.png","datePublished":"2022-10-06T05:52:15+00:00","dateModified":"2023-02-21T17:17:21+00:00","description":"OxyMax CaliVita 3+1 gratis Sauerstofftropfen Online kaufen - Nature4me.","breadcrumb":{"@id":"https:\/\/nature4me.eu\/de\/produkt\/oxymax-paket\/#breadcrumb"},"inLanguage":"de","potentialAction":[{"@type":"ReadAction","target":["https:\/\/nature4me.eu\/de\/produkt\/oxymax-paket\/"]}]},{"@type":"ImageObject","inLanguage":"de","@id":"https:\/\/nature4me.eu\/de\/produkt\/oxymax-paket\/#primaryimage","url":"https:\/\/nature4me.eu\/wp-content\/uploads\/2022\/10\/Oxy-Max-31.png","contentUrl":"https:\/\/nature4me.eu\/wp-content\/uploads\/2022\/10\/Oxy-Max-31.png","width":300,"height":250,"caption":"Kapljice kisika 3+1 gratis"},{"@type":"BreadcrumbList","@id":"https:\/\/nature4me.eu\/de\/produkt\/oxymax-paket\/#breadcrumb","itemListElement":[{"@type":"ListItem","position":1,"name":"Po\u010detna stranica","item":"https:\/\/nature4me.eu\/de\/"},{"@type":"ListItem","position":2,"name":"Webshop","item":"https:\/\/nature4me.eu\/de\/shop\/"},{"@type":"ListItem","position":3,"name":"OxyMax (3+1 gratis)"}]},{"@type":"WebSite","@id":"https:\/\/nature4me.eu\/de\/#website","url":"https:\/\/nature4me.eu\/de\/","name":"CaliVita Nature4me","description":"CaliVita Nature4me","potentialAction":[{"@type":"SearchAction","target":{"@type":"EntryPoint","urlTemplate":"https:\/\/nature4me.eu\/de\/?s={search_term_string}"},"query-input":{"@type":"PropertyValueSpecification","valueRequired":true,"valueName":"search_term_string"}}],"inLanguage":"de"}]}},"_links":{"self":[{"href":"https:\/\/nature4me.eu\/de\/wp-json\/wp\/v2\/product\/7051","targetHints":{"allow":["GET"]}}],"collection":[{"href":"https:\/\/nature4me.eu\/de\/wp-json\/wp\/v2\/product"}],"about":[{"href":"https:\/\/nature4me.eu\/de\/wp-json\/wp\/v2\/types\/product"}],"replies":[{"embeddable":true,"href":"https:\/\/nature4me.eu\/de\/wp-json\/wp\/v2\/comments?post=7051"}],"wp:featuredmedia":[{"embeddable":true,"href":"https:\/\/nature4me.eu\/de\/wp-json\/wp\/v2\/media\/7726"}],"wp:attachment":[{"href":"https:\/\/nature4me.eu\/de\/wp-json\/wp\/v2\/media?parent=7051"}],"wp:term":[{"taxonomy":"product_brand","embeddable":true,"href":"https:\/\/nature4me.eu\/de\/wp-json\/wp\/v2\/product_brand?post=7051"},{"taxonomy":"product_cat","embeddable":true,"href":"https:\/\/nature4me.eu\/de\/wp-json\/wp\/v2\/product_cat?post=7051"},{"taxonomy":"product_tag","embeddable":true,"href":"https:\/\/nature4me.eu\/de\/wp-json\/wp\/v2\/product_tag?post=7051"}],"curies":[{"name":"wp","href":"https:\/\/api.w.org\/{rel}","templated":true}]}}