{"id":7073,"date":"2022-10-06T08:23:15","date_gmt":"2022-10-06T06:23:16","guid":{"rendered":"https:\/\/nature4me.eu\/?post_type=product&#038;p=7073"},"modified":"2023-02-21T19:17:21","modified_gmt":"2023-02-21T17:17:21","slug":"low-deuterium-oxy-crystal","status":"publish","type":"product","link":"https:\/\/nature4me.eu\/de\/produkt\/low-deuterium-oxy-crystal\/","title":{"rendered":"Low Deuterium Oxy Crystal\u00ae (50 ml)"},"content":{"rendered":"<div id=\"product-long-decs\">\n<p>Ges\u00e4ubertes Wasser mit gesenktem Deuteriumgehalt und mit stabilisiertem Sauerstoff angereichertes Wasser.\n<\/ul>\n<p>&nbsp;<\/p>\n<\/div>\n<p><!-- Product Specification --><\/p>\n<table class=\"product_details_body\" border=\"0\" width=\"500\" cellspacing=\"0\" align=\"center\" bgcolor=\"#7CDB8B\">\n<tbody>\n<tr bgcolor=\"\">\n<td height=\"20\"><u>Aktive Wirkstoffe:<\/u><\/td>\n<td width=\"100\"><span class=\"pvdecla\">(View Declaration)<\/span><\/td>\n<td width=\"70\"><span class=\"pd-rda\">*RDA:<\/span><\/td>\n<\/tr>\n<tr>\n<td>Ges\u00e4ubertes Wasser mit gesenktem Deuteriumgehalt und mit stabilisiertem Sauerstoff angereichertes Wasser.<\/td>\n<td><\/td>\n<td><\/td>\n<\/tr>\n<tr>\n<td colspan=\"3\" height=\"10\"><\/td>\n<\/tr>\n<tr bgcolor=\"\">\n<td colspan=\"3\" height=\"20\"><u>Dosierung *RDA:<\/u><\/td>\n<\/tr>\n<tr>\n<td colspan=\"3\" align=\"center\" height=\"15\">10 Tropfen in ein Glas Wasser getr\u00f6pfelt t\u00e4glich dreimal.<\/td>\n<\/tr>\n<tr bgcolor=\"\">\n<td colspan=\"3\" height=\"20\"><u>Inactive ingredients, Warnings and Product Declaration:<\/u><\/td>\n<\/tr>\n<tr>\n<td colspan=\"3\" height=\"10\">Andere Zutaten:<\/td>\n<\/tr>\n<tr>\n<td colspan=\"3\" height=\"10\"><\/td>\n<\/tr>\n<\/tbody>\n<\/table>\n<p><!-- End Product Specification --><\/p>\n<p><!-- Product Declaration --><\/p>\n<div id=\"product-declaration-title\">Nahrungserg\u00e4nzungsmittel<\/div>\n<div class=\"prod-declaration\">\n<div class=\"declar-txt\">\n<p>(* RDA = Tageswert) Die empfohlenen Tagesmengen sollten nicht \u00fcberschritten werden. Das Nahrungserg\u00e4nzungsmittel ist kein Ersatz f\u00fcr eine ausgewogene und abwechslungsreiche Ern\u00e4hrung. Au\u00dferhalb der Reichweite von Kindern aufbewahren.<\/p>\n<\/div>\n<\/div>\n<p><!-- End Product Declaration --><\/p>\n","protected":false},"excerpt":{"rendered":"<p><!-- Short Details --><\/p>\n<div class=\"short-product-desc\">\n<h4>Wasserkonzentrat mit gesenktem Deuteriumgehalt.<\/h4>\n<\/div>\n<div class=\"short-product-desc-txt\"><\/div>\n<p><!-- End Short Details --><\/p>\n","protected":false},"featured_media":7077,"comment_status":"closed","ping_status":"closed","template":"","meta":{"inline_featured_image":false,"_monsterinsights_skip_tracking":false,"_monsterinsights_sitenote_active":false,"_monsterinsights_sitenote_note":"","_monsterinsights_sitenote_category":0},"product_brand":[],"product_cat":[36,163],"product_tag":[],"class_list":{"0":"post-7073","1":"product","2":"type-product","3":"status-publish","4":"has-post-thumbnail","6":"product_cat-andere-nahrungsergaenzungsmittel","7":"product_cat-vegetarier-veganer-de","9":"first","10":"instock","11":"taxable","12":"shipping-taxable","13":"purchasable","14":"product-type-simple"},"yoast_head":"<!-- This site is optimized with the Yoast SEO Premium plugin v21.9 (Yoast SEO v26.6) - https:\/\/yoast.com\/wordpress\/plugins\/seo\/ -->\n<title>Low deuterium Oxy Crystal CaliVita - Nature4me<\/title>\n<meta name=\"description\" content=\"Low deuterium Oxy crystal CaliVita Wasserkonzentrat mit gesenktem Deuteriumgehalt Online kaufen - Nature4me.\" \/>\n<meta name=\"robots\" content=\"index, follow, max-snippet:-1, max-image-preview:large, max-video-preview:-1\" \/>\n<link rel=\"canonical\" href=\"https:\/\/nature4me.eu\/de\/produkt\/low-deuterium-oxy-crystal\/\" \/>\n<meta property=\"og:locale\" content=\"de_DE\" \/>\n<meta property=\"og:type\" content=\"article\" \/>\n<meta property=\"og:title\" content=\"Sauerstofftropfen OxyMax\" \/>\n<meta property=\"og:description\" content=\"Low deuterium Oxy crystal CaliVita Wasserkonzentrat mit gesenktem Deuteriumgehalt Online kaufen - Nature4me.\" \/>\n<meta property=\"og:url\" content=\"https:\/\/nature4me.eu\/de\/produkt\/low-deuterium-oxy-crystal\/\" \/>\n<meta property=\"og:site_name\" content=\"CaliVita Nature4me\" \/>\n<meta property=\"article:publisher\" content=\"https:\/\/www.facebook.com\/zdravjeiznarave.eu\" \/>\n<meta property=\"article:modified_time\" content=\"2023-02-21T17:17:21+00:00\" \/>\n<meta property=\"og:image\" content=\"https:\/\/nature4me.eu\/wp-content\/uploads\/2016\/03\/OxyMax.jpg\" \/>\n\t<meta property=\"og:image:width\" content=\"200\" \/>\n\t<meta property=\"og:image:height\" content=\"609\" \/>\n\t<meta property=\"og:image:type\" content=\"image\/jpeg\" \/>\n<meta name=\"twitter:card\" content=\"summary_large_image\" \/>\n<meta name=\"twitter:title\" content=\"Low Deuterium Oxy Crystal\u00ae (50 ml)\" \/>\n<script type=\"application\/ld+json\" class=\"yoast-schema-graph\">{\"@context\":\"https:\/\/schema.org\",\"@graph\":[{\"@type\":\"WebPage\",\"@id\":\"https:\/\/nature4me.eu\/de\/produkt\/low-deuterium-oxy-crystal\/\",\"url\":\"https:\/\/nature4me.eu\/de\/produkt\/low-deuterium-oxy-crystal\/\",\"name\":\"Low deuterium Oxy Crystal CaliVita - Nature4me\",\"isPartOf\":{\"@id\":\"https:\/\/nature4me.eu\/de\/#website\"},\"primaryImageOfPage\":{\"@id\":\"https:\/\/nature4me.eu\/de\/produkt\/low-deuterium-oxy-crystal\/#primaryimage\"},\"image\":{\"@id\":\"https:\/\/nature4me.eu\/de\/produkt\/low-deuterium-oxy-crystal\/#primaryimage\"},\"thumbnailUrl\":\"https:\/\/nature4me.eu\/wp-content\/uploads\/2022\/10\/low-deuterium.png\",\"datePublished\":\"2022-10-06T06:23:16+00:00\",\"dateModified\":\"2023-02-21T17:17:21+00:00\",\"description\":\"Low deuterium Oxy crystal CaliVita Wasserkonzentrat mit gesenktem Deuteriumgehalt Online kaufen - Nature4me.\",\"breadcrumb\":{\"@id\":\"https:\/\/nature4me.eu\/de\/produkt\/low-deuterium-oxy-crystal\/#breadcrumb\"},\"inLanguage\":\"de\",\"potentialAction\":[{\"@type\":\"ReadAction\",\"target\":[\"https:\/\/nature4me.eu\/de\/produkt\/low-deuterium-oxy-crystal\/\"]}]},{\"@type\":\"ImageObject\",\"inLanguage\":\"de\",\"@id\":\"https:\/\/nature4me.eu\/de\/produkt\/low-deuterium-oxy-crystal\/#primaryimage\",\"url\":\"https:\/\/nature4me.eu\/wp-content\/uploads\/2022\/10\/low-deuterium.png\",\"contentUrl\":\"https:\/\/nature4me.eu\/wp-content\/uploads\/2022\/10\/low-deuterium.png\",\"width\":200,\"height\":521},{\"@type\":\"BreadcrumbList\",\"@id\":\"https:\/\/nature4me.eu\/de\/produkt\/low-deuterium-oxy-crystal\/#breadcrumb\",\"itemListElement\":[{\"@type\":\"ListItem\",\"position\":1,\"name\":\"Po\u010detna stranica\",\"item\":\"https:\/\/nature4me.eu\/de\/\"},{\"@type\":\"ListItem\",\"position\":2,\"name\":\"Webshop\",\"item\":\"https:\/\/nature4me.eu\/de\/shop\/\"},{\"@type\":\"ListItem\",\"position\":3,\"name\":\"Low Deuterium Oxy Crystal\u00ae (50 ml)\"}]},{\"@type\":\"WebSite\",\"@id\":\"https:\/\/nature4me.eu\/de\/#website\",\"url\":\"https:\/\/nature4me.eu\/de\/\",\"name\":\"CaliVita Nature4me\",\"description\":\"CaliVita Nature4me\",\"potentialAction\":[{\"@type\":\"SearchAction\",\"target\":{\"@type\":\"EntryPoint\",\"urlTemplate\":\"https:\/\/nature4me.eu\/de\/?s={search_term_string}\"},\"query-input\":{\"@type\":\"PropertyValueSpecification\",\"valueRequired\":true,\"valueName\":\"search_term_string\"}}],\"inLanguage\":\"de\"}]}<\/script>\n<!-- \/ Yoast SEO Premium plugin. -->","yoast_head_json":{"title":"Low deuterium Oxy Crystal CaliVita - Nature4me","description":"Low deuterium Oxy crystal CaliVita Wasserkonzentrat mit gesenktem Deuteriumgehalt Online kaufen - Nature4me.","robots":{"index":"index","follow":"follow","max-snippet":"max-snippet:-1","max-image-preview":"max-image-preview:large","max-video-preview":"max-video-preview:-1"},"canonical":"https:\/\/nature4me.eu\/de\/produkt\/low-deuterium-oxy-crystal\/","og_locale":"de_DE","og_type":"article","og_title":"Sauerstofftropfen OxyMax","og_description":"Low deuterium Oxy crystal CaliVita Wasserkonzentrat mit gesenktem Deuteriumgehalt Online kaufen - Nature4me.","og_url":"https:\/\/nature4me.eu\/de\/produkt\/low-deuterium-oxy-crystal\/","og_site_name":"CaliVita Nature4me","article_publisher":"https:\/\/www.facebook.com\/zdravjeiznarave.eu","article_modified_time":"2023-02-21T17:17:21+00:00","og_image":[{"width":200,"height":609,"url":"https:\/\/nature4me.eu\/wp-content\/uploads\/2016\/03\/OxyMax.jpg","type":"image\/jpeg"}],"twitter_card":"summary_large_image","twitter_title":"Low Deuterium Oxy Crystal\u00ae (50 ml)","schema":{"@context":"https:\/\/schema.org","@graph":[{"@type":"WebPage","@id":"https:\/\/nature4me.eu\/de\/produkt\/low-deuterium-oxy-crystal\/","url":"https:\/\/nature4me.eu\/de\/produkt\/low-deuterium-oxy-crystal\/","name":"Low deuterium Oxy Crystal CaliVita - Nature4me","isPartOf":{"@id":"https:\/\/nature4me.eu\/de\/#website"},"primaryImageOfPage":{"@id":"https:\/\/nature4me.eu\/de\/produkt\/low-deuterium-oxy-crystal\/#primaryimage"},"image":{"@id":"https:\/\/nature4me.eu\/de\/produkt\/low-deuterium-oxy-crystal\/#primaryimage"},"thumbnailUrl":"https:\/\/nature4me.eu\/wp-content\/uploads\/2022\/10\/low-deuterium.png","datePublished":"2022-10-06T06:23:16+00:00","dateModified":"2023-02-21T17:17:21+00:00","description":"Low deuterium Oxy crystal CaliVita Wasserkonzentrat mit gesenktem Deuteriumgehalt Online kaufen - Nature4me.","breadcrumb":{"@id":"https:\/\/nature4me.eu\/de\/produkt\/low-deuterium-oxy-crystal\/#breadcrumb"},"inLanguage":"de","potentialAction":[{"@type":"ReadAction","target":["https:\/\/nature4me.eu\/de\/produkt\/low-deuterium-oxy-crystal\/"]}]},{"@type":"ImageObject","inLanguage":"de","@id":"https:\/\/nature4me.eu\/de\/produkt\/low-deuterium-oxy-crystal\/#primaryimage","url":"https:\/\/nature4me.eu\/wp-content\/uploads\/2022\/10\/low-deuterium.png","contentUrl":"https:\/\/nature4me.eu\/wp-content\/uploads\/2022\/10\/low-deuterium.png","width":200,"height":521},{"@type":"BreadcrumbList","@id":"https:\/\/nature4me.eu\/de\/produkt\/low-deuterium-oxy-crystal\/#breadcrumb","itemListElement":[{"@type":"ListItem","position":1,"name":"Po\u010detna stranica","item":"https:\/\/nature4me.eu\/de\/"},{"@type":"ListItem","position":2,"name":"Webshop","item":"https:\/\/nature4me.eu\/de\/shop\/"},{"@type":"ListItem","position":3,"name":"Low Deuterium Oxy Crystal\u00ae (50 ml)"}]},{"@type":"WebSite","@id":"https:\/\/nature4me.eu\/de\/#website","url":"https:\/\/nature4me.eu\/de\/","name":"CaliVita Nature4me","description":"CaliVita Nature4me","potentialAction":[{"@type":"SearchAction","target":{"@type":"EntryPoint","urlTemplate":"https:\/\/nature4me.eu\/de\/?s={search_term_string}"},"query-input":{"@type":"PropertyValueSpecification","valueRequired":true,"valueName":"search_term_string"}}],"inLanguage":"de"}]}},"_links":{"self":[{"href":"https:\/\/nature4me.eu\/de\/wp-json\/wp\/v2\/product\/7073","targetHints":{"allow":["GET"]}}],"collection":[{"href":"https:\/\/nature4me.eu\/de\/wp-json\/wp\/v2\/product"}],"about":[{"href":"https:\/\/nature4me.eu\/de\/wp-json\/wp\/v2\/types\/product"}],"replies":[{"embeddable":true,"href":"https:\/\/nature4me.eu\/de\/wp-json\/wp\/v2\/comments?post=7073"}],"wp:featuredmedia":[{"embeddable":true,"href":"https:\/\/nature4me.eu\/de\/wp-json\/wp\/v2\/media\/7077"}],"wp:attachment":[{"href":"https:\/\/nature4me.eu\/de\/wp-json\/wp\/v2\/media?parent=7073"}],"wp:term":[{"taxonomy":"product_brand","embeddable":true,"href":"https:\/\/nature4me.eu\/de\/wp-json\/wp\/v2\/product_brand?post=7073"},{"taxonomy":"product_cat","embeddable":true,"href":"https:\/\/nature4me.eu\/de\/wp-json\/wp\/v2\/product_cat?post=7073"},{"taxonomy":"product_tag","embeddable":true,"href":"https:\/\/nature4me.eu\/de\/wp-json\/wp\/v2\/product_tag?post=7073"}],"curies":[{"name":"wp","href":"https:\/\/api.w.org\/{rel}","templated":true}]}}