{"id":7748,"date":"2023-01-17T09:39:53","date_gmt":"2023-01-17T07:39:54","guid":{"rendered":"https:\/\/nature4me.eu\/?post_type=product&#038;p=7748"},"modified":"2023-02-21T19:17:20","modified_gmt":"2023-02-21T17:17:20","slug":"liquid-c-bioflavonoids-aktion","status":"publish","type":"product","link":"https:\/\/nature4me.eu\/de\/produkt\/liquid-c-bioflavonoids-aktion\/","title":{"rendered":"Liquid C+ Bioflavonoids 3+1 gratis"},"content":{"rendered":"<div id=\"product-long-decs\">\n<p>Das Liquid C ist ein Vitamin C ohne k\u00fcnstliche Farbstoffe, Zucker, mit Bioflavonoiden und Hagebutte, ges\u00fc\u00dft mit Bioagave-Nektar, f\u00fcr diejenigen, die sich nicht nur einen komplexen antioxidativen Schutz w\u00fcnschen, sondern auch die fl\u00fcssigen Nahrungserg\u00e4nzungsmittel bevorzugen.<\/p>\n<h4>Wem und wozu empfehlen wir es:<\/h4>\n<ul>\n<li><span lang=\"de-DE\">Da es einfach geschluckt werden kann, ist es f\u00fcr \u00e4ltere Menschen, werdende M\u00fctter, Kinder und diejenigen zu empfehlen, die beim Schlucken Probleme haben, zur D<\/span><span lang=\"de-DE\">eckung des Vitamin C-Bedarfs,<\/span><\/li>\n<li>Denen, die f\u00fcr Infektionen anf\u00e4llig sind, zur Verst\u00e4rkung des Immunsystems,<\/li>\n<li>In den k\u00e4lteren Wintermonaten f\u00fcr alle zum erh\u00f6hten Schutz des Immunsystems,<\/li>\n<li>aktiven oder passiven Rauchern, Einwohnern der Siedlungen, wo die Luft verschmutzt ist,<\/li>\n<li>denjenigen, die regelm\u00e4\u00dfig Alkohol konsumieren.<\/li>\n<\/ul>\n<\/div>\n<p>KoagKag approval number: 4340-0119-0366<br \/>\n<!-- Product Specification --><\/p>\n<table class=\"product_details_body\" border=\"0\" width=\"500\" cellspacing=\"0\" align=\"center\" bgcolor=\"#7CDB8B\">\n<tbody>\n<tr bgcolor=>\n<td height=\"20\"><u>Wirkstoffe 2.5 ml:<\/u><\/td>\n<td width=\"100\"><span class=\"pvdecla\">(View Declaration)<\/span><\/td>\n<td width=\"70\"><span class=\"pd-rda\">*RDA:<\/span><\/td>\n<\/tr>\n<tr>\n<td>Vitamin C<\/td>\n<td>166.7 mg<\/td>\n<td>278%<\/td>\n<\/tr>\n<tr>\n<td>Zitrus Bioflavonoide<\/td>\n<td>166.7 mg<\/td>\n<td><\/td>\n<\/tr>\n<tr>\n<td>Hagebutte Pulver<\/td>\n<td>166.7 mg<\/td>\n<td><\/td>\n<\/tr>\n<tr>\n<td>Rutin<\/td>\n<td>5.5 mg<\/td>\n<td><\/td>\n<\/tr>\n<tr>\n<td>Hesperedin<\/td>\n<td>5.5 mg<\/td>\n<td><\/td>\n<\/tr>\n<tr>\n<td>Acerola Pulwer<\/td>\n<td>2.8 mg<\/td>\n<td><\/td>\n<\/tr>\n<tr>\n<td colspan=\"3\" height=\"10\"><\/td>\n<\/tr>\n<tr bgcolor=>\n<td colspan=\"3\" height=\"20\"><u>Dosierung *RDA:<\/u><\/td>\n<\/tr>\n<tr>\n<td colspan=\"3\" align=\"center\" height=\"15\">Ein halber Teel\u00f6ffel, 2.5 ml, t\u00e4glich<\/td>\n<\/tr>\n<tr bgcolor=>\n<td colspan=\"3\" height=\"20\"><u>Inaktive Inhaltsstoffe, Warnungen und Produktdeklarationen:<\/u><\/td>\n<\/tr>\n<tr>\n<td colspan=\"3\" height=\"10\">Andere Zutaten:<\/td>\n<\/tr>\n<tr>\n<td colspan=\"3\" height=\"10\"><\/td>\n<\/tr>\n<\/tbody>\n<\/table>\n<p><!-- End Product Specification --><\/p>\n<p><!-- Product Declaration --><\/p>\n<div id=\"product-declaration-title\">Nahrungserg\u00e4nzungsmittel<\/div>\n<div class=\"prod-declaration\">\n<div class=\"declar-txt\">\n<p>(* RDA = Tageswert) Die empfohlenen Tagesmengen sollten nicht \u00fcberschritten werden. Das Nahrungserg\u00e4nzungsmittel ist kein Ersatz f\u00fcr eine ausgewogene und abwechslungsreiche Ern\u00e4hrung. Au\u00dferhalb der Reichweite von Kindern aufbewahren.<\/p>\n<\/div>\n<\/div>\n<p><!-- End Product Declaration --><\/p>\n","protected":false},"excerpt":{"rendered":"<p><!-- Short Details --><\/p>\n<div class=\"short-product-desc\">\n<h4 class=\"details_name\">Fl\u00fcssiges Vitamin C<\/h4>\n<\/div>\n","protected":false},"featured_media":7752,"comment_status":"closed","ping_status":"closed","template":"","meta":{"inline_featured_image":false,"_monsterinsights_skip_tracking":false,"_monsterinsights_sitenote_active":false,"_monsterinsights_sitenote_note":"","_monsterinsights_sitenote_category":0},"product_brand":[],"product_cat":[164,154,163,166],"product_tag":[],"class_list":{"0":"post-7748","1":"product","2":"type-product","3":"status-publish","4":"has-post-thumbnail","6":"product_cat-immunsystem-staerken-de","7":"product_cat-sale-de","8":"product_cat-vegetarier-veganer-de","9":"product_cat-vitamine-de","11":"first","12":"outofstock","13":"sale","14":"taxable","15":"shipping-taxable","16":"purchasable","17":"product-type-simple"},"yoast_head":"<!-- This site is optimized with the Yoast SEO Premium plugin v21.9 (Yoast SEO v26.6) - https:\/\/yoast.com\/wordpress\/plugins\/seo\/ -->\n<title>Fl\u00fcssiges Vitamin C Calivita AKTION - Nature4Me<\/title>\n<meta name=\"description\" content=\"Das Fl\u00fcssiges C 3+1 AKTION ist ein Vitamin C ohne k\u00fcnstliche Farbstoffe, Zucker, mit Bioflavonoiden und Hagebutte. Vegan Freundlich.\" \/>\n<meta name=\"robots\" content=\"index, follow, max-snippet:-1, max-image-preview:large, max-video-preview:-1\" \/>\n<link rel=\"canonical\" href=\"https:\/\/nature4me.eu\/de\/produkt\/liquid-c-bioflavonoids-aktion\/\" \/>\n<meta property=\"og:locale\" content=\"de_DE\" \/>\n<meta property=\"og:type\" content=\"article\" \/>\n<meta property=\"og:title\" content=\"Fl\u00fcssiges Vitamin C Calivita\" \/>\n<meta property=\"og:description\" content=\"Das Fl\u00fcssiges C 3+1 AKTION ist ein Vitamin C ohne k\u00fcnstliche Farbstoffe, Zucker, mit Bioflavonoiden und Hagebutte. Vegan Freundlich.\" \/>\n<meta property=\"og:url\" content=\"https:\/\/nature4me.eu\/de\/produkt\/liquid-c-bioflavonoids-aktion\/\" \/>\n<meta property=\"og:site_name\" content=\"CaliVita Nature4me\" \/>\n<meta property=\"article:publisher\" content=\"https:\/\/www.facebook.com\/zdravjeiznarave.eu\" \/>\n<meta property=\"article:modified_time\" content=\"2023-02-21T17:17:20+00:00\" \/>\n<meta property=\"og:image\" content=\"https:\/\/nature4me.eu\/wp-content\/uploads\/2016\/02\/Liquid-C-vitamin.jpg\" \/>\n\t<meta property=\"og:image:width\" content=\"200\" \/>\n\t<meta property=\"og:image:height\" content=\"470\" \/>\n\t<meta property=\"og:image:type\" content=\"image\/jpeg\" \/>\n<meta name=\"twitter:card\" content=\"summary_large_image\" \/>\n<meta name=\"twitter:title\" content=\"Liquid C+ Bioflavonoids 3+1 gratis\" \/>\n<meta name=\"twitter:label1\" content=\"Gesch\u00e4tzte Lesezeit\" \/>\n\t<meta name=\"twitter:data1\" content=\"1\u00a0Minute\" \/>\n<script type=\"application\/ld+json\" class=\"yoast-schema-graph\">{\"@context\":\"https:\/\/schema.org\",\"@graph\":[{\"@type\":\"WebPage\",\"@id\":\"https:\/\/nature4me.eu\/de\/produkt\/liquid-c-bioflavonoids-aktion\/\",\"url\":\"https:\/\/nature4me.eu\/de\/produkt\/liquid-c-bioflavonoids-aktion\/\",\"name\":\"Fl\u00fcssiges Vitamin C Calivita AKTION - Nature4Me\",\"isPartOf\":{\"@id\":\"https:\/\/nature4me.eu\/de\/#website\"},\"primaryImageOfPage\":{\"@id\":\"https:\/\/nature4me.eu\/de\/produkt\/liquid-c-bioflavonoids-aktion\/#primaryimage\"},\"image\":{\"@id\":\"https:\/\/nature4me.eu\/de\/produkt\/liquid-c-bioflavonoids-aktion\/#primaryimage\"},\"thumbnailUrl\":\"https:\/\/nature4me.eu\/wp-content\/uploads\/2023\/01\/Liquid-C-31.png\",\"datePublished\":\"2023-01-17T07:39:54+00:00\",\"dateModified\":\"2023-02-21T17:17:20+00:00\",\"description\":\"Das Fl\u00fcssiges C 3+1 AKTION ist ein Vitamin C ohne k\u00fcnstliche Farbstoffe, Zucker, mit Bioflavonoiden und Hagebutte. Vegan Freundlich.\",\"breadcrumb\":{\"@id\":\"https:\/\/nature4me.eu\/de\/produkt\/liquid-c-bioflavonoids-aktion\/#breadcrumb\"},\"inLanguage\":\"de\",\"potentialAction\":[{\"@type\":\"ReadAction\",\"target\":[\"https:\/\/nature4me.eu\/de\/produkt\/liquid-c-bioflavonoids-aktion\/\"]}]},{\"@type\":\"ImageObject\",\"inLanguage\":\"de\",\"@id\":\"https:\/\/nature4me.eu\/de\/produkt\/liquid-c-bioflavonoids-aktion\/#primaryimage\",\"url\":\"https:\/\/nature4me.eu\/wp-content\/uploads\/2023\/01\/Liquid-C-31.png\",\"contentUrl\":\"https:\/\/nature4me.eu\/wp-content\/uploads\/2023\/01\/Liquid-C-31.png\",\"width\":300,\"height\":250,\"caption\":\"AKCIJA teko\u010di vitamin c\"},{\"@type\":\"BreadcrumbList\",\"@id\":\"https:\/\/nature4me.eu\/de\/produkt\/liquid-c-bioflavonoids-aktion\/#breadcrumb\",\"itemListElement\":[{\"@type\":\"ListItem\",\"position\":1,\"name\":\"Po\u010detna stranica\",\"item\":\"https:\/\/nature4me.eu\/de\/\"},{\"@type\":\"ListItem\",\"position\":2,\"name\":\"Webshop\",\"item\":\"https:\/\/nature4me.eu\/de\/shop\/\"},{\"@type\":\"ListItem\",\"position\":3,\"name\":\"Liquid C+ Bioflavonoids 3+1 gratis\"}]},{\"@type\":\"WebSite\",\"@id\":\"https:\/\/nature4me.eu\/de\/#website\",\"url\":\"https:\/\/nature4me.eu\/de\/\",\"name\":\"CaliVita Nature4me\",\"description\":\"CaliVita Nature4me\",\"potentialAction\":[{\"@type\":\"SearchAction\",\"target\":{\"@type\":\"EntryPoint\",\"urlTemplate\":\"https:\/\/nature4me.eu\/de\/?s={search_term_string}\"},\"query-input\":{\"@type\":\"PropertyValueSpecification\",\"valueRequired\":true,\"valueName\":\"search_term_string\"}}],\"inLanguage\":\"de\"}]}<\/script>\n<!-- \/ Yoast SEO Premium plugin. -->","yoast_head_json":{"title":"Fl\u00fcssiges Vitamin C Calivita AKTION - Nature4Me","description":"Das Fl\u00fcssiges C 3+1 AKTION ist ein Vitamin C ohne k\u00fcnstliche Farbstoffe, Zucker, mit Bioflavonoiden und Hagebutte. Vegan Freundlich.","robots":{"index":"index","follow":"follow","max-snippet":"max-snippet:-1","max-image-preview":"max-image-preview:large","max-video-preview":"max-video-preview:-1"},"canonical":"https:\/\/nature4me.eu\/de\/produkt\/liquid-c-bioflavonoids-aktion\/","og_locale":"de_DE","og_type":"article","og_title":"Fl\u00fcssiges Vitamin C Calivita","og_description":"Das Fl\u00fcssiges C 3+1 AKTION ist ein Vitamin C ohne k\u00fcnstliche Farbstoffe, Zucker, mit Bioflavonoiden und Hagebutte. Vegan Freundlich.","og_url":"https:\/\/nature4me.eu\/de\/produkt\/liquid-c-bioflavonoids-aktion\/","og_site_name":"CaliVita Nature4me","article_publisher":"https:\/\/www.facebook.com\/zdravjeiznarave.eu","article_modified_time":"2023-02-21T17:17:20+00:00","og_image":[{"width":200,"height":470,"url":"https:\/\/nature4me.eu\/wp-content\/uploads\/2016\/02\/Liquid-C-vitamin.jpg","type":"image\/jpeg"}],"twitter_card":"summary_large_image","twitter_title":"Liquid C+ Bioflavonoids 3+1 gratis","twitter_misc":{"Gesch\u00e4tzte Lesezeit":"1\u00a0Minute"},"schema":{"@context":"https:\/\/schema.org","@graph":[{"@type":"WebPage","@id":"https:\/\/nature4me.eu\/de\/produkt\/liquid-c-bioflavonoids-aktion\/","url":"https:\/\/nature4me.eu\/de\/produkt\/liquid-c-bioflavonoids-aktion\/","name":"Fl\u00fcssiges Vitamin C Calivita AKTION - Nature4Me","isPartOf":{"@id":"https:\/\/nature4me.eu\/de\/#website"},"primaryImageOfPage":{"@id":"https:\/\/nature4me.eu\/de\/produkt\/liquid-c-bioflavonoids-aktion\/#primaryimage"},"image":{"@id":"https:\/\/nature4me.eu\/de\/produkt\/liquid-c-bioflavonoids-aktion\/#primaryimage"},"thumbnailUrl":"https:\/\/nature4me.eu\/wp-content\/uploads\/2023\/01\/Liquid-C-31.png","datePublished":"2023-01-17T07:39:54+00:00","dateModified":"2023-02-21T17:17:20+00:00","description":"Das Fl\u00fcssiges C 3+1 AKTION ist ein Vitamin C ohne k\u00fcnstliche Farbstoffe, Zucker, mit Bioflavonoiden und Hagebutte. Vegan Freundlich.","breadcrumb":{"@id":"https:\/\/nature4me.eu\/de\/produkt\/liquid-c-bioflavonoids-aktion\/#breadcrumb"},"inLanguage":"de","potentialAction":[{"@type":"ReadAction","target":["https:\/\/nature4me.eu\/de\/produkt\/liquid-c-bioflavonoids-aktion\/"]}]},{"@type":"ImageObject","inLanguage":"de","@id":"https:\/\/nature4me.eu\/de\/produkt\/liquid-c-bioflavonoids-aktion\/#primaryimage","url":"https:\/\/nature4me.eu\/wp-content\/uploads\/2023\/01\/Liquid-C-31.png","contentUrl":"https:\/\/nature4me.eu\/wp-content\/uploads\/2023\/01\/Liquid-C-31.png","width":300,"height":250,"caption":"AKCIJA teko\u010di vitamin c"},{"@type":"BreadcrumbList","@id":"https:\/\/nature4me.eu\/de\/produkt\/liquid-c-bioflavonoids-aktion\/#breadcrumb","itemListElement":[{"@type":"ListItem","position":1,"name":"Po\u010detna stranica","item":"https:\/\/nature4me.eu\/de\/"},{"@type":"ListItem","position":2,"name":"Webshop","item":"https:\/\/nature4me.eu\/de\/shop\/"},{"@type":"ListItem","position":3,"name":"Liquid C+ Bioflavonoids 3+1 gratis"}]},{"@type":"WebSite","@id":"https:\/\/nature4me.eu\/de\/#website","url":"https:\/\/nature4me.eu\/de\/","name":"CaliVita Nature4me","description":"CaliVita Nature4me","potentialAction":[{"@type":"SearchAction","target":{"@type":"EntryPoint","urlTemplate":"https:\/\/nature4me.eu\/de\/?s={search_term_string}"},"query-input":{"@type":"PropertyValueSpecification","valueRequired":true,"valueName":"search_term_string"}}],"inLanguage":"de"}]}},"_links":{"self":[{"href":"https:\/\/nature4me.eu\/de\/wp-json\/wp\/v2\/product\/7748","targetHints":{"allow":["GET"]}}],"collection":[{"href":"https:\/\/nature4me.eu\/de\/wp-json\/wp\/v2\/product"}],"about":[{"href":"https:\/\/nature4me.eu\/de\/wp-json\/wp\/v2\/types\/product"}],"replies":[{"embeddable":true,"href":"https:\/\/nature4me.eu\/de\/wp-json\/wp\/v2\/comments?post=7748"}],"wp:featuredmedia":[{"embeddable":true,"href":"https:\/\/nature4me.eu\/de\/wp-json\/wp\/v2\/media\/7752"}],"wp:attachment":[{"href":"https:\/\/nature4me.eu\/de\/wp-json\/wp\/v2\/media?parent=7748"}],"wp:term":[{"taxonomy":"product_brand","embeddable":true,"href":"https:\/\/nature4me.eu\/de\/wp-json\/wp\/v2\/product_brand?post=7748"},{"taxonomy":"product_cat","embeddable":true,"href":"https:\/\/nature4me.eu\/de\/wp-json\/wp\/v2\/product_cat?post=7748"},{"taxonomy":"product_tag","embeddable":true,"href":"https:\/\/nature4me.eu\/de\/wp-json\/wp\/v2\/product_tag?post=7748"}],"curies":[{"name":"wp","href":"https:\/\/api.w.org\/{rel}","templated":true}]}}