{"id":8867,"date":"2024-12-15T20:38:57","date_gmt":"2024-12-15T18:38:58","guid":{"rendered":"https:\/\/nature4me.eu\/?post_type=product&#038;p=8867"},"modified":"2024-12-15T21:26:50","modified_gmt":"2024-12-15T19:26:50","slug":"liver-detox","status":"publish","type":"product","link":"https:\/\/nature4me.eu\/de\/produkt\/liver-detox\/","title":{"rendered":"Liver Detox (60 Kapseln)"},"content":{"rendered":"<div id=\"product-long-decs\">\n<\/ul>\n<\/div>\n<p><!-- Product Specification --><\/p>\n<div id=\"wmark\">\n<div class=\"wmark-bckg\">nature4me.eu<\/div>\n<\/div>\n<table width=\"500\" border=\"0\" align=\"center\" cellspacing=\"0\" bgcolor=\"#7CDB8B\" class=\"product_details_body\">\n<tr bgcolor=>\n<td height=\"20\"><u>Wirkstoffe Tablette\/Kapsel:<\/u><\/td>\n<td width=\"100\"><span class=\"pvdecla\">(View Declaration)<\/span><\/td>\n<td width=\"70\"><span class=\"pd-rda\">*RDA:<\/span><\/td>\n<\/tr>\n<tr>\n<td>Vitamin C<\/td>\n<td>120 mg<\/td>\n<td>150%<\/td>\n<\/tr>\n<tr>\n<td height=\"10\" colspan=\"3\"><\/td>\n<\/tr>\n<tr bgcolor=>\n<td height=\"20\" colspan=\"3\"><u>Dosierung *RDA:<\/u><\/td>\n<\/tr>\n<tr>\n<td height=\"15\" colspan=\"3\" align=\"center\">3 Kapseln t\u00e4glich.<\/td>\n<\/tr>\n<tr bgcolor=>\n<td height=\"20\" colspan=\"3\"><u>Inaktive Inhaltsstoffe, Warnungen und Produktdeklarationen:<\/u><\/td>\n<\/tr>\n<tr>\n<td height=\"10\" colspan=\"3\">Andere Zutaten<\/td>\n<\/tr>\n<tr>\n<td height=\"10\" colspan=\"3\"><\/td>\n<\/tr>\n<\/table>\n<p><!-- End Product Specification --><\/p>\n<p><!-- Product Declaration --><\/p>\n<div id=\"product-declaration-title\">Nahrungserg\u00e4nzungsmittel<\/div>\n<div class=\"prod-declaration\">\n<div class=\"declar-txt\">\n<p>(* RDA = Tageswert) Die empfohlenen Tagesmengen sollten nicht \u00fcberschritten werden. Das Nahrungserg\u00e4nzungsmittel ist kein Ersatz f\u00fcr eine ausgewogene und abwechslungsreiche Ern\u00e4hrung. Au\u00dferhalb der Reichweite von Kindern aufbewahren.<\/p>\n<\/div>\n<\/div>\n<p><!-- End Product Declaration --><\/p>\n","protected":false},"excerpt":{"rendered":"<p><!-- Short Details --><\/p>\n<div class=\"short-product-desc\">\n<h2><\/h2>\n<\/div>\n<div class=\"short-product-desc-txt\"><\/div>\n<p><!-- End Short Details --><\/p>\n","protected":false},"featured_media":8872,"comment_status":"closed","ping_status":"closed","template":"","meta":{"inline_featured_image":false,"_monsterinsights_skip_tracking":false,"_monsterinsights_sitenote_active":false,"_monsterinsights_sitenote_note":"","_monsterinsights_sitenote_category":0},"product_brand":[],"product_cat":[157],"product_tag":[],"class_list":{"0":"post-8867","1":"product","2":"type-product","3":"status-publish","4":"has-post-thumbnail","6":"product_cat-pflanzenextrakte-de","8":"first","9":"instock","10":"taxable","11":"shipping-taxable","12":"purchasable","13":"product-type-simple"},"yoast_head":"<!-- This site is optimized with the Yoast SEO Premium plugin v21.9 (Yoast SEO v26.6) - https:\/\/yoast.com\/wordpress\/plugins\/seo\/ -->\n<title>Liver Detox Calivita - Nature4Me<\/title>\n<meta name=\"description\" content=\"Liver Detox\" \/>\n<meta name=\"robots\" content=\"index, follow, max-snippet:-1, max-image-preview:large, max-video-preview:-1\" \/>\n<link rel=\"canonical\" href=\"https:\/\/nature4me.eu\/de\/produkt\/liver-detox\/\" \/>\n<meta property=\"og:locale\" content=\"de_DE\" \/>\n<meta property=\"og:type\" content=\"article\" \/>\n<meta property=\"og:title\" content=\"Liver Detox (60 Kapseln)\" \/>\n<meta property=\"og:description\" content=\"Liver Detox\" \/>\n<meta property=\"og:url\" content=\"https:\/\/nature4me.eu\/de\/produkt\/liver-detox\/\" \/>\n<meta property=\"og:site_name\" content=\"CaliVita Nature4me\" \/>\n<meta property=\"article:publisher\" content=\"https:\/\/www.facebook.com\/zdravjeiznarave.eu\" \/>\n<meta property=\"article:modified_time\" content=\"2024-12-15T19:26:50+00:00\" \/>\n<meta property=\"og:image\" content=\"https:\/\/nature4me.eu\/wp-content\/uploads\/2024\/12\/Liver-Detox.png\" \/>\n\t<meta property=\"og:image:width\" content=\"330\" \/>\n\t<meta property=\"og:image:height\" content=\"600\" \/>\n\t<meta property=\"og:image:type\" content=\"image\/png\" \/>\n<meta name=\"twitter:card\" content=\"summary_large_image\" \/>\n<script type=\"application\/ld+json\" class=\"yoast-schema-graph\">{\"@context\":\"https:\/\/schema.org\",\"@graph\":[{\"@type\":\"WebPage\",\"@id\":\"https:\/\/nature4me.eu\/de\/produkt\/liver-detox\/\",\"url\":\"https:\/\/nature4me.eu\/de\/produkt\/liver-detox\/\",\"name\":\"Liver Detox Calivita - Nature4Me\",\"isPartOf\":{\"@id\":\"https:\/\/nature4me.eu\/de\/#website\"},\"primaryImageOfPage\":{\"@id\":\"https:\/\/nature4me.eu\/de\/produkt\/liver-detox\/#primaryimage\"},\"image\":{\"@id\":\"https:\/\/nature4me.eu\/de\/produkt\/liver-detox\/#primaryimage\"},\"thumbnailUrl\":\"https:\/\/nature4me.eu\/wp-content\/uploads\/2024\/12\/Liver-Detox.png\",\"datePublished\":\"2024-12-15T18:38:58+00:00\",\"dateModified\":\"2024-12-15T19:26:50+00:00\",\"description\":\"Liver Detox\",\"breadcrumb\":{\"@id\":\"https:\/\/nature4me.eu\/de\/produkt\/liver-detox\/#breadcrumb\"},\"inLanguage\":\"de\",\"potentialAction\":[{\"@type\":\"ReadAction\",\"target\":[\"https:\/\/nature4me.eu\/de\/produkt\/liver-detox\/\"]}]},{\"@type\":\"ImageObject\",\"inLanguage\":\"de\",\"@id\":\"https:\/\/nature4me.eu\/de\/produkt\/liver-detox\/#primaryimage\",\"url\":\"https:\/\/nature4me.eu\/wp-content\/uploads\/2024\/12\/Liver-Detox.png\",\"contentUrl\":\"https:\/\/nature4me.eu\/wp-content\/uploads\/2024\/12\/Liver-Detox.png\",\"width\":330,\"height\":600,\"caption\":\"za\u0161\u010dita jeter\"},{\"@type\":\"BreadcrumbList\",\"@id\":\"https:\/\/nature4me.eu\/de\/produkt\/liver-detox\/#breadcrumb\",\"itemListElement\":[{\"@type\":\"ListItem\",\"position\":1,\"name\":\"Po\u010detna stranica\",\"item\":\"https:\/\/nature4me.eu\/de\/\"},{\"@type\":\"ListItem\",\"position\":2,\"name\":\"Webshop\",\"item\":\"https:\/\/nature4me.eu\/de\/shop\/\"},{\"@type\":\"ListItem\",\"position\":3,\"name\":\"Liver Detox (60 Kapseln)\"}]},{\"@type\":\"WebSite\",\"@id\":\"https:\/\/nature4me.eu\/de\/#website\",\"url\":\"https:\/\/nature4me.eu\/de\/\",\"name\":\"CaliVita Nature4me\",\"description\":\"CaliVita Nature4me\",\"potentialAction\":[{\"@type\":\"SearchAction\",\"target\":{\"@type\":\"EntryPoint\",\"urlTemplate\":\"https:\/\/nature4me.eu\/de\/?s={search_term_string}\"},\"query-input\":{\"@type\":\"PropertyValueSpecification\",\"valueRequired\":true,\"valueName\":\"search_term_string\"}}],\"inLanguage\":\"de\"}]}<\/script>\n<!-- \/ Yoast SEO Premium plugin. -->","yoast_head_json":{"title":"Liver Detox Calivita - Nature4Me","description":"Liver Detox","robots":{"index":"index","follow":"follow","max-snippet":"max-snippet:-1","max-image-preview":"max-image-preview:large","max-video-preview":"max-video-preview:-1"},"canonical":"https:\/\/nature4me.eu\/de\/produkt\/liver-detox\/","og_locale":"de_DE","og_type":"article","og_title":"Liver Detox (60 Kapseln)","og_description":"Liver Detox","og_url":"https:\/\/nature4me.eu\/de\/produkt\/liver-detox\/","og_site_name":"CaliVita Nature4me","article_publisher":"https:\/\/www.facebook.com\/zdravjeiznarave.eu","article_modified_time":"2024-12-15T19:26:50+00:00","og_image":[{"width":330,"height":600,"url":"https:\/\/nature4me.eu\/wp-content\/uploads\/2024\/12\/Liver-Detox.png","type":"image\/png"}],"twitter_card":"summary_large_image","schema":{"@context":"https:\/\/schema.org","@graph":[{"@type":"WebPage","@id":"https:\/\/nature4me.eu\/de\/produkt\/liver-detox\/","url":"https:\/\/nature4me.eu\/de\/produkt\/liver-detox\/","name":"Liver Detox Calivita - Nature4Me","isPartOf":{"@id":"https:\/\/nature4me.eu\/de\/#website"},"primaryImageOfPage":{"@id":"https:\/\/nature4me.eu\/de\/produkt\/liver-detox\/#primaryimage"},"image":{"@id":"https:\/\/nature4me.eu\/de\/produkt\/liver-detox\/#primaryimage"},"thumbnailUrl":"https:\/\/nature4me.eu\/wp-content\/uploads\/2024\/12\/Liver-Detox.png","datePublished":"2024-12-15T18:38:58+00:00","dateModified":"2024-12-15T19:26:50+00:00","description":"Liver Detox","breadcrumb":{"@id":"https:\/\/nature4me.eu\/de\/produkt\/liver-detox\/#breadcrumb"},"inLanguage":"de","potentialAction":[{"@type":"ReadAction","target":["https:\/\/nature4me.eu\/de\/produkt\/liver-detox\/"]}]},{"@type":"ImageObject","inLanguage":"de","@id":"https:\/\/nature4me.eu\/de\/produkt\/liver-detox\/#primaryimage","url":"https:\/\/nature4me.eu\/wp-content\/uploads\/2024\/12\/Liver-Detox.png","contentUrl":"https:\/\/nature4me.eu\/wp-content\/uploads\/2024\/12\/Liver-Detox.png","width":330,"height":600,"caption":"za\u0161\u010dita jeter"},{"@type":"BreadcrumbList","@id":"https:\/\/nature4me.eu\/de\/produkt\/liver-detox\/#breadcrumb","itemListElement":[{"@type":"ListItem","position":1,"name":"Po\u010detna stranica","item":"https:\/\/nature4me.eu\/de\/"},{"@type":"ListItem","position":2,"name":"Webshop","item":"https:\/\/nature4me.eu\/de\/shop\/"},{"@type":"ListItem","position":3,"name":"Liver Detox (60 Kapseln)"}]},{"@type":"WebSite","@id":"https:\/\/nature4me.eu\/de\/#website","url":"https:\/\/nature4me.eu\/de\/","name":"CaliVita Nature4me","description":"CaliVita Nature4me","potentialAction":[{"@type":"SearchAction","target":{"@type":"EntryPoint","urlTemplate":"https:\/\/nature4me.eu\/de\/?s={search_term_string}"},"query-input":{"@type":"PropertyValueSpecification","valueRequired":true,"valueName":"search_term_string"}}],"inLanguage":"de"}]}},"_links":{"self":[{"href":"https:\/\/nature4me.eu\/de\/wp-json\/wp\/v2\/product\/8867","targetHints":{"allow":["GET"]}}],"collection":[{"href":"https:\/\/nature4me.eu\/de\/wp-json\/wp\/v2\/product"}],"about":[{"href":"https:\/\/nature4me.eu\/de\/wp-json\/wp\/v2\/types\/product"}],"replies":[{"embeddable":true,"href":"https:\/\/nature4me.eu\/de\/wp-json\/wp\/v2\/comments?post=8867"}],"wp:featuredmedia":[{"embeddable":true,"href":"https:\/\/nature4me.eu\/de\/wp-json\/wp\/v2\/media\/8872"}],"wp:attachment":[{"href":"https:\/\/nature4me.eu\/de\/wp-json\/wp\/v2\/media?parent=8867"}],"wp:term":[{"taxonomy":"product_brand","embeddable":true,"href":"https:\/\/nature4me.eu\/de\/wp-json\/wp\/v2\/product_brand?post=8867"},{"taxonomy":"product_cat","embeddable":true,"href":"https:\/\/nature4me.eu\/de\/wp-json\/wp\/v2\/product_cat?post=8867"},{"taxonomy":"product_tag","embeddable":true,"href":"https:\/\/nature4me.eu\/de\/wp-json\/wp\/v2\/product_tag?post=8867"}],"curies":[{"name":"wp","href":"https:\/\/api.w.org\/{rel}","templated":true}]}}